{"id":4680,"date":"2025-09-29T22:18:17","date_gmt":"2025-09-29T21:18:17","guid":{"rendered":"https:\/\/bcga74.fr\/accueil\/?page_id=4680"},"modified":"2025-11-07T20:24:27","modified_gmt":"2025-11-07T19:24:27","slug":"tournoi-caritatif-pour-erik","status":"publish","type":"page","link":"https:\/\/bcga74.fr\/accueil\/tournoi-caritatif-pour-erik\/","title":{"rendered":"Tournoi caritatif pour Erik"},"content":{"rendered":"\n\n\n<p><img loading=\"lazy\" decoding=\"async\" class=\"\" src=\"http:\/\/bcga74.fr\/wp-content\/uploads\/2025\/09\/tournoi-caritatif-Erik.png\" width=\"309\" height=\"437\" \/><\/p>\n<p>\u00a0<\/p>\n<p>Un tournoi caritatif <strong>homologu\u00e9 FFB<\/strong> a \u00e9t\u00e9 organis\u00e9 le <strong>Jeudi 30\/10 20h15<\/strong> sur la plateforme Realbridge pour aider la recherche et aider <strong>ERIK<\/strong>, le fils de Mariann Vegh et Balacsz Karancsi (jeunes joueurs de bridge Suisse-Hongrois, autant talentueux que sympathiques) \u00e0 combattre sa maladie ultra-rare ASNSD (<b>D\u00e9ficit en asparagine synth\u00e9tase<\/b>, cliquez sur l&rsquo;article sur <a href=\"https:\/\/bridgewinners.com\/article\/view\/erik-bridge-cup-playing-for-hope-playing-for-life\/?fbclid=IwY2xjawNIXANleHRuA2FlbQIxMABicmlkETBHaEtGQllGa0cxd0hxYmh5AR5QUOYaRW7W8QwaLPC6xHdYFK0iNP3rbQuqrw4Nee_c9o4j1zMnfwROdkug6g_aem_52kkpNYncQ1DWHDFYYsNsg\">BridgeWinners<\/a>).\u00a0<\/p>\n<p>Le tarif du tournoi \u00e9tait de 3\u20ac50, et la recette brute (hors frais FFB)* sera <strong>enti\u00e8rement<\/strong> revers\u00e9e \u00e0 l&rsquo;association. Le BCGA prend enti\u00e8rement \u00e0 sa charge les frais d&rsquo;organisation.\u00a0<br \/><br \/>NOTEZ BIEN: chaque joueur \u00e9tait invit\u00e9 \u00e0 donner davantage, il suffisait de remplir le formulaire suivant (<strong><a href=\"https:\/\/forms.gle\/u21yvJA5Wpz4vUNr5\">https:\/\/forms.gle\/u21yvJA5Wpz4vUNr5<\/a><\/strong>), et de nous dire quel est le montant \u00e0 pr\u00e9lever sur votre compte FFB (cr\u00e9dits FFB), et le BCGA proc\u00e9dait \u00e0 l&rsquo;inscription manuellement.\u00a0<br \/><br \/><strong>CHIFFRES DU TOUROI<\/strong> :\u00a0<br \/>* 21 tables \/ r\u00e9sultats sur le site FFB \/ les r\u00e9sultats : <a href=\"https:\/\/play.realbridge.online\/dy.html?p=251030127950&amp;q=91d271bddf78f71a5793f9ba19441a80&amp;l=fr#0\">CLIQUEZ SUR CE LIEN<\/a> \u00a0<br \/><br \/><strong>MONTANT VERS\u00c9 A L&rsquo;ASSOCIATION : 1304 \u20ac<\/strong><br \/>(les bridgeurs FFB ont du COEUR)<br \/><br \/><br \/>Visitez aussi la page de Mariann : <a href=\"https:\/\/www.linkedin.com\/in\/mariannvegh\/\"><strong>https:\/\/www.linkedin.com\/in\/mariannvegh\/<\/strong><\/a><\/p>\n<p>Mariann et Balacz ont pour objectif de lever 500k\u20ac par an, ou 1 million \u20ac sur\u00a02 ans, chaque geste compte, merci pour eux, et pour le petit guerrier ERIK.\u00a0<\/p>\n<p>Le montant de la cagnotte \u00e0 ce jour (25\/10\/2025) est de 200.000 CHF sur les 500.000 CHF n\u00e9cessaires, on avance bien, tous les dons petits ou grands sont importants<br \/>(voir le montant en direct :\u00a0<a href=\"https:\/\/b5hf0.r.bh.d.sendibt3.com\/mk\/cl\/f\/sh\/1f8JIKXx3IkdaCaCiXRPlZoNDq\/q3e9l8jNbJkG\" target=\"_blank\" rel=\"noopener\" data-saferedirecturl=\"https:\/\/www.google.com\/url?q=https:\/\/b5hf0.r.bh.d.sendibt3.com\/mk\/cl\/f\/sh\/1f8JIKXx3IkdaCaCiXRPlZoNDq\/q3e9l8jNbJkG&amp;source=gmail&amp;ust=1761477563588000&amp;usg=AOvVaw1RgybK9X52fiHFETWtPyPz\"><strong>https:\/\/www.asnsdresearch.org\/<wbr \/>donate-1<\/strong><\/a><br \/>\u00a0ou\u00a0<a href=\"https:\/\/b5hf0.r.bh.d.sendibt3.com\/mk\/cl\/f\/sh\/1f8JIKXx3IkdaCaCiXRPlZoNDq\/6wpn_sFEzgcn\" target=\"_blank\" rel=\"noopener\" data-saferedirecturl=\"https:\/\/www.google.com\/url?q=https:\/\/b5hf0.r.bh.d.sendibt3.com\/mk\/cl\/f\/sh\/1f8JIKXx3IkdaCaCiXRPlZoNDq\/6wpn_sFEzgcn&amp;source=gmail&amp;ust=1761477563588000&amp;usg=AOvVaw1xi9ixIkIKlRfAEIm2qrXD\"><strong>https:\/\/gofund.me\/a7be9fbd<\/strong><\/a>)<\/p>\n<p>Egalement pour avoir plus d&rsquo;infos, la page de Mariann Vegh sur Facebook : <a href=\"https:\/\/www.facebook.com\/share\/17XSTppH4S\/?mibextid=wwXIfr\" target=\"_blank\" rel=\"noopener\"><strong>https:\/\/www.facebook.com\/share\/17XSTppH4S\/?mibextid=wwXIfr<\/strong><\/a><\/p>\n<p>NB: vous pouvez aussi participer au tournoi \u00ab\u00a0<strong>Erik Bridge Cup<\/strong>\u00a0\u00bb organis\u00e9 le 19\/10 par les f\u00e9d\u00e9rations suisse et hongroise, toujours sur Realbridge, ouvert \u00e0 tous (<strong>FINI<\/strong>).\u00a0<\/p>\n<p><a href=\"http:\/\/bcga74.fr\/wp-content\/uploads\/2025\/09\/550250584_24903230632643319_3336002876069221579_n.jpg\"><img loading=\"lazy\" decoding=\"async\" class=\"alignnone size-medium wp-image-4682\" src=\"http:\/\/bcga74.fr\/wp-content\/uploads\/2025\/09\/550250584_24903230632643319_3336002876069221579_n-212x300.jpg\" alt=\"\" width=\"212\" height=\"300\" srcset=\"https:\/\/bcga74.fr\/wp-content\/uploads\/2025\/09\/550250584_24903230632643319_3336002876069221579_n-212x300.jpg 212w, https:\/\/bcga74.fr\/wp-content\/uploads\/2025\/09\/550250584_24903230632643319_3336002876069221579_n.jpg 417w\" sizes=\"auto, (max-width: 212px) 100vw, 212px\" \/><\/a><\/p>\n<p>\u00a0<\/p>\n","protected":false},"excerpt":{"rendered":"","protected":false},"author":4,"featured_media":0,"parent":0,"menu_order":0,"comment_status":"closed","ping_status":"closed","template":"","meta":{"footnotes":""},"class_list":["post-4680","page","type-page","status-publish","hentry","nodate","item-wrap"],"_links":{"self":[{"href":"https:\/\/bcga74.fr\/accueil\/wp-json\/wp\/v2\/pages\/4680","targetHints":{"allow":["GET"]}}],"collection":[{"href":"https:\/\/bcga74.fr\/accueil\/wp-json\/wp\/v2\/pages"}],"about":[{"href":"https:\/\/bcga74.fr\/accueil\/wp-json\/wp\/v2\/types\/page"}],"author":[{"embeddable":true,"href":"https:\/\/bcga74.fr\/accueil\/wp-json\/wp\/v2\/users\/4"}],"replies":[{"embeddable":true,"href":"https:\/\/bcga74.fr\/accueil\/wp-json\/wp\/v2\/comments?post=4680"}],"version-history":[{"count":13,"href":"https:\/\/bcga74.fr\/accueil\/wp-json\/wp\/v2\/pages\/4680\/revisions"}],"predecessor-version":[{"id":4732,"href":"https:\/\/bcga74.fr\/accueil\/wp-json\/wp\/v2\/pages\/4680\/revisions\/4732"}],"wp:attachment":[{"href":"https:\/\/bcga74.fr\/accueil\/wp-json\/wp\/v2\/media?parent=4680"}],"curies":[{"name":"wp","href":"https:\/\/api.w.org\/{rel}","templated":true}]}}