{"id":4673,"date":"2025-09-29T13:25:53","date_gmt":"2025-09-29T12:25:53","guid":{"rendered":"https:\/\/bcga74.fr\/accueil\/?page_id=4673"},"modified":"2025-11-09T23:09:03","modified_gmt":"2025-11-09T22:09:03","slug":"quai-annecien-des-jeunes-bridgeurs","status":"publish","type":"page","link":"https:\/\/bcga74.fr\/accueil\/quai-annecien-des-jeunes-bridgeurs\/","title":{"rendered":"QUAI ANN\u00c9CIEN DES JEUNES BRIDGEURS"},"content":{"rendered":"\n<h3>Soir\u00e9e de lancement : JEUDI 09 OCTOBRE 19h30<br \/><br \/><\/h3>\n<p>Tous les Jeudis soirs &#8211; Soir\u00e9e Bridge + Pizza<br \/>Ouvert \u00e0 tous les \u00e9tudiants et jeunes actifs d&rsquo;Annecy<br \/><br \/>Lieu : Bridge Club du Grand Annecy, 1 place du 18 juin 1940, 74940 Annecy le Vieux (6\u00e8me \u00e9tage)<\/p>\n<p>Initiation gratuite &#8211; Pizza offerte<br \/>Renseignements : Jean-Herv\u00e9 FAVRE 06 23 78 07 42 (merci de vous pr\u00e9-inscrire pour des questions d&rsquo;organisation)<br \/><br \/>N&rsquo;h\u00e9sitez pas \u00e0 partager autour de vous<br \/><a href=\"http:\/\/bcga74.fr\/wp-content\/uploads\/2025\/09\/QAJB_A4_V01-1_page-0001.jpg\">http:\/\/bcga74.fr\/wp-content\/uploads\/2025\/09\/QAJB_A4_V01-1_page-0001.jpg<\/a><\/p>\n<p><a href=\"http:\/\/bcga74.fr\/wp-content\/uploads\/2025\/09\/QAJB_A4_V01-1_page-0001.jpg\"><img loading=\"lazy\" decoding=\"async\" class=\"alignnone  wp-image-4676\" src=\"http:\/\/bcga74.fr\/wp-content\/uploads\/2025\/09\/QAJB_A4_V01-1_page-0001-212x300.jpg\" alt=\"\" width=\"536\" height=\"758\" srcset=\"https:\/\/bcga74.fr\/wp-content\/uploads\/2025\/09\/QAJB_A4_V01-1_page-0001-212x300.jpg 212w, https:\/\/bcga74.fr\/wp-content\/uploads\/2025\/09\/QAJB_A4_V01-1_page-0001-725x1024.jpg 725w, https:\/\/bcga74.fr\/wp-content\/uploads\/2025\/09\/QAJB_A4_V01-1_page-0001-768x1085.jpg 768w, https:\/\/bcga74.fr\/wp-content\/uploads\/2025\/09\/QAJB_A4_V01-1_page-0001-600x848.jpg 600w, https:\/\/bcga74.fr\/wp-content\/uploads\/2025\/09\/QAJB_A4_V01-1_page-0001-1087x1536.jpg 1087w, https:\/\/bcga74.fr\/wp-content\/uploads\/2025\/09\/QAJB_A4_V01-1_page-0001.jpg 1241w\" sizes=\"auto, (max-width: 536px) 100vw, 536px\" \/><\/a><\/p>\n<p><strong>Le Quai Ann\u00e9cien des Jeunes Bridgeurs, c&rsquo;est quoi ?\u00a0<\/strong><br \/>* un concept innovant pour augmenter la pratique du bridge et l&rsquo;acc\u00e8s aux comp\u00e9titions des publics jeunes\u00a0<br \/><strong>La cible :<\/strong> <br \/>* Etudiants et jeunes actifs (18-40 ans)<br \/><strong>Fr\u00e9quence :<\/strong>\u00a0<br \/>* hebdomadaire, hors vacances scolaires, 35 s\u00e9ances par an environ<br \/><strong>Formule :<\/strong>\u00a0<br \/>* accueil de tous les niveaux (de d\u00e9butants \u00e0 confirm\u00e9s), tout au long de l&rsquo;ann\u00e9e, quelle que soit la s\u00e9ance<br \/>* pratique ludique et conviviale<br \/>* Pizza et boisson offertes au cours de la soir\u00e9e<br \/><br \/><strong>TOURNOIS EN LIGNE<\/strong> : pour aider au financement du QAJB (et donc du d\u00e9veloppement du bridge), vous pouvez devenir sympathisant du QAJB (10\u20ac), faire des dons suppl\u00e9mentaires, et JOUER les e-MATCH\/4 sur Realbridge les 2\u00e8mes et 4\u00e8mes jeudis du mois \u00e0 20h15. Programme EARLY BIRD pour les inscriptions faites plus de 48h \u00e0 l&rsquo;avance, plus de 72h \u00e0 l&rsquo;avance, plus de 5 jours \u00e0 l&rsquo;avance (r\u00e9ductions tickets-tournois \u00e0 20%, 30% 50%). Infos\/renseignements qajb 74 @gmail.com<br \/><br \/><\/p>\n","protected":false},"excerpt":{"rendered":"","protected":false},"author":4,"featured_media":0,"parent":0,"menu_order":0,"comment_status":"closed","ping_status":"closed","template":"","meta":{"footnotes":""},"class_list":["post-4673","page","type-page","status-publish","hentry","nodate","item-wrap"],"_links":{"self":[{"href":"https:\/\/bcga74.fr\/accueil\/wp-json\/wp\/v2\/pages\/4673","targetHints":{"allow":["GET"]}}],"collection":[{"href":"https:\/\/bcga74.fr\/accueil\/wp-json\/wp\/v2\/pages"}],"about":[{"href":"https:\/\/bcga74.fr\/accueil\/wp-json\/wp\/v2\/types\/page"}],"author":[{"embeddable":true,"href":"https:\/\/bcga74.fr\/accueil\/wp-json\/wp\/v2\/users\/4"}],"replies":[{"embeddable":true,"href":"https:\/\/bcga74.fr\/accueil\/wp-json\/wp\/v2\/comments?post=4673"}],"version-history":[{"count":6,"href":"https:\/\/bcga74.fr\/accueil\/wp-json\/wp\/v2\/pages\/4673\/revisions"}],"predecessor-version":[{"id":4735,"href":"https:\/\/bcga74.fr\/accueil\/wp-json\/wp\/v2\/pages\/4673\/revisions\/4735"}],"wp:attachment":[{"href":"https:\/\/bcga74.fr\/accueil\/wp-json\/wp\/v2\/media?parent=4673"}],"curies":[{"name":"wp","href":"https:\/\/api.w.org\/{rel}","templated":true}]}}