{"id":4583,"date":"2025-07-14T22:27:46","date_gmt":"2025-07-14T21:27:46","guid":{"rendered":"https:\/\/bcga74.fr\/accueil\/?page_id=4583"},"modified":"2025-07-14T22:37:39","modified_gmt":"2025-07-14T21:37:39","slug":"challenge-golf-bridge","status":"publish","type":"page","link":"https:\/\/bcga74.fr\/accueil\/challenge-golf-bridge\/","title":{"rendered":"Challenge Golf &#038; Bridge"},"content":{"rendered":"\n<p>Organis\u00e9 par le Golf du Lac d&rsquo;Annecy et le BCGA<br \/>Date : Mardi 09 Septembre 2025<br \/>* Parcours de Golf 9 trous le matin<br \/>* Tournoi homologu\u00e9 FFB l&rsquo;apr\u00e8s-midi<br \/>Pour voir l&rsquo;affiche, cliquez sur <a href=\"http:\/\/bcga74.fr\/wp-content\/uploads\/2025\/07\/Affiche_Challenge_Golf_Bridge_version2.pdf\">Affiche<\/a><br \/>Pour voir le r\u00e8glement, cliquez sur <a href=\"http:\/\/bcga74.fr\/wp-content\/uploads\/2025\/07\/Reglement_Challenge_Golf_Bridge_version2.pdf\">R\u00e8glement<\/a>\u00a0<br \/>Inscriptions en ligne : cliquez sur <a href=\"https:\/\/forms.gle\/ob2jVrZTQyNrbXTX6\">Inscriptions<\/a><\/p>\n","protected":false},"excerpt":{"rendered":"<p>Organis\u00e9 par le Golf du Lac d&rsquo;Annecy et le BCGADate : Mardi 09 Septembre 2025* Parcours de Golf 9 trous le matin* Tournoi homologu\u00e9 FFB l&rsquo;apr\u00e8s-midiPour voir l&rsquo;affiche, cliquez sur AffichePour voir le r\u00e8glement, cliquez sur R\u00e8glement\u00a0Inscriptions en ligne : cliquez sur Inscriptions<\/p>\n","protected":false},"author":4,"featured_media":0,"parent":0,"menu_order":0,"comment_status":"closed","ping_status":"closed","template":"","meta":{"footnotes":""},"class_list":["post-4583","page","type-page","status-publish","hentry","nodate","item-wrap"],"_links":{"self":[{"href":"https:\/\/bcga74.fr\/accueil\/wp-json\/wp\/v2\/pages\/4583","targetHints":{"allow":["GET"]}}],"collection":[{"href":"https:\/\/bcga74.fr\/accueil\/wp-json\/wp\/v2\/pages"}],"about":[{"href":"https:\/\/bcga74.fr\/accueil\/wp-json\/wp\/v2\/types\/page"}],"author":[{"embeddable":true,"href":"https:\/\/bcga74.fr\/accueil\/wp-json\/wp\/v2\/users\/4"}],"replies":[{"embeddable":true,"href":"https:\/\/bcga74.fr\/accueil\/wp-json\/wp\/v2\/comments?post=4583"}],"version-history":[{"count":3,"href":"https:\/\/bcga74.fr\/accueil\/wp-json\/wp\/v2\/pages\/4583\/revisions"}],"predecessor-version":[{"id":4592,"href":"https:\/\/bcga74.fr\/accueil\/wp-json\/wp\/v2\/pages\/4583\/revisions\/4592"}],"wp:attachment":[{"href":"https:\/\/bcga74.fr\/accueil\/wp-json\/wp\/v2\/media?parent=4583"}],"curies":[{"name":"wp","href":"https:\/\/api.w.org\/{rel}","templated":true}]}}