{"id":4464,"date":"2024-12-24T17:58:50","date_gmt":"2024-12-24T16:58:50","guid":{"rendered":"https:\/\/bcga74.fr\/accueil\/?page_id=4464"},"modified":"2025-01-14T22:32:45","modified_gmt":"2025-01-14T21:32:45","slug":"e-fiba-mensuels","status":"publish","type":"page","link":"https:\/\/bcga74.fr\/accueil\/e-fiba-mensuels\/","title":{"rendered":"e-FIBA mensuels"},"content":{"rendered":"\n<p>Cliquez sur le lien pour voir l&rsquo;affiche et l&rsquo;imprimer ou la t\u00e9l\u00e9charger : <strong><a href=\"http:\/\/bcga74.fr\/wp-content\/uploads\/2024\/12\/e-FIBA-1.png\">AFFICHE e-FIBA<\/a><\/strong><\/p>\n<p><img loading=\"lazy\" decoding=\"async\" class=\"\" src=\"http:\/\/bcga74.fr\/wp-content\/uploads\/2024\/12\/e-FIBA-1.png\" width=\"403\" height=\"570\" \/><\/p>\n<p>NOUVEAU &#8211; les <strong>e-FIBA mensuels<\/strong> sont des tournois homologu\u00e9s FFB organis\u00e9s <strong>en ligne<\/strong> par le Bridge Club du Grand Annecy (BCGA) sur BBO et sur Realbridge, <strong>tous les mardis soirs<\/strong> 20H15. Ils sont organis\u00e9s avec le soutien de ses Clubs Partenaires (liste ci-dessous) et sont <strong>OUVERTS \u00e0 tous les licenci\u00e9s FFB<\/strong>. Ils donnent lieu \u00e0 un classement mensuel avec dotation. Les joueurs sont \u00e9ligibles pour la dotation <strong>\u00e0 partir d&rsquo;UN tournoi jou\u00e9<\/strong> dans le mois.\u00a0 \u00a0<\/p>\n<p><strong>Un r\u00e8glement clair et simple<\/strong> : <br \/>* droits de table 3\u20ac50 par tournoi (hors r\u00e9ductions Early-Birds), 18 donnes, Tournois par paires<br \/>* classement mensuel bas\u00e9 sur la moyenne optimis\u00e9e, <br \/>* dotations \u00e9lev\u00e9es (2000\u20ac\/ mois), <br \/>* programme Early Birds du BCGA (r\u00e9ductions pour inscriptions anticip\u00e9es),<br \/>* jeu multi-plateformes, les joueurs peuvent s&rsquo;inscrire indiff\u00e9remment sur BBO ou sur Realbridge, les e-FIBA se jouent sur les 2 plateformes en m\u00eame temps.\u00a0<\/p>\n<p>\u00a0<\/p>\n<p><strong>Programme Early Birds<\/strong> : plus vous vous vous inscrivez t\u00f4t, plus vous avez de r\u00e9ductions sur le droit de table. Plus de 48h \u00e0 l&rsquo;avance -20%, plus de 24h \u00e0 l&rsquo;avance -10%. Remplissez le formulaire Google suivant (forte pr\u00e9f\u00e9rence): cliquez sur <strong><a href=\"https:\/\/forms.gle\/qm5efXvdeW8897wr8\">FORMULAIRE<\/a><\/strong> ou envoyez un SMS\/WhatsApp au 06 23 78 07 42 avec date du tournoi, plateforme, et l&rsquo;identit\u00e9 des 2 joueurs de la paire (pr\u00e9nom\/nom, et num\u00e9ro de licence si ambigu\u00eb). Accumulez \u00e9galement des tickets-tournois en parrainant des nouveaux joueurs.\u00a0\u00a0<\/p>\n<p><strong>Moyenne optimis\u00e9e<\/strong> : vous marquez chaque mardi, la meilleure note entre 50% et votre moyenne obtenue, vous marquez 50% pour tout tournoi non jou\u00e9. Exemple : 4 tournois jou\u00e9s (32% 56% 62% 62%) et 1 tournoi non-jou\u00e9 (50%), le joueur aura une moyenne de 56%.<\/p>\n<p><strong>Dotation<\/strong> : sur une base de 20 tables par mardi soir, les 15 premiers joueurs (plus certains prix sp\u00e9ciaux) au classement mensuel recevront des lots d&rsquo;une valeur totale de 2000\u20ac en \u00ab\u00a0tickets-tournois \u00e0 prix co\u00fbtant\u00a0\u00bb.\u00a0<\/p>\n<p><strong>Clubs Partenaires<\/strong> : tous les clubs affili\u00e9s FFB peuvent \u00eatre Club Partenaire (parlez-en \u00e0 votre pr\u00e9sident de club qui contactera le BCGA : bcga74 @ gmail.com). Les clubs partenaires re\u00e7oivent chaque mois une r\u00e9version en fonction du nombre de joueurs licenci\u00e9s dans leur club ayant particip\u00e9 aux tournois (0\u20ac50 par joueur et par tournoi). La liste des Clubs Partenaires <strong>au 14\/01\/2025<\/strong> : <strong>AIWC Gen\u00e8ve, Chamb\u00e9ry, Divonne, Nancy-Jarville, Valence<\/strong>.<\/p>\n<p><strong>Inscriptions des joueurs<\/strong> : les tournois sont cr\u00e9\u00e9s par l&rsquo;entit\u00e9 BCGA en tournoi de r\u00e9gularit\u00e9. Les joueurs s&rsquo;inscrivent directement dans leur Espace Licenci\u00e9, Inscriptions Tournois Clubs, chercher Grand Annecy, les tournois seront intitul\u00e9s : <strong>e-FIBA MOIS\/ANNEE du mardi soir sur BBO<\/strong> ou <strong>e-FIBA MOIS\/ANNEE du mardi soir sur Realbridge<\/strong>. Les joueurs peuvent s&rsquo;inscrire en joueur isol\u00e9. Les joueurs peuvent rejoindre le groupe WhatsApp de mise en relation des joueurs isol\u00e9s (<strong><a href=\"https:\/\/chat.whatsapp.com\/F7g2EpqtmDFEWUu4Zq4Wor\">LIEN<\/a> <\/strong>pour s&rsquo;inscrire au groupe WhatsApp)<\/p>\n<p><strong>Offre de lancement<\/strong> : En janvier 2025, votre premier tournoi est \u00e0 prix-co\u00fbtant : 2\u20ac \/ joueur, pour en b\u00e9n\u00e9ficier, utiliser le formulaire du programme EARLY BIRDS<\/p>\n<p><strong>Informations<\/strong> : Jean-Herv\u00e9 FAVRE (bcga74 @ gmail.com)<\/p>\n<p><strong>Tableau des prix<\/strong> : les prix sont des <strong>tickets-tournois \u00e0 prix-co\u00fbtant<\/strong> pour les tournois organis\u00e9s sur BCGA et certains clubs partenaires sur BBO : Un ticket-tournoi au prix normal de 3\u20ac50 b\u00e9n\u00e9ficiera d&rsquo;une r\u00e9duction de 2\u20ac (57% de r\u00e9duction offert). Pour info, le BCGA et ses partenaires organisent plusieurs tournois sur BBO et sur Realbridge, voici la liste au 27\/12\/2024 : lundi et vendredi 20h15 Realbridge e-Match\/4 (un sur 3, en rotation avec Valence et Nancy-Jarville), lundi 20h30 Realbridge Excellence+, mardi 20h15 BBO et Realbridge e-FIBA mensuels, mercredi 20h15 Realbridge (un sur 3 en rotation avec Grenoble et Valence), et sur BBO 10h 14h 17h 20h 7j\/7 en partenariat avec Valence\/Divonne\/Chamb\u00e9ry, Thonon et AIWC Gen\u00e8ve)\u00a0<\/p>\n<table dir=\"ltr\" style=\"width: 100%;\" border=\"1\" cellspacing=\"0\" cellpadding=\"0\" data-sheets-root=\"1\"><colgroup><col width=\"100\" \/><col width=\"100\" \/><col width=\"232\" \/><col width=\"100\" \/><col width=\"100\" \/><col width=\"100\" \/><\/colgroup>\n<tbody>\n<tr>\n<td style=\"width: 13.6567%;\" data-sheets-value=\"{&quot;1&quot;:2,&quot;2&quot;:&quot;tableau des prix &quot;}\">\u00a0<\/td>\n<td style=\"width: 13.6567%;\">\u00a0<\/td>\n<td style=\"width: 31.7164%;\">\u00a0<\/td>\n<td style=\"width: 13.6567%;\" data-sheets-value=\"{&quot;1&quot;:2,&quot;2&quot;:&quot;valeur unitaire&quot;}\" data-sheets-numberformat=\"{&quot;1&quot;:4,&quot;2&quot;:&quot;#,##0\\\\ [$\u20ac-1]&quot;,&quot;3&quot;:1}\">valeur unitaire<\/td>\n<td style=\"width: 13.6567%;\">\u00a0<\/td>\n<td style=\"width: 13.6567%;\" data-sheets-value=\"{&quot;1&quot;:2,&quot;2&quot;:&quot;VALEUR &quot;}\">VALEUR TOTALE<\/td>\n<\/tr>\n<tr>\n<td style=\"width: 13.6567%;\">\u00a0<\/td>\n<td style=\"width: 13.6567%;\" data-sheets-value=\"{&quot;1&quot;:2,&quot;2&quot;:&quot;places 1 et 2&quot;}\">places 1 et 2<\/td>\n<td style=\"width: 31.7164%;\" data-sheets-value=\"{&quot;1&quot;:2,&quot;2&quot;:&quot;2 mois de tickets-tournois sur BBO&quot;}\">2 mois de tickets-tournois \u00e0 prix co\u00fbtant sur BBO\/Realbridge<\/td>\n<td style=\"width: 13.6567%;\" data-sheets-value=\"{&quot;1&quot;:3,&quot;3&quot;:394.3333333333333}\" data-sheets-numberformat=\"{&quot;1&quot;:4,&quot;2&quot;:&quot;#,##0\\\\ [$\u20ac-1]&quot;,&quot;3&quot;:1}\" data-sheets-formula=\"=R[-3]C[0]\/6\">394 \u20ac<\/td>\n<td style=\"width: 13.6567%;\">\u00a0<\/td>\n<td style=\"width: 13.6567%;\" data-sheets-value=\"{&quot;1&quot;:3,&quot;3&quot;:788.6666666666666}\" data-sheets-numberformat=\"{&quot;1&quot;:4,&quot;2&quot;:&quot;#,##0\\\\ [$\u20ac-1]&quot;,&quot;3&quot;:1}\" data-sheets-formula=\"=2*R[0]C[-2]\">789 \u20ac<\/td>\n<\/tr>\n<tr>\n<td style=\"width: 13.6567%;\">\u00a0<\/td>\n<td style=\"width: 13.6567%;\" data-sheets-value=\"{&quot;1&quot;:2,&quot;2&quot;:&quot;places 3 \u00e0 6&quot;}\">places 3 \u00e0 6<\/td>\n<td style=\"width: 31.7164%;\" data-sheets-value=\"{&quot;1&quot;:2,&quot;2&quot;:&quot;1 mois de tickets-tournois sur BBO&quot;}\">1 mois de tickets-tournois \u00e0 prix co\u00fbtant sur BBO\/Realbridge<\/td>\n<td style=\"width: 13.6567%;\" data-sheets-value=\"{&quot;1&quot;:3,&quot;3&quot;:197.16666666666666}\" data-sheets-numberformat=\"{&quot;1&quot;:4,&quot;2&quot;:&quot;#,##0\\\\ [$\u20ac-1]&quot;,&quot;3&quot;:1}\" data-sheets-formula=\"=R[-4]C[0]\/12\">197 \u20ac<\/td>\n<td style=\"width: 13.6567%;\">\u00a0<\/td>\n<td style=\"width: 13.6567%;\" data-sheets-value=\"{&quot;1&quot;:3,&quot;3&quot;:788.6666666666666}\" data-sheets-numberformat=\"{&quot;1&quot;:4,&quot;2&quot;:&quot;#,##0\\\\ [$\u20ac-1]&quot;,&quot;3&quot;:1}\" data-sheets-formula=\"=4*R[0]C[-2]\">789 \u20ac<\/td>\n<\/tr>\n<tr>\n<td style=\"width: 13.6567%;\">\u00a0<\/td>\n<td style=\"width: 13.6567%;\" data-sheets-value=\"{&quot;1&quot;:2,&quot;2&quot;:&quot;places 7 \u00e0 15&quot;}\">places 7 \u00e0 15<\/td>\n<td style=\"width: 31.7164%;\" data-sheets-value=\"{&quot;1&quot;:2,&quot;2&quot;:&quot;1 semaine de tickets-tournois sur BBO&quot;}\">1 semaine de tickets-tournois \u00e0 prix co\u00fbtant sur BBO\/Realbridge<\/td>\n<td style=\"width: 13.6567%;\" data-sheets-value=\"{&quot;1&quot;:3,&quot;3&quot;:45.5}\" data-sheets-numberformat=\"{&quot;1&quot;:4,&quot;2&quot;:&quot;#,##0\\\\ [$\u20ac-1]&quot;,&quot;3&quot;:1}\" data-sheets-formula=\"=R[-5]C[0]\/52\">46 \u20ac<\/td>\n<td style=\"width: 13.6567%;\">\u00a0<\/td>\n<td style=\"width: 13.6567%;\" data-sheets-value=\"{&quot;1&quot;:3,&quot;3&quot;:409.5}\" data-sheets-numberformat=\"{&quot;1&quot;:4,&quot;2&quot;:&quot;#,##0\\\\ [$\u20ac-1]&quot;,&quot;3&quot;:1}\" data-sheets-formula=\"=9*R[0]C[-2]\">410 \u20ac<\/td>\n<\/tr>\n<tr>\n<td style=\"width: 13.6567%;\">\u00a0<\/td>\n<td style=\"width: 13.6567%;\">\u00a0<\/td>\n<td style=\"width: 31.7164%;\" data-sheets-value=\"{&quot;1&quot;:2,&quot;2&quot;:&quot;(\u00e0 valoir sur les tournois organis\u00e9s par le BCGA)&quot;}\">\n<div>\n<div>(\u00e0 valoir sur les tournois organis\u00e9s par le BCGA et certains clubs partenaires)<\/div>\n<\/div>\n<\/td>\n<td style=\"width: 13.6567%;\">\u00a0<\/td>\n<td style=\"width: 13.6567%;\">\u00a0<\/td>\n<td style=\"width: 13.6567%;\" data-sheets-value=\"{&quot;1&quot;:3,&quot;3&quot;:1986.8333333333333}\" data-sheets-numberformat=\"{&quot;1&quot;:4,&quot;2&quot;:&quot;#,##0\\\\ [$\u20ac-1]&quot;,&quot;3&quot;:1}\" data-sheets-formula=\"=SOMME(R[-5]C[0]:R[-1]C[0])\"><strong>1\u202f987 \u20ac<\/strong><\/td>\n<\/tr>\n<\/tbody>\n<\/table>\n<p>* l&rsquo;organisateur se r\u00e9serve le droit de modifier la dotation si le nombre moyen de tables est inf\u00e9rieur \u00e0 20 tables<\/p>\n<p><strong>R\u00e9sultats finaux MOIS\/ANNEE<\/strong> (mis \u00e0 jour le&#8230;) Apr\u00e8s x s\u00e9ances sur x\u00a0 , date de d\u00e9but de p\u00e9riode pour les prix : xx\/xx<\/p>\n<p><strong>R\u00e9sultats finaux MOIS\/ANNEE<\/strong> (mis \u00e0 jour le&#8230;) Apr\u00e8s x s\u00e9ances sur x\u00a0 , date de d\u00e9but de p\u00e9riode pour les prix : xx\/xx<\/p>\n<p>\u00a0<\/p>\n","protected":false},"excerpt":{"rendered":"<p>Cliquez sur le lien pour voir l&rsquo;affiche et l&rsquo;imprimer ou la t\u00e9l\u00e9charger : AFFICHE e-FIBA NOUVEAU &#8211; les e-FIBA mensuels sont des tournois homologu\u00e9s FFB organis\u00e9s en ligne par le Bridge Club du Grand Annecy (BCGA) sur BBO et sur Realbridge, tous les mardis soirs 20H15. Ils sont organis\u00e9s avec le soutien de ses Clubs &hellip; <\/p>\n<p><a class=\"more-link btn\" href=\"https:\/\/bcga74.fr\/accueil\/e-fiba-mensuels\/\">Lire la suite<\/a><\/p>\n","protected":false},"author":4,"featured_media":0,"parent":0,"menu_order":0,"comment_status":"closed","ping_status":"closed","template":"","meta":{"footnotes":""},"class_list":["post-4464","page","type-page","status-publish","hentry","nodate","item-wrap"],"_links":{"self":[{"href":"https:\/\/bcga74.fr\/accueil\/wp-json\/wp\/v2\/pages\/4464","targetHints":{"allow":["GET"]}}],"collection":[{"href":"https:\/\/bcga74.fr\/accueil\/wp-json\/wp\/v2\/pages"}],"about":[{"href":"https:\/\/bcga74.fr\/accueil\/wp-json\/wp\/v2\/types\/page"}],"author":[{"embeddable":true,"href":"https:\/\/bcga74.fr\/accueil\/wp-json\/wp\/v2\/users\/4"}],"replies":[{"embeddable":true,"href":"https:\/\/bcga74.fr\/accueil\/wp-json\/wp\/v2\/comments?post=4464"}],"version-history":[{"count":19,"href":"https:\/\/bcga74.fr\/accueil\/wp-json\/wp\/v2\/pages\/4464\/revisions"}],"predecessor-version":[{"id":4511,"href":"https:\/\/bcga74.fr\/accueil\/wp-json\/wp\/v2\/pages\/4464\/revisions\/4511"}],"wp:attachment":[{"href":"https:\/\/bcga74.fr\/accueil\/wp-json\/wp\/v2\/media?parent=4464"}],"curies":[{"name":"wp","href":"https:\/\/api.w.org\/{rel}","templated":true}]}}