{"id":4185,"date":"2023-10-23T22:42:58","date_gmt":"2023-10-23T21:42:58","guid":{"rendered":"https:\/\/bcga74.fr\/accueil\/?page_id=4185"},"modified":"2024-09-24T08:19:36","modified_gmt":"2024-09-24T07:19:36","slug":"bridge-scolaire-annecy","status":"publish","type":"page","link":"https:\/\/bcga74.fr\/accueil\/bridge-scolaire-annecy\/","title":{"rendered":"Bridge Scolaire @Annecy"},"content":{"rendered":"\n<p>Le BCGA est engag\u00e9 dans le bridge scolaire, car OUI! c&rsquo;est l&rsquo;avenir du bridge.\u00a0<\/p>\n<p>Nous intervenons dans 2 \u00e9tablissements : l&rsquo;\u00e9cole primaire des Tilleuls et le coll\u00e8ge La Salle<\/p>\n<p>Vous trouverez ici diverses ressources : les devoirs \u00e0 la maison propos\u00e9s aux \u00e9l\u00e8ves, les infos, les comp\u00e9titions \u00e0 venir, etc&#8230;<\/p>\n<p><strong>1. Devoirs \u00e0 la Maison<\/strong> : (La Salle 1\u00e8re ann\u00e9e, La Salle 2\u00e8me ann\u00e9e)<br \/><strong>2. Fiches R\u00e9sum\u00e9<\/strong><br \/><br \/><br \/><strong>1.1 La Salle 1\u00e8re ann\u00e9e :<\/strong><\/p>\n<ul>\n<li><a href=\"https:\/\/bridge-training.com\/player?dds=TrmBPJFK\">https:\/\/bridge-training.com\/player?dds=TrmBPJFK<\/a> semaine du 26\/10\/2023<\/li>\n<li><a href=\"https:\/\/bridge-training.com\/player?dds=CAtbVXGy\">https:\/\/bridge-training.com\/player?dds=CAtbVXGy<\/a> Donne 9 semaine du 09\/11\/2023<\/li>\n<li><a href=\"https:\/\/bridge-training.com\/player?dds=7ikV5MLJ\">https:\/\/bridge-training.com\/player?dds=7ikV5MLJ<\/a> Donne 10 semaine du 09\/11\/2023<\/li>\n<li><a href=\"https:\/\/bridge-training.com\/player?dds=jp4AqQnR\">https:\/\/bridge-training.com\/player?dds=jp4AqQnR<\/a> Donne 11 semaine du 09\/11\/2023<\/li>\n<li><a href=\"https:\/\/bridge-training.com\/player?dds=TribXajp\">https:\/\/bridge-training.com\/player?dds=TribXajp<\/a> Donne 12 semaine du 16\/11\/2023<\/li>\n<li><a href=\"https:\/\/bridge-training.com\/player?dds=r8HvhkAb\">https:\/\/bridge-training.com\/player?dds=r8HvhkAb<\/a> Donne 13 semaine du 16\/11\/2023<\/li>\n<li><a href=\"https:\/\/bridge-training.com\/player?dds=6zFHMwJr\">https:\/\/bridge-training.com\/player?dds=6zFHMwJr<\/a> Donne 14 cours du 23\/11\/2023<\/li>\n<li><a href=\"https:\/\/bridge-training.com\/player?dds=ikANdxur\">https:\/\/bridge-training.com\/player?dds=ikANdxur<\/a>\u00a0 Donne 15 cours du 23\/11\/2023<\/li>\n<li><a href=\"https:\/\/bridge-training.com\/player?dds=GhFQAS7z\">https:\/\/bridge-training.com\/player?dds=GhFQAS7z<\/a>\u00a0Donne 16 cours du 23\/11\/2023\u00a0\u00a0<\/li>\n<li><a href=\"https:\/\/bridge-training.com\/player?dds=urxX3ckd\">https:\/\/bridge-training.com\/player?dds=urxX3ckd<\/a>\u00a0 Donne 17 cours du 30\/11\/2023\u00a0\u00a0<\/li>\n<li><a href=\"https:\/\/bridge-training.com\/player?dds=hZwtSxVE\">https:\/\/bridge-training.com\/player?dds=hZwtSxVE<\/a> Donne 18 cours du 30\/11\/2023<\/li>\n<li><a href=\"https:\/\/bridge-training.com\/player?dds=CvmcBzr7\">https:\/\/bridge-training.com\/player?dds=CvmcBzr7<\/a>\u00a0 Donne 19 cours du 7\/12\/2023<\/li>\n<li><a href=\"https:\/\/bridge-training.com\/player\/?dds=iZBRJYuh\"> https:\/\/bridge-training.com\/player\/?dds=iZBRJYuh<\/a>\u00a0 Donne 20 cours du 7\/12\/2023<\/li>\n<li><a href=\"https:\/\/bridge-training.com\/player?dds=n2FhtqsW\">https:\/\/bridge-training.com\/player?dds=RGb7TmX4<\/a>\u00a0 Donne 21 donne d&rsquo;entrainement \u00e0 jouer<\/li>\n<li><a href=\"https:\/\/bridge-training.com\/player?dds=CnVYSLQN\">https:\/\/bridge-training.com\/player?dds=CnVYSLQN<\/a>\u00a0 Donne 22 donne d&rsquo;entrainement \u00e0 jouer<\/li>\n<li><a href=\"https:\/\/bridge-training.com\/player?dds=Zq6vTSMU\">https:\/\/bridge-training.com\/player?dds=Zq6vTSMU<\/a>\u00a0 Donne 23 donne d&rsquo;entrainement \u00e0 jouer<\/li>\n<li><a href=\"https:\/\/bridge-training.com\/player?dds=deBTbz8w\">https:\/\/bridge-training.com\/player?dds=deBTbz8w<\/a>\u00a0 Donne 24 donne d&rsquo;entrainement \u00e0 jouer<\/li>\n<li><a href=\"https:\/\/bridge-training.com\/player\/?dds=pJFfqysX\">https:\/\/bridge-training.com\/player\/?dds=pJFfqysX<\/a>\u00a0 jeu 2 donne 1 cours du 14\/12\/2023<\/li>\n<li><a href=\"https:\/\/bridge-training.com\/player?dds=QRJgeKBv\">https:\/\/bridge-training.com\/player?dds=QRJgeKBv<\/a>\u00a0 jeu 2 donne 2 cours du 14\/12\/2023<\/li>\n<li><a href=\"https:\/\/bridge-training.com\/player\/?dds=CDciRnxU\">https:\/\/bridge-training.com\/player\/?dds=CDciRnxU<\/a> \u00a0jeu 2 donne 3 cours du 14\/12\/2023<\/li>\n<li><a href=\"https:\/\/bridge-training.com\/player?dds=YpgKAzBt\">https:\/\/bridge-training.com\/player?dds=YpgKAzBt\u00a0<\/a> jeu 2 donne 4 cours du 14\/12\/2023<\/li>\n<li><a href=\"https:\/\/bridge-training.com\/player\/?dds=iFKLnXMs\">https:\/\/bridge-training.com\/player\/?dds=iFKLnXMs<\/a> jeu 2 donne 5 cours du 21\/12\/2023<\/li>\n<li><a href=\"https:\/\/bridge-training.com\/player?dds=zZgpBfh3\">https:\/\/bridge-training.com\/player?dds=zZgpBfh3<\/a>\u00a0 jeu 2 donne 6 cours du 21\/12\/2023<\/li>\n<li><a href=\"https:\/\/bridge-training.com\/player?dds=bRzKTWjf\">https:\/\/bridge-training.com\/player?dds=bRzKTWjf<\/a>\u00a0 jeu 2 donne 7 cours du 11\/01\/2024<\/li>\n<li><a href=\"https:\/\/bridge-training.com\/player?dds=WjQPXEzm\">https:\/\/bridge-training.com\/player?dds=WjQPXEzm<\/a>\u00a0 jeu 2 donne 8 cours du 11\/01\/2024<\/li>\n<li>https:\/\/bridge-training.com\/player?dds=dWSCUkru jeu 2 donne 9<\/li>\n<\/ul>\n<p><strong><a id=\"LASALLE2\"><\/a>1.2 La Salle 2\u00e8me ann\u00e9e :<\/strong>\u00a0<\/p>\n<ul>\n<li><a href=\"https:\/\/bridge-training.com\/player\/?dds=CLbrdUuy\">https:\/\/bridge-training.com\/player\/?dds=CLbrdUuy<\/a> semaine du 30\/10\/2023<\/li>\n<li><a href=\"https:\/\/bridge-training.com\/player?dds=5RHN7fFZ\">https:\/\/bridge-training.com\/player?dds=5RHN7fFZ<\/a> semaine du 30\/10\/2023<\/li>\n<li><a href=\"https:\/\/bridge-training.com\/player?dds=5SNMkgcb\">https:\/\/bridge-training.com\/player?dds=5SNMkgcb<\/a> semaine du 30\/10\/2023<\/li>\n<li><a href=\"https:\/\/bridge-training.com\/player?dds=idS9k7Qp\">https:\/\/bridge-training.com\/player?dds=idS9k7Qp<\/a> semaine du 30\/10\/2023<\/li>\n<li><a href=\"https:\/\/bridge-training.com\/player?dds=6EBqZ3T4\">https:\/\/bridge-training.com\/player?dds=6EBqZ3T4<\/a> semaine du 30\/10\/2023<\/li>\n<li><a href=\"https:\/\/bridge-training.com\/player?dds=W3wp4dXy\">https:\/\/bridge-training.com\/player?dds=W3wp4dXy<\/a> semaine du 30\/10\/2023<\/li>\n<li><a href=\"https:\/\/bridge-training.com\/player?dds=q7C6UmVN\">https:\/\/bridge-training.com\/player?dds=q7C6UmVN<\/a> semaine du 30\/10\/2023<\/li>\n<li><a href=\"https:\/\/bridge-training.com\/player?dds=TeKYb7H5\">https:\/\/bridge-training.com\/player?dds=TeKYb7H5<\/a> semaine du 30\/10\/2023<\/li>\n<li><a href=\"https:\/\/bridge-training.com\/player?dds=gAW5dRFL\">https:\/\/bridge-training.com\/player?dds=gAW5dRFL<\/a> semaine du 07\/11\/2023<\/li>\n<li><a href=\"https:\/\/bridge-training.com\/player?dds=8EG4muVw\">https:\/\/bridge-training.com\/player?dds=8EG4muVw<\/a> semaine du 07\/11\/2023<\/li>\n<li><a href=\"https:\/\/bridge-training.com\/player?dds=3yL594Je\">https:\/\/bridge-training.com\/player?dds=3yL594Je<\/a> semaine du 07\/11\/2023<\/li>\n<li><a href=\"https:\/\/bridge-training.com\/player?dds=xgRNDGmF\">https:\/\/bridge-training.com\/player?dds=xgRNDGmF<\/a> semaine du 07\/11\/2023<\/li>\n<li><a href=\"https:\/\/bridge-training.com\/player?dds=gGhb9vfW\">https:\/\/bridge-training.com\/player?dds=gGhb9vfW<\/a> semaine du 14\/11\/2023<\/li>\n<li><a href=\"https:\/\/bridge-training.com\/player?dds=cAgU9usd\">https:\/\/bridge-training.com\/player?dds=cAgU9usd<\/a> semaine du 14\/11\/2023<\/li>\n<li><a href=\"https:\/\/bridge-training.com\/player?dds=TmhDQe95\">https:\/\/bridge-training.com\/player?dds=TmhDQe95<\/a> semaine du 14\/11\/2023<\/li>\n<li><a href=\"https:\/\/bridge-training.com\/player\/?dds=bRk4fGAD\">https:\/\/bridge-training.com\/player\/?dds=bRk4fGAD<\/a> semaine du 14\/11\/2023<\/li>\n<li>\n<div><a href=\"https:\/\/bridge-training.com\/player?dds=azEZ3Am6\">https:\/\/bridge-training.com\/<wbr \/>player?dds=azEZ3Am6<\/a> Donne 17 cours des 20 et 21\/11\/2023<\/div>\n<\/li>\n<li>\n<div><a href=\"https:\/\/bridge-training.com\/player?dds=4WnDaXec\">https:\/\/bridge-training.com\/<wbr \/>player?dds=4WnDaXec<\/a> Donne 18 cours des 20 et 21\/11\/2023<\/div>\n<\/li>\n<li>\n<div><a href=\"https:\/\/bridge-training.com\/player?dds=dSTcu9Ds\">https:\/\/bridge-training.com\/<wbr \/>player?dds=dSTcu9Ds<\/a> Donne 19 cours des 20 et 21\/11\/2023<\/div>\n<\/li>\n<li><a href=\"https:\/\/bridge-training.com\/player?dds=h4av7ACs\">https:\/\/bridge-training.com\/player?dds=h4av7ACs<\/a>\u00a0 Donne 20 cours des 27 et 28\/11\/2023<\/li>\n<li><a href=\"https:\/\/bridge-training.com\/player?dds=AmjUX6Pb\">https:\/\/bridge-training.com\/player?dds=AmjUX6Pb<\/a> Donne 21 cours des 27 et 28\/11\/2023<\/li>\n<li><a href=\"https:\/\/bridge-training.com\/player?dds=CnVYSLQN\">https:\/\/bridge-training.com\/player?dds=CnVYSLQN<\/a> Donne 22 cours des 27 et 28\/11\/2023<\/li>\n<li><a href=\"https:\/\/bridge-training.com\/player?dds=Zq6vTSMU\">https:\/\/bridge-training.com\/player?dds=Zq6vTSMU<\/a> Donne 23 cours des 4 et 05\/12\/2023<\/li>\n<li><a href=\"https:\/\/bridge-training.com\/player?dds=deBTbz8w\">https:\/\/bridge-training.com\/player?dds=deBTbz8w<\/a> Donne 24 cours des 4 et 05\/12\/2023<\/li>\n<li><a href=\"https:\/\/bridge-training.com\/player?dds=qtmhKZML\">https:\/\/bridge-training.com\/player?dds=qtmhKZML\u00a0<\/a> jeu 2 donne 1 cours des 11 et 12\/12\/2023<\/li>\n<li><a href=\"https:\/\/bridge-training.com\/player?dds=qSvrPwB9\">https:\/\/bridge-training.com\/player?dds=qSvrPwB9<\/a>\u00a0 jeu 2 donne 2 cours des 11 et 12\/12\/2023<\/li>\n<li><a href=\"https:\/\/bridge-training.com\/player?dds=LuvEbUty\">https:\/\/bridge-training.com\/player?dds=LuvEbUty<\/a>\u00a0 jeu 2 donne 3 cours des 11 et 12\/12\/2023<\/li>\n<li><a href=\"https:\/\/bridge-training.com\/player?dds=HqAL3s2t\">https:\/\/bridge-training.com\/player?dds=HqAL3s2t<\/a>\u00a0 jeu 2 donne 4 cours des 11 et 12\/12\/2023<\/li>\n<li><a href=\"https:\/\/bridge-training.com\/player?dds=pnd2LseA\">https:\/\/bridge-training.com\/player?dds=pnd2LseA<\/a>\u00a0 jeu 2 donne 5 tournoi realbridge du 13\/12\/2023<\/li>\n<li><a href=\"https:\/\/bridge-training.com\/player?dds=NP25X4xt\">https:\/\/bridge-training.com\/player?dds=NP25X4xt<\/a>\u00a0 jeu 2 donne 6 tournoi realbridge du 13\/12\/2023<\/li>\n<li><a href=\"https:\/\/bridge-training.com\/player?dds=TWCgy4Zx\">https:\/\/bridge-training.com\/player?dds=TWCgy4Zx<\/a>\u00a0 jeu 2 donne 7 tournoi realbridge du 13\/12\/2023<\/li>\n<li><a href=\"https:\/\/bridge-training.com\/player?dds=Nyqdp6CR\">https:\/\/bridge-training.com\/player?dds=Nyqdp6CR\u00a0<\/a> jeu 2 donne 8 tournoi realbridge du 13\/12\/2023<\/li>\n<li><a href=\"https:\/\/bridge-training.com\/player?dds=h9K7USve\">https:\/\/bridge-training.com\/player?dds=h9K7USve<\/a>\u00a0 jeu 2 donne 9 Cours du 18\/12\/2023<\/li>\n<li><a href=\"https:\/\/bridge-training.com\/player?dds=8SwkybDL\">https:\/\/bridge-training.com\/player?dds=8SwkybDL\u00a0<\/a> jeu 2 donne 10 Cours du 18\/12\/2023<\/li>\n<li><a href=\"https:\/\/bridge-training.com\/player?dds=sFMaBjGz\">https:\/\/bridge-training.com\/player?dds=sFMaBjGz<\/a>\u00a0 jeu 2 donne 11 Cours du 18\/12\/2023<\/li>\n<li><a href=\"https:\/\/bridge-training.com\/player?dds=EfbSjALX\">https:\/\/bridge-training.com\/player?dds=EfbSjALX<\/a>\u00a0 jeu 2 donne 12 Cours du 18\/12\/2023<\/li>\n<li><a href=\"https:\/\/bridge-training.com\/player?dds=xF9sZVtG\">https:\/\/bridge-training.com\/player?dds=xF9sZVtG<\/a>\u00a0 jeu 2 donne 13 Cours des 8 et 9\/01\/2024<\/li>\n<li><a href=\"https:\/\/bridge-training.com\/player?dds=eLHapCjr\">https:\/\/bridge-training.com\/player?dds=eLHapCjr<\/a>\u00a0 jeu 2 donne 14 Cours des 8 et 9\/01\/2024<\/li>\n<li><a href=\"https:\/\/bridge-training.com\/player?dds=ANQajUF7\">https:\/\/bridge-training.com\/player?dds=ANQajUF7\u00a0<\/a> jeu 2 donne 15 Cours des 8 et 9\/01\/2024<\/li>\n<li><a href=\"https:\/\/bridge-training.com\/player?dds=M8RhvV2i\">https:\/\/bridge-training.com\/player?dds=M8RhvV2i\u00a0<\/a> jeu 2 donne 16 Cours des 8 et 9\/01\/2024<\/li>\n<li><a href=\"https:\/\/bridge-training.com\/player?dds=ZHEKYn4c\">https:\/\/bridge-training.com\/player?dds=ZHEKYn4c<\/a>\u00a0\u00a0jeu 2 donne 17 Cours des 15\u00a0 et 16\/01\/2024<\/li>\n<li><a href=\"https:\/\/bridge-training.com\/player?dds=ZaTuVhrc\">https:\/\/bridge-training.com\/player?dds=ZaTuVhrc<\/a>\u00a0 jeu 2 donne 18 Cours des 15\u00a0 et 16\/01\/2024<\/li>\n<li><a href=\"https:\/\/bridge-training.com\/player?dds=4B9pWxj5\">https:\/\/bridge-training.com\/player?dds=4B9pWxj5<\/a>\u00a0 jeu 2 donne 19 Cours des 15\u00a0 et 16\/01\/2024<\/li>\n<li><a href=\"https:\/\/bridge-training.com\/player?dds=RLPE9Hfu\">https:\/\/bridge-training.com\/player?dds=RLPE9Hfu\u00a0<\/a> jeu 2 donne 20 Cours des 15\u00a0 et 16\/01\/2024<\/li>\n<\/ul>\n<p><strong>2. Fiches R\u00e9sum\u00e9<\/strong> :\u00a0<\/p>\n<ul>\n<li><a href=\"http:\/\/bcga74.fr\/wp-content\/uploads\/2023\/11\/Re\u0301sume\u0301-Bridge-scolaire.pdf\">Ouvertures 1T ou 1K (2\u00e8me ann\u00e9e)<\/a><\/li>\n<li><a href=\"http:\/\/bcga74.fr\/wp-content\/uploads\/2023\/11\/Ouvertures-et-soutiens-en-majeures.pdf\">Ouvertures et soutiens en majeure (1\u00e8re ann\u00e9e)<\/a><\/li>\n<li><a href=\"http:\/\/bcga74.fr\/wp-content\/uploads\/2023\/11\/RAPPELS-SUR-OUVERTURES-ET-REPONSES-A-SA.pdf\">Rappels ouvertures \u00e0 SA (1\u00e8re ann\u00e9e)<\/a><\/li>\n<li><a href=\"http:\/\/bcga74.fr\/wp-content\/uploads\/2023\/11\/Re\u0301sume\u0301-Bridge-scolaire.pdf\">R\u00e9sum\u00e9 Bridge Scolaire (fin 1\u00e8re ann\u00e9e)<\/a><\/li>\n<\/ul>\n<p>\u00a0<\/p>\n<p>\u00a0<\/p>\n","protected":false},"excerpt":{"rendered":"","protected":false},"author":4,"featured_media":0,"parent":0,"menu_order":0,"comment_status":"closed","ping_status":"closed","template":"","meta":{"footnotes":""},"class_list":["post-4185","page","type-page","status-publish","hentry","nodate","item-wrap"],"_links":{"self":[{"href":"https:\/\/bcga74.fr\/accueil\/wp-json\/wp\/v2\/pages\/4185","targetHints":{"allow":["GET"]}}],"collection":[{"href":"https:\/\/bcga74.fr\/accueil\/wp-json\/wp\/v2\/pages"}],"about":[{"href":"https:\/\/bcga74.fr\/accueil\/wp-json\/wp\/v2\/types\/page"}],"author":[{"embeddable":true,"href":"https:\/\/bcga74.fr\/accueil\/wp-json\/wp\/v2\/users\/4"}],"replies":[{"embeddable":true,"href":"https:\/\/bcga74.fr\/accueil\/wp-json\/wp\/v2\/comments?post=4185"}],"version-history":[{"count":17,"href":"https:\/\/bcga74.fr\/accueil\/wp-json\/wp\/v2\/pages\/4185\/revisions"}],"predecessor-version":[{"id":4427,"href":"https:\/\/bcga74.fr\/accueil\/wp-json\/wp\/v2\/pages\/4185\/revisions\/4427"}],"wp:attachment":[{"href":"https:\/\/bcga74.fr\/accueil\/wp-json\/wp\/v2\/media?parent=4185"}],"curies":[{"name":"wp","href":"https:\/\/api.w.org\/{rel}","templated":true}]}}