{"id":4103,"date":"2023-07-19T10:21:37","date_gmt":"2023-07-19T09:21:37","guid":{"rendered":"https:\/\/bcga74.fr\/accueil\/?page_id=4103"},"modified":"2024-04-21T13:48:44","modified_gmt":"2024-04-21T12:48:44","slug":"bboviaffb","status":"publish","type":"page","link":"https:\/\/bcga74.fr\/accueil\/bboviaffb\/","title":{"rendered":"BBOviaFFB"},"content":{"rendered":"\n<p><strong>Inscriptions tournois BBO via FFB (et non directement sur BBO)<\/strong><\/p>\n<p>Le lancement historique a eu lieu le 31 mars 2022 via une lettre d&rsquo;infos (si vous ne l\u2019avez pas re\u00e7ue, inscrivez-vous \u00e0 notre newsletter en cliquant sur\u00a0<a href=\"https:\/\/forms.gle\/PEtHN259icYUfYTc6\">CONTACT NEWSLETTER<\/a>)<\/p>\n<p>BBO et la FFB souhaitent \u00e0 terme que les bridgeurs passent\u00a0<span style=\"text-decoration: underline;\">par le site FFB<\/span> pour s\u2019inscrire aux tournois FFB sur BBO (comme c\u2019est le cas pour Realbridge). Plus de paiement en BB$, tout se fera en cr\u00e9dits sur votre compte FFB.\u00a0<br \/><strong>IMPORTANT :<\/strong> les modalit\u00e9s pour s\u2019inscrire \u00e0 nos tournois changent, mais le jeu sur BBO sera le m\u00eame, il n\u2019y aura aucune diff\u00e9rence (notamment le d\u00e9marrage du tournoi : SOYEZ CONNECT\u00c9S sur BBO au d\u00e9marrage).<\/p>\n<p><strong>NOUVEAU : le premier tuto est en ligne, cliquez sur<\/strong> <a href=\"https:\/\/www.youtube.com\/watch?v=IpSvzEryOWc\">https:\/\/www.youtube.com\/watch?v=IpSvzEryOWc<\/a><\/p>\n<p><strong>NOUVEAU : le deuxi\u00e8me tuto est en ligne, cliquez sur<\/strong> <a href=\"https:\/\/www.youtube.com\/watch?v=k8t-1SGPE2M\">https:\/\/www.youtube.com\/watch?v=k8t-1SGPE2M<\/a><\/p>\n<p><strong>ANNONCES<\/strong> :<\/p>\n<ul>\n<li>En ao\u00fbt 2023, nous allons organiser un tournoi BBOviaFFB <strong><span style=\"color: #ff0000;\">tous les mardis 14h et tous les jeudis 17h<\/span> <\/strong>(sauf les 15 et 17\/08), les tournois sont ouverts aux inscriptions, profitez-en pour obtenir une r\u00e9duction \u00ab\u00a0Early Bird\u00a0\u00bb (-20% pour les inscriptions au moins 48h avant le d\u00e9marrage du tournoi).\u00a0<\/li>\n<li>En septembre 2023, tous les tournois de 14h et 17h organis\u00e9s par Annecy Divonne Chamb\u00e9ry ou Thonon seront des BBOviaFFB (nous sommes en attente de la d\u00e9cision de Valence)\u00a0<\/li>\n<li>18\/08 : Une campagne a \u00e9t\u00e9 lanc\u00e9e le 18\/08\/2023 aupr\u00e8s de joueurs BBO actifs, n&rsquo;h\u00e9sitez pas \u00e0 la relayer aupr\u00e8s de vos amis (<a href=\"http:\/\/bcga74.fr\/accueil\/bboviaffb\/#Campagne1808\">cliquez ici pour atteindre une copie du mail<\/a>)\u00a0<\/li>\n<li>20\/08 : Ca y est, VALENCE a d\u00e9cid\u00e9 de basculer ses tournois de 14h et 17h sur BBOviaFFB \u00e0 partir du 01\/09, <strong>TOUS les tournois 14h\/17h<\/strong> vont donc basculer en m\u00eame temps.<\/li>\n<li>01\/09 : premi\u00e8res remont\u00e9es des joueurs utilisant la fonctionnalit\u00e9 de recherche de partenaires. plusieurs d\u00e9ceptions de voir des joueurs isol\u00e9s \u00ab\u00a0mari\u00e9s\u00a0\u00bb avec d&rsquo;autres joueurs isol\u00e9s, mais qui ne sont pas connect\u00e9s au d\u00e9marrage ou qui sont d\u00e9sinscrits pour diverses raisons (ils ont \u00ab\u00a0oubli\u00e9\u00a0\u00bb qu&rsquo;ils s&rsquo;\u00e9taient inscrits en tant que joueurs isol\u00e9s, ils ont d\u00e9cid\u00e9 de se d\u00e9sinscrire au dernier moment, peut-\u00eatre pour trouver un autre partenaire), si vous vous inscrivez en tant que joueur isol\u00e9, nous vous demandons d&rsquo;assumer et donc d&rsquo;accepter de jouer avec quelqu&rsquo;un qui a bien voulu vous prendre comme partenaire, nous demandons au passage de ne prendre comme partenaire que des joueurs \u00e0 peu pr\u00e8s du m\u00eame niveau (+\/-2 classements FFB)<\/li>\n<li>01\/09 : si le tournoi BBOviaFFB d\u00e9marre sans vous, par exemple si votre partenaire n&rsquo;\u00e9tait pas connect\u00e9 au d\u00e9marrage (OUI \u00e7a arrive encore&#8230;faites attention), vos cr\u00e9dits FFB ne vous sont pas automatiquement rembours\u00e9s par la FFB (peut-\u00eatre une proc\u00e9dure automatis\u00e9e sera-t-elle mise en place bient\u00f4t), il vous faut donc \u00e9crire \u00e0 assistance@ffbridge.fr en expliquant que vous avez \u00e9t\u00e9 d\u00e9sinscrits du tournoi (date\/heure\/organisateur) et que vous demandez \u00e0 la FFB de vous rembourser.\u00a0\u00a0<\/li>\n<li>02\/09 : ATTENTION si vous \u00eates licenci\u00e9 au Bridge Club du Grand Annecy ou \u00e0 Valence, lorsque vous acc\u00e9dez sur FFB \u00e0 la liste des tournois BBO par Inscriptions Tournois Clubs, vous voyez la liste des tournois organis\u00e9s par VOTRE club dans l&rsquo;ordre chronologique. Or, Annecy et Valence en organisent beaucoup chaque mois (une vingtaine chacun), vous ne voyez pas les tournois BBO organis\u00e9s par les autres clubs (dont Divonne, Chamb\u00e9ry, Thonon ou AIWC) car ils sont list\u00e9s apr\u00e8s&#8230; Pensez-y quand vous cherchez \u00e0 vous inscrire \u00e0 un tournoi qui d\u00e9marre dans les 48h, et rappelez-vous toujours qu&rsquo;il y a CHAQUE jour un tournoi BBOviaFFB \u00e0 14h et un \u00e0 17h.\u00a0 \u00a0 \u00a0 \u00a0 \u00a0 \u00a0\u00a0<\/li>\n<li>01\/01\/2024 : tous les tournois sont d\u00e9sormais BBOviaFFB, 10h 14h 17h et 20h<\/li>\n<\/ul>\n<p><br \/>Tout est en place depuis fin juillet 2023 :<br \/>&#8211; la fonction de gestion des joueurs isol\u00e9s (recherche de partenaires)<br \/>&#8211; le calendrier des tournois BBOviaFFB (cliquez sur le filtre BBO, ordre chronologique, affichage de TOUS les tournois cr\u00e9\u00e9s, pas uniquement ceux qui d\u00e9marrent dans 2h)<br \/>&#8211; nous attendons encore le d\u00e9veloppement de l&rsquo;acc\u00e8s au site FFB (peut-\u00eatre r\u00e9duit) aux joueurs non licenci\u00e9s FFB<br \/>\u00a0<br \/><strong>Nous essaierons ici de vous faciliter la vie. Si vous avez une question, envoyez-la \u00e0<\/strong><br \/><strong>bcga74 @ gmail.com<\/strong><br \/>\u00a0<br \/>Le BCGA continuera \u00e0 proposer des inscriptions aux tournois directement sur BBO sous sa forme historique (BBO \/ Clubs Virtuels \/ FFB France \u2026<br \/>inscriptions \u2013 liste de joueurs isol\u00e9s \u2013 paiement en BB$)\u00a0<br \/>Le BCGA cr\u00e9era des tournois suppl\u00e9mentaires avec inscription via le site de la FFB: Espace licenci\u00e9 \/ Inscription Tournois Club \u2013 paiement en \u20ac (cr\u00e9dits) \u2013 tarif r\u00e9duit \u2013 cliquez sur <a href=\"http:\/\/bcga74.fr\/wp-content\/uploads\/2022\/03\/tutoriel-joueurs-inscriptions-tournoi-BBO.pdf\">TUTORIEL JOUEURS<\/a><br \/>\u00a0<br \/>Nous avons lanc\u00e9 nos premiers tournois <strong>BBOviaFFB<\/strong>\u00a0(avec gestion des joueurs isol\u00e9s) sur le site FFB, pour \u00eatre directement mis au courant : bcga74 @ gmail.com<\/p>\n<p><span style=\"text-decoration: underline;\">Trois pr\u00e9cisions pour bien d\u00e9buter<\/span>\u00a0:<br \/>* l\u2019organisateur des tournois BBO via FFB est affich\u00e9 de mani\u00e8re g\u00e9n\u00e9rique comme \u00e9tant \u00ab FFBTour \u00bb (FFB Tournois), et vous ne verrez donc pas notre code club habituel (FFB3503071)<br \/>* le tournoi sera affich\u00e9 sur BBO comme \u00e9tant \u00ab gratuit \u00bb (en effet on paie sur FFB), c&rsquo;est une verrue BBO, car pour eux, c&rsquo;est gratuit au sens que BBO ne per\u00e7oit pas de BB$ &#8230;<br \/>* joueurs isol\u00e9s : une recherche de joueurs isol\u00e9s est impl\u00e9ment\u00e9e sur le site FFB, vous pouvez vous inscrire sur une liste pour un tournoi donn\u00e9 et choisir votre partenaire.\u00a0<\/p>\n<p><span style=\"text-decoration: underline;\">Inscriptions aux tournois<\/span>\u00a0:<br \/>Les inscriptions sont ouvertes plusieurs jours avant le tournoi sur le site FFB. Plus vous vous inscrivez t\u00f4t pour jouer le tournoi, plus vous b\u00e9n\u00e9ficiez de r\u00e9ductions sur le droit d\u2019inscription:<\/p>\n<ul>\n<li>-20% jusqu\u2019\u00e0 48h avant le tournoi, -10% jusque 24h avant le tournoi. Nous sommes\u00a0<strong>seuls <\/strong>capables de vous donner une r\u00e9duction, et c\u2019est manuel, il suffit donc de nous envoyer un mail (bcga74 @ gmail.com) avec la date\/heure du tournoi et les 2 joueurs qui s\u2019inscrivent. Vous pouvez aussi (c&rsquo;est sans doute plus facile) remplir le formulaire en cliquant sur <a href=\"https:\/\/docs.google.com\/forms\/d\/e\/1FAIpQLScK-XpcQZAxRVHQIorvvRGfyXKefrSkDk6jUoXjiQcAFqK22A\/viewform?usp=pp_url\"><strong><span style=\"color: #ff0000;\">FORMULAIRE POUR LES REDUCTIONS OFFERTES AUX EARLY BIRDS<\/span><\/strong><\/a><\/li>\n<li>Vous DEVEZ \u00eatre connect\u00e9s sur BBO au d\u00e9marrage, si un joueur de la paire n\u2019est pas connect\u00e9, BBO d\u00e9sinscrit brutalement la paire<\/li>\n<li>La cl\u00f4ture des inscriptions sur le site de la FFB aura lieu 30 secondes avant le d\u00e9marrage du tournoi sur BBO\u00a0<\/li>\n<li>ATTENTION Si vous faites partie de la liste des inscrits, et que finalement vous ne souhaitez plus jouer, pensez \u00e0 vous\u00a0<strong>DESINSCRIRE sur le site FFB et non sur BBO<\/strong>\u00a0\u00a0<\/li>\n<\/ul>\n<p>\u00a0<\/p>\n<p>Petite curiosit\u00e9 : pour l\u2019instant la liste des inscrits remonte toutes les 2 minutes (d\u00e8s l\u2019affichage sur BBO 2h avant) pour permettre des inscriptions tardives. A chaque chargement de la nouvelle liste, BBO vous envoie un message \u00ab\u00a0perturbant\u00a0\u00bb en jaune de d\u00e9sinscription (puis r\u00e9inscription) qui est de fait<br \/>erron\u00e9,\u00a0<strong>n\u2019en tenez pas compte<\/strong><\/p>\n<p>Un\u00a0<strong>challenge mensuel<\/strong> sera \u00e9tabli sur les tournois BBOviaFFB pour fid\u00e9liser les joueurs. Pour le moment, tous les tournois organis\u00e9s par le Grand Annecy (15 par semaine) seront concern\u00e9s, nous sommes en train de discuter avec les copains (DIVONNE CHAMBERY THONON VALENCE). L\u2019id\u00e9e est la suivante, un classement par s\u00e9rie sera calcul\u00e9, avec \u00e9limination des mauvaises s\u00e9ances (plus vous jouez, plus vous \u00e9liminez des mauvaises s\u00e9ances), et des prix en cr\u00e9dits FFB seront offerts aux joueurs qui seront sur le podium de leur s\u00e9rie.<\/p>\n<p>FAQ :\u00a0<\/p>\n<ul>\n<li>je ne suis pas licenci\u00e9 FFB, comment jouer : la FFB va offrir la possibilit\u00e9 aux joueurs non-licenci\u00e9s de pouvoir jouer les tournois BBOviaFFB (sans doute avec une la cr\u00e9ation d&rsquo;une licence \u00ab\u00a0fictive\u00a0\u00bb), mais ce n&rsquo;est pas encore pr\u00eat \u00e0 notre connaissance. notre conseil : nous pouvons vous cr\u00e9er une premi\u00e8re licence FFB, elle est gratuite, envoyez \u00ab\u00a0NOM PRENOM DATE DE NAISSANCE ADRESSE POSTALE MAIL NUMERO DE TEL\u00a0\u00bb \u00e0 bcga74 @ gmail.com<\/li>\n<li>v\u00e9rifiez bien que vous avec correctement renseign\u00e9 votre pseudo BBO dans votre Espace Licenci\u00e9 (Mon\u00a0 Profil), sinon vous ne pourrez pas vous inscrire<\/li>\n<\/ul>\n<p>\u00a0<\/p>\n<p>\u00a0<\/p>\n<p>Bon bridge sur BBOviaFFB \u00e0 tous<\/p>\n<p>\u00a0<\/p>\n<p><strong><a id=\"Campagne1808\"><\/a><a id=\"campagne1808\"><\/a>CAMPAGNE DE LANCEMENT DES TOURNOIS BBOviaFFB : 18\/08\/2023<\/strong><\/p>\n<table border=\"0\" width=\"100%\" cellspacing=\"0\" cellpadding=\"0\">\n<tbody>\n<tr>\n<td class=\"ox-05b217b26e-r8-c\" align=\"left\">\n<table class=\"ox-05b217b26e-r0-o\" border=\"0\" width=\"100%\" cellspacing=\"0\" cellpadding=\"0\">\n<tbody>\n<tr>\n<td class=\"ox-05b217b26e-r9-i ox-05b217b26e-nl2go-default-textstyle\" align=\"left\" valign=\"top\">\n<div>\n<p>Bonjour \u00e0 tous,<\/p>\n<\/div>\n<\/td>\n<\/tr>\n<\/tbody>\n<\/table>\n<\/td>\n<\/tr>\n<tr>\n<td class=\"ox-05b217b26e-r8-c\" align=\"left\">\n<table class=\"ox-05b217b26e-r0-o\" border=\"0\" width=\"100%\" cellspacing=\"0\" cellpadding=\"0\">\n<tbody>\n<tr>\n<td class=\"ox-05b217b26e-r10-i ox-05b217b26e-nl2go-default-textstyle\" align=\"left\" valign=\"top\">\n<div>\n<p>Vous recevez ce message car vous \u00eates un joueur actif sur les tournois homologu\u00e9s FFB sur BBO<\/p>\n<p>\u00a0<\/p>\n<p><strong>NOUVEAU !!\u00a0<\/strong><\/p>\n<p>\u00a0<\/p>\n<p>On y est ! Apr\u00e8s un lancement-test en ao\u00fbt qui a concern\u00e9 les tournois du mardi 14h et du jeudi 17h (op\u00e9ration en cours), tous les tournois majeurs sur BBO (<strong>14h et 17h<\/strong>) d&rsquo;<strong>Annecy, Divonne, Chamb\u00e9ry et Thonon<\/strong>, basculeront en tournois<strong>\u00a0BBOviaFFB<\/strong>\u00a0\u00e0 partir du 1er Septembre ! Les tournois concern\u00e9s sont donc : \u00a0<\/p>\n<p>\u00a0<\/p>\n<ul>\n<li>lundis 17h<\/li>\n<li>mardis 14h<\/li>\n<li>mercredis 14h<\/li>\n<li>jeudis 17h<\/li>\n<li>vendredis 14h et 17h<\/li>\n<li>samedis 14h<\/li>\n<li>dimanches 14h et 17h<\/li>\n<\/ul>\n<p>\u00a0<\/p>\n<p>Tous ces tournois de septembre sont d\u00e9j\u00e0 ouverts aux inscriptions, profitez-en pour essayer d\u00e8s maintenant de vous inscrire.\u00a0<\/p>\n<p>\u00a0<\/p>\n<p><strong>CE QUI CHANGE :<\/strong>\u00a0<\/p>\n<ul>\n<li>l&rsquo;unique changement concerne\u00a0<strong>les inscriptions<\/strong>\u00a0qui ne se font plus en BB$ sur le site de BBO, mais en \u20ac (\u00ab\u00a0cr\u00e9dits FFB\u00a0\u00bb) sur le site FFB dans votre Espace Licenci\u00e9 (Inscriptions Tournois Clubs, cliquez sur la case BBO, acc\u00e9dez aux tournois list\u00e9s par ordre chronologique).<\/li>\n<li>vous pouvez vous inscrire en tant que joueur isol\u00e9 (recherche de partenaire) et vous pouvez choisir comme partenaire un joueur inscrit en tant que joueur isol\u00e9.<\/li>\n<li>\u00e0 noter, vous pouvez trouver un joueur en saisissant son nom\/pr\u00e9nom, sa licence\u00a0<strong>ou son pseudo BBO<\/strong>.<\/li>\n<li>vous pouvez vous inscrire plusieurs jours \u00e0 l&rsquo;avance, au lieu des 2 heures impos\u00e9es par les tournois actuels, jusqu&rsquo;\u00e0 quelques minutes avant le tournoi.<\/li>\n<li>nous vous encourageons \u00e0 vous inscrire t\u00f4t, vous b\u00e9n\u00e9ficiez de r\u00e9ductions Early Birds pour les tournois d&rsquo;Annecy.<\/li>\n<li>une fois votre paire inscrite sur FFB, elle appara\u00eet dans la liste des inscrits sur BBO (avec un d\u00e9lai parfois, le temps que la liste des paires inscrites soit mise \u00e0 jour (envoy\u00e9e depuis la FFB vers BBO).<\/li>\n<li>\u00e0 chaque mise \u00e0 jour de la liste des paires sur BBO, un message jaune troublant appara\u00eet (\u00ab\u00a0votre paire est d\u00e9sinscrite\u00a0\u00bb), n&rsquo;en tenez pas compte c&rsquo;est un bug d&rsquo;affichage BBO.<\/li>\n<li>le tournoi est affich\u00e9 2h avant sur BBO, attention il est marqu\u00e9\u00a0<strong>Gratuit<\/strong>\u00a0(au sens BBO, puisque aucun BB$ n&rsquo;est r\u00e9cup\u00e9r\u00e9 par BBO, c&rsquo;est un bug d&rsquo;affichage \u00e9galement).<\/li>\n<li>attention le nom de l&rsquo;organisateur est\u00a0<strong>FFBTour<\/strong>\u00a0et non le traditionnel FFB3503xxx.<\/li>\n<li>vos BB$ ne sont pas utilis\u00e9s pour ces tournois BBOviaFFB, vous pourrez encore les utiliser sur les tournois de 10h et 20h, mais faites attention de ne plus en racheter trop, l&rsquo;objectif est vraiment de basculer tous nos tournois sur BBOviaFFB.<\/li>\n<li>la FFB et BBO n&rsquo;ont pas r\u00e9ussi \u00e0 s&rsquo;accorder sur un transfert de BB$ vers des cr\u00e9dits FFB ou un remboursement aux joueurs.<\/li>\n<\/ul>\n<p>\u00a0<\/p>\n<p><strong>CE QUI NE CHANGE PAS :<\/strong>\u00a0<\/p>\n<ul>\n<li>le lancement du tournoi est sur BBO,<\/li>\n<li>soyez connect\u00e9s sur BBO au d\u00e9marrage du tournoi (BBO d\u00e9sinscrit brutalement les paires dont un joueur au moins n&rsquo;est pas connect\u00e9 au d\u00e9marrage, on ne peut rien faire),<\/li>\n<li>une fois le tournoi lanc\u00e9,\u00a0<strong>tout est pareil<\/strong>\u00a0(le jeu, les cartes, le mouvement du tournoi, les arbitres, etc&#8230;),\u00a0<strong>tout ce qui marche bien depuis plus de 3 ans<\/strong>,<\/li>\n<li>un conseil, v\u00e9rifiez que votre partenaire est bien connect\u00e9 au d\u00e9marrage, surtout si vous l&rsquo;avez choisi comme joueur isol\u00e9,<\/li>\n<li>\u00e9videmment les tournois sont homologu\u00e9s FFB, attributifs de Points d&rsquo;Expert,<\/li>\n<li>ils restent \u00e9galement attributifs de \u00ab\u00a0points d&rsquo;experts BBO\u00a0\u00bb (qui vous permettent d&rsquo;\u00eatre class\u00e9s par BBO, les fameux nombres \u00e0 cot\u00e9 des pseudos BBO).<\/li>\n<\/ul>\n<p>\u00a0<\/p>\n<p><strong>LES AVANTAGES DES TOURNOIS BBOviaFFB :<\/strong>\u00a0<\/p>\n<ul>\n<li>les joueurs sont connus, leur pseudo BBO est li\u00e9 \u00e0 leur licence FFB,<\/li>\n<li>vous ne jouerez plus contre des joueurs anonymes ou \u00ab\u00a0cach\u00e9s\u00a0\u00bb (niveau, pr\u00e9nom\/nom),<\/li>\n<li>le travail de vos arbitres sera facilit\u00e9 par la connaissance des joueurs,<\/li>\n<li>la recherche de partenaires est facilit\u00e9e, vous pouvez plus facilement choisir un partenaire de votre niveau,<\/li>\n<li>le tarif en passant par la FFB ne subira pas la hausse de tarif impos\u00e9e par BBO d\u00e9but juillet (+140% de la part plateforme), hausse que nous avons choisi de ne pas r\u00e9percuter.<\/li>\n<\/ul>\n<p>\u00a0<\/p>\n<p>\u00a0<\/p>\n<p><strong>TOUTES les infos sur<\/strong>\u00a0:\u00a0<a tabindex=\"9999\" href=\"https:\/\/b5hf0.r.a.d.sendibm1.com\/mk\/cl\/f\/sh\/OycZvHuFo1eQt9a9aQq1aFGg\/ULMvRlbKRm1U\" target=\"_blank\" rel=\"noopener\">http:\/\/bcga74.fr\/accueil\/bboviaffb\/<\/a>\u00a0dont les 2 tutoriels expliquant la proc\u00e9dure d&rsquo;inscription sur FFB (liens vers YouTube)<\/p>\n<p>\u00a0<\/p>\n<p><strong>IMPORTANT<\/strong>\u00a0: Nous comptons sur\u00a0<strong>VOUS<\/strong>\u00a0pour diffuser ce message autour de vous, vos amis, vos partenaires, que nous n&rsquo;avons pas les moyens de contacter directement. \u00a0<\/p>\n<p><strong>A NOTER<\/strong>\u00a0: ce message qui vous est envoy\u00e9 sera publi\u00e9 sur le site du BCGA (<a tabindex=\"9999\" href=\"https:\/\/b5hf0.r.a.d.sendibm1.com\/mk\/cl\/f\/sh\/OycZvHuFo1kTbOPFCKzX9r9C\/ciMj0lmfRz6g\" target=\"_blank\" rel=\"noopener\">http:\/\/bcga74.fr\/accueil\/bboviaffb\/<\/a>), ce qui facilitera la diffusion<\/p>\n<p>\u00a0<\/p>\n<p>Les tournois de 10h et de 20h basculeront un peu plus tard.\u00a0<\/p>\n<p>\u00a0<\/p>\n<p><strong>RAPPEL<\/strong>\u00a0: les tournois suivants du mois d&rsquo;ao\u00fbt sont d\u00e9j\u00e0 BBOviaFFB, les inscriptions sont ouvertes :\u00a0<\/p>\n<ul>\n<li>mardi 22\/08 14h<\/li>\n<li>jeudi 24\/08 17h<\/li>\n<li>mardi 29\/08 14h<\/li>\n<li>jeudi 31\/08 17h<\/li>\n<\/ul>\n<p>\u00a0<\/p>\n<p>Pour toute question, \u00a0n&rsquo;h\u00e9sitez pas \u00e0 me contacter :\u00a0<a class=\"mailto-link\" tabindex=\"9999\" href=\"mailto:bcga74@gmail.com\" target=\"_blank\" rel=\"noopener\">bcga74@gmail.com<\/a>\u00a0, mais SVP essayez de me contacter en dehors de la 1\/2 heure pr\u00e9c\u00e9dant le d\u00e9marrage d&rsquo;un tournoi.\u00a0<\/p>\n<p>Si vous souhaitez assister \u00e0 une formation-conf\u00e9rence sur Zoom ou GoogleMeet, souvent plus efficace que des longs mails (&#8230;), envoyez un mail, on trouvera ensemble un cr\u00e9neau<\/p>\n<p>\u00a0<\/p>\n<p>Bien cordialement,\u00a0<\/p>\n<p>Jean-Herv\u00e9 FAVRE\u00a0<br \/>Responsable BBO du BCGA et de ses clubs associ\u00e9s (Divonne, Chamb\u00e9ry, Thonon)<\/p>\n<p>06 23 78 07 42<\/p>\n<\/div>\n<\/td>\n<\/tr>\n<\/tbody>\n<\/table>\n<\/td>\n<\/tr>\n<\/tbody>\n<\/table>\n","protected":false},"excerpt":{"rendered":"","protected":false},"author":4,"featured_media":0,"parent":0,"menu_order":0,"comment_status":"closed","ping_status":"closed","template":"","meta":{"footnotes":""},"class_list":["post-4103","page","type-page","status-publish","hentry","nodate","item-wrap"],"_links":{"self":[{"href":"https:\/\/bcga74.fr\/accueil\/wp-json\/wp\/v2\/pages\/4103","targetHints":{"allow":["GET"]}}],"collection":[{"href":"https:\/\/bcga74.fr\/accueil\/wp-json\/wp\/v2\/pages"}],"about":[{"href":"https:\/\/bcga74.fr\/accueil\/wp-json\/wp\/v2\/types\/page"}],"author":[{"embeddable":true,"href":"https:\/\/bcga74.fr\/accueil\/wp-json\/wp\/v2\/users\/4"}],"replies":[{"embeddable":true,"href":"https:\/\/bcga74.fr\/accueil\/wp-json\/wp\/v2\/comments?post=4103"}],"version-history":[{"count":13,"href":"https:\/\/bcga74.fr\/accueil\/wp-json\/wp\/v2\/pages\/4103\/revisions"}],"predecessor-version":[{"id":4356,"href":"https:\/\/bcga74.fr\/accueil\/wp-json\/wp\/v2\/pages\/4103\/revisions\/4356"}],"wp:attachment":[{"href":"https:\/\/bcga74.fr\/accueil\/wp-json\/wp\/v2\/media?parent=4103"}],"curies":[{"name":"wp","href":"https:\/\/api.w.org\/{rel}","templated":true}]}}