{"id":3846,"date":"2023-01-07T14:59:34","date_gmt":"2023-01-07T13:59:34","guid":{"rendered":"https:\/\/bcga74.fr\/accueil\/?page_id=3846"},"modified":"2025-03-12T08:54:33","modified_gmt":"2025-03-12T07:54:33","slug":"alain-levy-au-bcga","status":"publish","type":"page","link":"https:\/\/bcga74.fr\/accueil\/alain-levy-au-bcga\/","title":{"rendered":"Alain LEVY au BCGA"},"content":{"rendered":"\n\n\n<p>Dans la continuit\u00e9 des conf\u00e9rences organis\u00e9es par le BCGA ces deux derni\u00e8res ann\u00e9es, le BCLA et le BCGA s\u2019associent pour une troisi\u00e8me ann\u00e9e de conf\u00e9rences d\u2019Alain L\u00e9vy \u00e0 ANNECY !\u00a0<\/p>\n<p>Si vous connaissez d\u00e9j\u00e0 Alain LEVY (stages, livres, vid\u00e9os, articles), vous ne pouvez pas rater sa venue \u00e0 Annecy, et si vous ne le connaissez pas encore, vous ne pouvez pas rater non plus.\u00a0<\/p>\n<p><b>Les dates<\/b>\u00a0:\u00a0<b>\u00a0mardi 20 et mercredi 21 MAI 2025<\/b><\/p>\n<p>ATTENTION,\u00a0cette ann\u00e9e, les conf\u00e9rences auront lieu dans les locaux du BCLA.<\/p>\n<p><b>Lieu<\/b>\u00a0: Bridge Club du Lac d\u2019Annecy \u2013\u00a0<b>Immeuble \u00ab\u00a0Le Thalie\u00a0\u00bb 11 boulevard Du Fier, 74000 Annecy ,\u00a0<\/b>nombreuses places de parking alentour.<\/p>\n<p><b>Programme d\u00e9taill\u00e9<\/b>\u00a0des conf\u00e9rences :<\/p>\n<ul type=\"disc\">\n<li><b>Mardi 20\/05<\/b><\/li>\n<\/ul>\n<p>o\u00a0\u00a0\u00a0\u00a09h30-12h : Conf\u00e9rence n\u00b01 \u2013\u00a0<b>R\u00e9veils \u2013 r\u00e9ponses aux r\u00e9veils \u2013 comp\u00e9titives apr\u00e8s r\u00e9veils<\/b><\/p>\n<p>o\u00a0\u00a0\u00a0\u00a014h-18h : Tournoi 24 donnes avec participation de Alain L\u00e9vy \u2013 10 donnes d\u2019application comment\u00e9es<\/p>\n<ul type=\"disc\">\n<li><b>Mercredi 21\/05<\/b><\/li>\n<\/ul>\n<p>o\u00a0\u00a0\u00a0\u00a09h30-12h : Conf\u00e9rence n\u00b02 \u2013\u00a0<b>D\u00e9fausses et signalisation.<\/b><\/p>\n<p>o\u00a0\u00a0\u00a0\u00a014h-16h30 :\u00a0 Conf\u00e9rence 1\u00e8res s\u00e9ries (et assimil\u00e9s) \u2013\u00a0<b>Ench\u00e8res comp\u00e9titives \u00e0 bas palier &#8211;<\/b><\/p>\n<p>A l\u2019issue de chaque conf\u00e9rence Alain L\u00e9vy sera disponible pour \u00e9changer avec vous et\/ou d\u00e9dicacer un de ses ouvrages\u00a0! Vous pouvez apporter votre exemplaire pour le faire d\u00e9dicacer ou acheter sur place un exemplaire qu\u2019Alain L\u00e9vy vous d\u00e9dicacera.<\/p>\n<p><b>TARIFS<\/b>\u00a0:\u00a0<\/p>\n<ul type=\"disc\">\n<li><b>30\u20ac par conf\u00e9rence\u00a0<\/b><br \/>Le BCGA et le BCLA participeront pour leurs adh\u00e9rents respectifs (2024-2025) \u00e0 hauteur de\u00a0<b>2 TICKETS-TOURNOI\u00a0<\/b><a>\u00a0<\/a>(tickets offerts pour des parties en ligne BBO\/Realbridge ou au club).<br \/>Cette participation est non cumulable bien s\u00fbr pour les bi-adh\u00e9rents BCGA\/BCLA (les tickets seront offerts par le club portant la licence).\u00a0<br \/>Les adh\u00e9rents de tous les clubs d\u2019Annecy et de la r\u00e9gion sont les bienvenus, c\u2019est LA F\u00caTE DU BRIDGE \u00c0 ANNECY<br \/>Vous pouvez participer \u00e0 une, deux ou trois conf\u00e9rences\u2026. Selon vos d\u00e9sirs<\/li>\n<li>\n<p><b>7\u20ac pour le tournoi pour les non-adh\u00e9rents BCLA\u00a0<\/b><br \/>\u00a0 \u00a0 \u00a0 \u00a0 \u00a0 \u00a0 \u00a0 \u00a0 \u00a0\u00a0<\/p>\n<\/li>\n<\/ul>\n<p><b>PAIEMENT DES CONFERENCES<\/b>:\u00a0<\/p>\n<ul type=\"disc\">\n<li>En ligne par Carte Bleue (via le site s\u00e9curis\u00e9 STRIPE) en utilisant le lien suivant:\u00a0<br \/><a tabindex=\"9999\" href=\"https:\/\/r.mailer.ffbridge.fr\/mk\/cl\/f\/sh\/SMK1E8tHeFuBlb5Y3GeKNXrRq5GD\/rY6i2aXERQqr\" target=\"_blank\" rel=\"noopener\">PAIEMENT EN LIGNE CONF\u00c9RENCE LEVY<\/a><br \/>\u00a0 \u00a0 \u00a0 \u00a0 (NB: vous pouvez r\u00e9gler plusieurs conf\u00e9rences en 1 seul paiement en cliquant sur \u00ab\u00a0Qt\u00e9 1\u00a0\u00bb)<br \/><br \/><\/li>\n<li>Par virement bancaire au BCGA avec le motif \u00ab conf\u00e9rences L\u00e9vy mai 2025 \u00bb\u00a0<\/li>\n<\/ul>\n<p>En dernier ressort (mais \u00e0 \u00e9viter) en esp\u00e8ces ou ch\u00e8que le jour de la conf\u00e9rence.<\/p>\n<p><b>PAIEMENT DU TOURNOI\u00a0<\/b>:\u00a0<\/p>\n<ul type=\"disc\">\n<li>Sur place au BCLA<\/li>\n<\/ul>\n<p><b>ATTENTION<\/b>\u00a0: le nombre de places pour chaque Conf\u00e9rence et pour le tournoi du 20\/05 est limit\u00e9, r\u00e9servez votre (vos) place(s) le plus vite possible\u00a0:<\/p>\n<ul>\n<li>En vous inscrivant au BCGA ou au BCLA (affiches)<\/li>\n<li>En adressant un mail avec vos coordonn\u00e9es, le d\u00e9tail des conf\u00e9rences choisies, ainsi que l&rsquo;inscription au tournoi \u00e0 l\u2019adresse suivante\u00a0:\u00a0\u00a0\u00a0\u00a0\u00a0\u00a0\u00a0\u00a0\u00a0\u00a0<b><br \/><a class=\"ox-7a61ca5c30-mailto-link mailto-link\" tabindex=\"9999\" href=\"mailto:conference.alainlevy@gmail.com\" target=\"_blank\" rel=\"noopener\">conference.alainlevy@gmail.com<\/a><br \/><br \/><\/b><\/li>\n<\/ul>\n<p><b>INFOS &#8211; RENSEIGNEMENTS &#8211; INSCRIPTIONS<\/b>\u00a0:<br \/>\u00a0 \u00a0A l\u2019adresse\u00a0<a class=\"ox-7a61ca5c30-mailto-link mailto-link\" tabindex=\"9999\" href=\"mailto:conference.alainlevy@gmail.com\" target=\"_blank\" rel=\"noopener\"><b>conference.alainlevy@gmail.com<\/b><\/a><\/p>\n<p>\u00a0<\/p>\n","protected":false},"excerpt":{"rendered":"","protected":false},"author":4,"featured_media":0,"parent":0,"menu_order":0,"comment_status":"closed","ping_status":"closed","template":"","meta":{"footnotes":""},"class_list":["post-3846","page","type-page","status-publish","hentry","nodate","item-wrap"],"_links":{"self":[{"href":"https:\/\/bcga74.fr\/accueil\/wp-json\/wp\/v2\/pages\/3846","targetHints":{"allow":["GET"]}}],"collection":[{"href":"https:\/\/bcga74.fr\/accueil\/wp-json\/wp\/v2\/pages"}],"about":[{"href":"https:\/\/bcga74.fr\/accueil\/wp-json\/wp\/v2\/types\/page"}],"author":[{"embeddable":true,"href":"https:\/\/bcga74.fr\/accueil\/wp-json\/wp\/v2\/users\/4"}],"replies":[{"embeddable":true,"href":"https:\/\/bcga74.fr\/accueil\/wp-json\/wp\/v2\/comments?post=3846"}],"version-history":[{"count":15,"href":"https:\/\/bcga74.fr\/accueil\/wp-json\/wp\/v2\/pages\/3846\/revisions"}],"predecessor-version":[{"id":4543,"href":"https:\/\/bcga74.fr\/accueil\/wp-json\/wp\/v2\/pages\/3846\/revisions\/4543"}],"wp:attachment":[{"href":"https:\/\/bcga74.fr\/accueil\/wp-json\/wp\/v2\/media?parent=3846"}],"curies":[{"name":"wp","href":"https:\/\/api.w.org\/{rel}","templated":true}]}}