{"id":3698,"date":"2022-11-26T16:23:24","date_gmt":"2022-11-26T15:23:24","guid":{"rendered":"https:\/\/bcga74.fr\/accueil\/?page_id=3698"},"modified":"2023-01-30T23:06:52","modified_gmt":"2023-01-30T22:06:52","slug":"donnes-commentees","status":"publish","type":"page","link":"https:\/\/bcga74.fr\/accueil\/donnes-commentees\/","title":{"rendered":"Donnes comment\u00e9es"},"content":{"rendered":"\n\n\n<p><strong>Donnes comment\u00e9es<\/strong><\/p>\n<p>Les tournois en ligne organis\u00e9s par le BCGA font l&rsquo;objet de commentaires <strong>(GRATUITS)<\/strong> de donnes jug\u00e9es int\u00e9ressantes pour des joueurs niveau 2\/3 s\u00e9ries (SEF). Ces commentaires sont envoy\u00e9s par mail aux joueurs et\/ou sont accessibles \u00e0 partir de cette page. Un sondage est effectu\u00e9 \u00e0 l&rsquo;issue du tournoi pour vous permettre, vous les joueurs, de choisir les donnes \u00e0 commenter (un peu comme \u00e0 la fin d&rsquo;un tournoi au club, quand les joueurs s&rsquo;agglutinent autour du champion local)<br \/><br \/><span style=\"text-decoration: underline;\">Prochains tournois avec donnes comment\u00e9es :<\/span>\u00a0<\/p>\n<p>* Jeudi 02\/02\/2023 &#8211; 20h &#8211; sur IntoBridge : r\u00e9ductions sur inscriptions anticip\u00e9es, gestion des joueurs isol\u00e9s, cliquez sur <strong><span style=\"color: #ff0000;\"><a style=\"color: #ff0000;\" href=\"https:\/\/bcga74.fr\/accueil\/intobridge\/\">BCGA-INTOBRIDGE<\/a><\/span><\/strong>\u00a0<\/p>\n<ul>\n<li><span style=\"color: initial;\">Vid\u00e9o pr\u00e9par\u00e9e par le champion Christophe Grosset, choisissez les 2 donnes \u00e0 commenter : <strong><span style=\"color: #ff0000;\"><a style=\"color: #ff0000;\" href=\"https:\/\/forms.gle\/ACWCt5DH1LHQRu2T8\">SONDAGE<\/a><\/span><\/strong><\/span><\/li>\n<\/ul>\n<p>\u00a0<\/p>\n<p>\u00a0<\/p>\n<p><span style=\"text-decoration: underline;\">Historique : <\/span><\/p>\n<ul>\n<li><span style=\"color: initial;\">J<\/span><span style=\"color: initial;\">eudi 26\/01\/2023 &#8211; 20h &#8211; sur IntoBridge : <\/span><span style=\"color: initial;\">Vid\u00e9o pr\u00e9par\u00e9e par le champion Christophe Grosset, <\/span><span style=\"color: initial;\">cliquez sur <\/span><a href=\"https:\/\/www.youtube.com\/watch?v=9hlVaWeWJv4\"><span style=\"color: #ff0000;\"><strong>VID\u00c9O-COMMENTAIRES<\/strong><\/span><\/a><\/li>\n<li><span style=\"color: initial;\">Jeudi 19\/01\/2023 &#8211; 20h &#8211; sur IntoBridge : <\/span><span style=\"color: initial;\">Vid\u00e9o pr\u00e9par\u00e9e par le champion Christophe Grosset, <\/span><span style=\"color: initial;\">cliquez sur <\/span><a href=\"https:\/\/www.youtube.com\/watch?v=bxjgH1UVuCM\"><span style=\"color: #ff0000;\"><strong>VID\u00c9O-COMMENTAIRES<\/strong><\/span><\/a><\/li>\n<li>Jeudi 12\/01\/2023 &#8211; 20h &#8211; sur IntoBridge : <span style=\"color: initial;\">Vid\u00e9o pr\u00e9par\u00e9e par le champion Christophe Grosset, <\/span>cliquez sur <a href=\"https:\/\/www.youtube.com\/watch?v=0AWKn3fd2aw\"><span style=\"color: #ff0000;\"><strong><span style=\"color: #ff0000;\">VID\u00c9O-COMMENTAIRES<\/span><\/strong><\/span><\/a><\/li>\n<li>Jeudi 05\/01\/2023 &#8211; 20h &#8211; sur IntoBridge : <span style=\"color: initial;\">Vid\u00e9o pr\u00e9par\u00e9e par le champion Christophe Grosset, <\/span>cliquez sur <span style=\"color: #ff0000;\"><a href=\"https:\/\/www.youtube.com\/watch?v=_2Wv8muUWU0&amp;t=23s\"><strong><span style=\"color: #ff0000;\">VID\u00c9O-COMMENTAIRES<\/span><\/strong><\/a><\/span><\/li>\n<li>Jeudi 22\/12\/2022 &#8211; 20h &#8211; sur IntoBridge : V<span style=\"color: initial;\">id\u00e9o pr\u00e9par\u00e9e par le champion Christophe Grosset, <\/span>cliquez sur <span style=\"color: #ff0000;\"><a style=\"color: #ff0000;\" href=\"https:\/\/www.youtube.com\/watch?v=qA6Ftm8dZtI\"><strong>VID\u00c9O-COMMENTAIRES<\/strong><\/a><\/span><\/li>\n<li>Lundi 19\/12\/2022 &#8211; 20h &#8211; sur IntoBridge : <span style=\"color: initial;\">Vid\u00e9o pr\u00e9par\u00e9e par le champion Christophe Grosset, <\/span>cliquez sur <span style=\"color: #ff0000;\"><a style=\"color: #ff0000;\" href=\"https:\/\/www.youtube.com\/watch?v=RYInanUYDwk\"><strong>VID\u00c9O-COMMENTAIRES<\/strong><\/a><\/span><\/li>\n<li>Jeudi 15\/12\/2022 &#8211; 20h &#8211; sur IntoBridge : V<span style=\"color: initial;\">id\u00e9o pr\u00e9par\u00e9e par le champion Christophe Grosset, <\/span>cliquez sur <span style=\"color: #ff0000;\"><a style=\"color: #ff0000;\" href=\"https:\/\/youtu.be\/Q6dgAKluHog\"><strong>VID\u00c9O-COMMENTAIRES<\/strong><\/a><\/span><\/li>\n<li>Lundi 12\/12\/2022 &#8211; 20h &#8211; sur IntoBridge : <span style=\"color: initial;\">Vid\u00e9o pr\u00e9par\u00e9e par le champion Christophe Grosset, <\/span> cliquez sur <span style=\"color: #ff0000;\"><strong><a style=\"color: #ff0000;\" href=\"https:\/\/youtu.be\/FgSFILCqY6w\">VID\u00c9O-COMMENTAIRES<\/a><\/strong><\/span><\/li>\n<li>Jeudi 08\/12\/2022 &#8211; 20h &#8211; sur IntoBridge : <span style=\"color: initial;\">Vid\u00e9o pr\u00e9par\u00e9e par le champion Christophe Grosset<\/span>, cliquez sur <a href=\"https:\/\/youtu.be\/qiGG7lebes0\"><span style=\"color: #ff0000;\"><strong>VID\u00c9O-COMMENTAIRES<\/strong><\/span><\/a><\/li>\n<li>Lundi 05\/12\/2022 &#8211; 20h &#8211; sur IntoBridge : <span style=\"color: initial;\">Vid\u00e9o pr\u00e9par\u00e9e par le champion Christophe Grosset<\/span>, cliquez sur <a href=\"https:\/\/youtu.be\/mYb427PaMrQ\"><span style=\"color: #ff0000;\"><strong>VID\u00c9O-COMMENTAIRES<\/strong><\/span><\/a><\/li>\n<li>Jeudi 01\/12\/2022 &#8211; 20h &#8211; sur IntoBridge : Vid\u00e9o pr\u00e9par\u00e9e par le champion Christophe Grosset, cliquez sur <span style=\"color: #ff0000;\"><a style=\"color: #ff0000;\" href=\"https:\/\/youtu.be\/A7S6f2G9DjU\"><strong>VID\u00c9O-COMMENTAIRES<\/strong><\/a><\/span><\/li>\n<li>Lundi 28\/11\/2022 &#8211; 20h &#8211; sur les 2 plateformes IntoBridge et BBO : cliquez sur <strong><a href=\"http:\/\/bcga74.fr\/wp-content\/uploads\/2022\/11\/BCGA-2022-11-28-soir.pdf\">COMMENTAIRES<\/a><\/strong>.<\/li>\n<\/ul>\n<p>\u00a0<\/p>\n<p>\u00a0<\/p>\n","protected":false},"excerpt":{"rendered":"","protected":false},"author":4,"featured_media":0,"parent":0,"menu_order":0,"comment_status":"closed","ping_status":"closed","template":"","meta":{"footnotes":""},"class_list":["post-3698","page","type-page","status-publish","hentry","nodate","item-wrap"],"_links":{"self":[{"href":"https:\/\/bcga74.fr\/accueil\/wp-json\/wp\/v2\/pages\/3698","targetHints":{"allow":["GET"]}}],"collection":[{"href":"https:\/\/bcga74.fr\/accueil\/wp-json\/wp\/v2\/pages"}],"about":[{"href":"https:\/\/bcga74.fr\/accueil\/wp-json\/wp\/v2\/types\/page"}],"author":[{"embeddable":true,"href":"https:\/\/bcga74.fr\/accueil\/wp-json\/wp\/v2\/users\/4"}],"replies":[{"embeddable":true,"href":"https:\/\/bcga74.fr\/accueil\/wp-json\/wp\/v2\/comments?post=3698"}],"version-history":[{"count":44,"href":"https:\/\/bcga74.fr\/accueil\/wp-json\/wp\/v2\/pages\/3698\/revisions"}],"predecessor-version":[{"id":3922,"href":"https:\/\/bcga74.fr\/accueil\/wp-json\/wp\/v2\/pages\/3698\/revisions\/3922"}],"wp:attachment":[{"href":"https:\/\/bcga74.fr\/accueil\/wp-json\/wp\/v2\/media?parent=3698"}],"curies":[{"name":"wp","href":"https:\/\/api.w.org\/{rel}","templated":true}]}}