{"id":3373,"date":"2022-10-07T11:33:17","date_gmt":"2022-10-07T10:33:17","guid":{"rendered":"https:\/\/bcga74.fr\/accueil\/?page_id=3373"},"modified":"2023-02-11T10:19:45","modified_gmt":"2023-02-11T09:19:45","slug":"intobridge","status":"publish","type":"page","link":"https:\/\/bcga74.fr\/accueil\/intobridge\/","title":{"rendered":"IntoBridge"},"content":{"rendered":"\n<h1 style=\"text-align: center;\">INTOBRIDGE<\/h1>\n<p><a href=\"http:\/\/bcga74.fr\/wp-content\/uploads\/2023\/01\/BCGA-IntoBridge.png\"><img loading=\"lazy\" decoding=\"async\" class=\"alignnone  wp-image-3858\" src=\"http:\/\/bcga74.fr\/wp-content\/uploads\/2023\/01\/BCGA-IntoBridge-213x300.png\" alt=\"\" width=\"185\" height=\"260\" srcset=\"https:\/\/bcga74.fr\/wp-content\/uploads\/2023\/01\/BCGA-IntoBridge-213x300.png 213w, https:\/\/bcga74.fr\/wp-content\/uploads\/2023\/01\/BCGA-IntoBridge-726x1024.png 726w, https:\/\/bcga74.fr\/wp-content\/uploads\/2023\/01\/BCGA-IntoBridge-768x1083.png 768w, https:\/\/bcga74.fr\/wp-content\/uploads\/2023\/01\/BCGA-IntoBridge-600x846.png 600w, https:\/\/bcga74.fr\/wp-content\/uploads\/2023\/01\/BCGA-IntoBridge-1090x1536.png 1090w, https:\/\/bcga74.fr\/wp-content\/uploads\/2023\/01\/BCGA-IntoBridge.png 1240w\" sizes=\"auto, (max-width: 185px) 100vw, 185px\" \/><\/a><\/p>\n<p>En compl\u00e9ment de BBO et de RealBridge, voici une troisi\u00e8me plateforme pour jouer des tournois homologu\u00e9s FFB en ligne avec des vrais joueurs.\u00a0\u00a0<\/p>\n<p>L&rsquo;int\u00e9gration d&rsquo;IntoBridge avec le site de la FFB est d\u00e9sormais op\u00e9rationnelle, et le BCGA a organis\u00e9 son tout premier tournoi homologu\u00e9 FFB (attributif de Points d&rsquo;Expert) le JEUDI 24\/11\/2022 \u00e0 20H. Le BCGA organiser des tournois <strong>tous les lundis soirs 20h et jeudis soirs 20h, ainsi que certains mercredis 14h et certains dimanches 17h (voir les tournois cr\u00e9\u00e9s sur le site de la FFB, filtre IntoBridge)<\/strong><\/p>\n<p><strong>INSCRIPTIONS<\/strong> : sur le site de la FFB, dans votre Espace Licenci\u00e9, cliquez sur \u00ab\u00a0Inscriptions Tournois Clubs\u00a0\u00bb, choisissez le filtre \u00ab\u00a0IntoBridge\u00a0\u00bb, cherchez le tournoi organis\u00e9 par le BCGA (Grand Annecy), et inscrivez-vous. Comme pour les tournois RealBridge et les tournois BBOviaFFB, vous payez en euros avec les \u00ab\u00a0cr\u00e9dits\u00a0\u00bb que vous avez achet\u00e9s via le site FFB. Vous recevrez un lien pour rejoindre le tournoi. Le tournoi sera ouvert \u00e0 19h45, et il faudra avoir inscrit votre paire avant.\u00a0 <br \/>NB: Le lien sera \u00e9galement disponible directement dans votre Espace Licenci\u00e9.\u00a0\u00a0\u00a0<\/p>\n<p><strong>REMISES &#8211; OFFRE DE LANCEMENT<\/strong> : inscrivez votre paire en avance pour profiter de <strong>remises exceptionnelles<\/strong> : -20% pour toute inscription au moins 48h avant le tournoi, -10% pour toute inscription au moins 24h avant le tournoi. Pour b\u00e9n\u00e9ficier de votre remise, envoyez un mail \u00e0 bcga74 @ gmail.com avec Noms\/Pr\u00e9noms\/Date du tournoi et assurez-vous d&rsquo;avoir assez de cr\u00e9dits sur votre compte FFB.\u00a0<\/p>\n<p><strong>GESTION DES JOUEURS ISOL\u00c9S<\/strong> : pour le moment, le mieux est de nous envoyer un mail (bcga74 @ gmail.com) avec votre nom\/pr\u00e9nom\/num\u00e9ro de licence FFB et votre classement. Et nous essaierons de vous trouver un gentil partenaire de votre niveau.\u00a0<\/p>\n<p><strong>CLUBS PARTENAIRES<\/strong> : le BCGA a renou\u00e9, comme au 1er semestre 2021, des partenariats avec des clubs, avec une reversion solidaire pour tout joueur d&rsquo;un Club Partenaire ayant particip\u00e9 \u00e0 un tournoi. La liste des Clubs Partenaires (au 27\/11\/2022) est la suivante : AIWC GEN\u00c8VE, BAGNOLS, CHAMB\u00c9RY, DIVONNE, \u00c9TREMBI\u00c8RES, THONON, VENELLES. Si votre club n&rsquo;est pas encore partenaire, n&rsquo;h\u00e9sitez pas \u00e0 en parler \u00e0 votre pr\u00e9sident de club afin qu&rsquo;il prenne contact avec nous.\u00a0 \u00a0\u00a0<\/p>\n<p><strong>COMMENTAIRES DE DONNES<\/strong> : Pour chaque tournoi, un champion r\u00e9alisera une vid\u00e9o sur YouTube avec les commentaires des 2 donnes que VOUS avez choisies majoritairement. Le lien vers la vid\u00e9o sera post\u00e9 dans l&rsquo;onglet <strong><a href=\"https:\/\/bcga74.fr\/accueil\/donnes-commentees\/\">\u00ab\u00a0donnes comment\u00e9es\u00a0\u00bb<\/a><\/strong> du site du BCGA, vous y trouverez \u00e9galement le lien pour voter et choisir jusqu&rsquo;\u00e0 3 donnes.\u00a0\u00a0<\/p>\n<p><strong>GROUPE WHATSAPP (BCGA ONLINE)<\/strong> : nous communiquons sur WhatsApp pour vous donner des infos ou vous envoyer des rappels. Pour rejoindre le groupe WhatsApp, cliquez sur <strong><a href=\"https:\/\/chat.whatsapp.com\/EnxAj2PmBbY2eRSzYAY6WG\">\u00ab\u00a0JE SOUHAITE REJOINDRE\u00a0\u00bb<\/a><\/strong><\/p>\n<p><a href=\"http:\/\/bcga74.fr\/wp-content\/uploads\/2022\/12\/intobridge-notice-christine-isambert.pdf\"><strong>DOCUMENT POUR LES NOUVEAUX UTILISATEURS D&rsquo;INTOBRIDGE<\/strong><\/a> : cliquez sur le lien pour acc\u00e9der au document pr\u00e9par\u00e9 par Marie-Christine Isambert (merci!!)<\/p>\n<p><a href=\"http:\/\/bcga74.fr\/wp-content\/uploads\/2023\/02\/Tutoriel-Jouer-un-tournoi-IntoBridge.pdf\"><strong>TUTO FFB &#8211; Jouer un tournoi FFB sur IntoBridge<\/strong><\/a> : cliquez sur le lien\u00a0<\/p>\n<p>\u00a0<\/p>\n<p>Vive le bridge sous toutes ses formes, Avantiii BCGA !!!\u00a0\u00a0<\/p>\n<p>\u00a0<\/p>\n<p>\u00a0<\/p>\n<p>\u00a0<\/p>\n<p>\u00a0<\/p>\n<p>\u00a0<\/p>\n<p>\u00a0<\/p>\n<p>\u00a0<\/p>\n<p>\u00a0<\/p>\n<p>\u00a0<\/p>\n<p>\u00a0<\/p>\n<p>\u00a0<\/p>\n<p>\u00a0<\/p>\n<p>&#8230;&#8230;&#8230;&#8230;&#8230;&#8230;&#8230;&#8230;&#8230;&#8230;&#8230;&#8230;&#8230;&#8230;&#8230;&#8230;&#8230;&#8230;&#8230;&#8230;&#8230;&#8230;&#8230;&#8230;&#8230;&#8230;&#8230;&#8230;&#8230;&#8230;&#8230;&#8230;&#8230;&#8230;&#8230;&#8230;&#8230;&#8230;&#8230;&#8230;&#8230;&#8230;&#8230;&#8230;&#8230;&#8230;&#8230;&#8230;&#8230;&#8230;&#8230;&#8230;&#8230;&#8230;&#8230;&#8230;&#8230;&#8230;&#8230;&#8230;&#8230;&#8230;&#8230;&#8230;&#8230;&#8230;&#8230;&#8230;&#8230;&#8230;&#8230;&#8230;&#8230;&#8230;&#8230;&#8230;&#8230;&#8230;&#8230;&#8230;&#8230;&#8230;&#8230;&#8230;&#8230;&#8230;&#8230;&#8230;&#8230;&#8230;&#8230;&#8230;&#8230;&#8230;&#8230;&#8230;<\/p>\n<p><strong>(NB: messages ci-dessous : historique, explications et inscriptions avant l&rsquo;int\u00e9gration de IntoBridge dans le site FFB)\u00a0<\/strong><\/p>\n<p>Le BCGA a organis\u00e9 deux tournois-tests gratuits les<strong> jeudis 13\/10 \u00e0 20H (36 joueurs) et 20\/10 \u00e0 14h (20 joueurs)<\/strong>, en attendant l&rsquo;int\u00e9gration avec le site FFB.\u00a0<\/p>\n<p>Je vous conseille avant toute chose de cliquer sur la vid\u00e9o ci-dessous !!\u00a0<\/p>\n<p><a href=\"https:\/\/www.youtube.com\/watch?v=5VT8bsTRrfU\"><strong>LA VIDEO CR\u00c9\u00c9E PAR CHRISTOPHE GROSSET, fondateur de IntoBridge<\/strong><\/a><\/p>\n<p>\u00a0<\/p>\n<p>R\u00c9SULTATS DES TOURNOIS DU 13 et du 20\/10\/2022 : connectez-vous sur IntoBridge, cliquez sur Pairs, Termin\u00e9s, BCGA Tournoi Test, et vous aurez acc\u00e8s \u00e0 tout ! le classement (anecdotique), les diagrammes des donnes, les contrats optimums, le film de chaque donne \u00e0 chaque table&#8230;\u00a0<\/p>\n<p>\u00a0<\/p>\n<p>Petit r\u00e9sum\u00e9 de la proc\u00e9dure \u00e0 suivre ci-dessous :\u00a0<\/p>\n<p>\u00a0<\/p>\n<p><strong>COMMENT CR\u00c9ER UN COMPTE SUR INTOBRIDGE :\u00a0<\/strong><br \/>* allez sur <a href=\"http:\/\/www.intobridge.com\">www.intobridge.com<\/a><br \/>* cliquez en haut \u00e0 droite sur \u00ab\u00a0PLAY NOW\u00a0\u00bb puis sur \u00ab\u00a0Cr\u00e9er un compte\u00a0\u00bb (rectangle jaune)<br \/>* vous pouvez vous connecter directement avec votre compte Facebook, ou avec votre compte Google (adresse gmail) ou avec une autre adresse e-mail en remplissant le formulaire<br \/>* \u00e9ditez votre profil et saisissez vos infos en changeant \u00e9ventuellement votre pseudo<br \/>* n&rsquo;oubliez pas de cliquer sur le drapeau fran\u00e7ais\u00a0<br \/>* IMPORTANT : cliquez sur \u00ab\u00a0Abonnez-vous \u00e0 IntoBridge\u00a0\u00bb, indispensable pour activer cam\u00e9ra et micro<br \/><br \/><\/p>\n<p><strong>COMMENT VOUS INSCRIRE AUX TOURNOIS DES 13\/10 et 20\/10 :<br \/><\/strong>* connectez-vous sur Intobridge avec le mode que vous avez choisi<br \/>* cliquez sur Pairs (3\u00e8me rectangle en dessous de PLAY BRIDGE \u00e0 gauche de votre \u00e9cran)<br \/>* cherchez le tournoi BCGA Grand Annecy Test (vous avez une loupe de recherche, saisissez Annecy)<br \/>* Invitez votre partenaire s&rsquo;il est en ligne, inscrivez-vous sur Partnership Desk si vous \u00eates joueur isol\u00e9<br \/><br \/><strong>CONTACT \/ INFOS \/ QUESTIONS &#8230;<\/strong>\u00a0<br \/>* Appelez-moi pour poser vos questions 06 23 78 07 42\u00a0<\/p>\n<p>\u00a0<\/p>\n<p>\u00a0<\/p>\n\n\n","protected":false},"excerpt":{"rendered":"","protected":false},"author":4,"featured_media":0,"parent":0,"menu_order":0,"comment_status":"closed","ping_status":"closed","template":"","meta":{"footnotes":""},"class_list":["post-3373","page","type-page","status-publish","hentry","nodate","item-wrap"],"_links":{"self":[{"href":"https:\/\/bcga74.fr\/accueil\/wp-json\/wp\/v2\/pages\/3373","targetHints":{"allow":["GET"]}}],"collection":[{"href":"https:\/\/bcga74.fr\/accueil\/wp-json\/wp\/v2\/pages"}],"about":[{"href":"https:\/\/bcga74.fr\/accueil\/wp-json\/wp\/v2\/types\/page"}],"author":[{"embeddable":true,"href":"https:\/\/bcga74.fr\/accueil\/wp-json\/wp\/v2\/users\/4"}],"replies":[{"embeddable":true,"href":"https:\/\/bcga74.fr\/accueil\/wp-json\/wp\/v2\/comments?post=3373"}],"version-history":[{"count":30,"href":"https:\/\/bcga74.fr\/accueil\/wp-json\/wp\/v2\/pages\/3373\/revisions"}],"predecessor-version":[{"id":3934,"href":"https:\/\/bcga74.fr\/accueil\/wp-json\/wp\/v2\/pages\/3373\/revisions\/3934"}],"wp:attachment":[{"href":"https:\/\/bcga74.fr\/accueil\/wp-json\/wp\/v2\/media?parent=3373"}],"curies":[{"name":"wp","href":"https:\/\/api.w.org\/{rel}","templated":true}]}}