{"id":2999,"date":"2022-01-08T18:23:25","date_gmt":"2022-01-08T17:23:25","guid":{"rendered":"https:\/\/bcga74.fr\/accueil\/?page_id=2999"},"modified":"2023-09-05T08:54:42","modified_gmt":"2023-09-05T07:54:42","slug":"inscriptions-tournois-bbo-ou-realbridge-via-ffb-tests","status":"publish","type":"page","link":"https:\/\/bcga74.fr\/accueil\/inscriptions-tournois-bbo-ou-realbridge-via-ffb-tests\/","title":{"rendered":"BBOviaFFB"},"content":{"rendered":"\n<p>\u00a0<\/p>\n<h2><span style=\"color: #ff0000;\"><strong>ATTENTION CETTE PAGE EST OBSOLETE<\/strong><\/span><br \/><span style=\"color: #ff0000;\"><strong>MERCI DE CLIQUER SUR L&rsquo;ONGLET BBOviaFFB DU SITE BCGA74.FR OU DE CLIQUER DIRECTEMENT ICI SUR <a href=\"http:\/\/www.bcga74.fr\/BBOviaFFB\">BBOviaFFB<\/a><\/strong><\/span><\/h2>\n<p>\u00a0<\/p>\n<p><strong>Inscriptions tournois BBO via FFB (et non directement sur BBO)<br \/>Le lancement historique a eu lieu le 31 mars 2022 via la lettre ci-dessous, tout en bas de la page<br \/>(si vous ne l&rsquo;avez pas re\u00e7ue, inscrivez-vous \u00e0 notre newsletter en cliquant sur <a href=\"https:\/\/forms.gle\/PEtHN259icYUfYTc6\">CONTACT NEWSLETTER<\/a>)<\/strong><br \/><br \/>BBO et la FFB souhaitent \u00e0 terme que les bridgeurs passent par le site FFB pour s&rsquo;inscrire aux tournois FFB sur BBO (comme c&rsquo;est le cas pour Realbridge). Plus de paiement en BB$ (et donc de paiement en dollars), tout se fera en \u20ac (les fameux \u00ab\u00a0cr\u00e9dits\u00a0\u00bb sur votre compte FFB).\u00a0<\/p>\n<p><strong>IMPORTANT : les modalit\u00e9s pour s&rsquo;inscrire \u00e0 nos tournois changent, mais le jeu sur BBO sera le m\u00eame, il n&rsquo;y aura aucune diff\u00e9rence.<\/strong><\/p>\n<p>Des tests sont en cours, et il faudra trouver des solutions pour que vous r\u00e9cup\u00e9riez vos BB$, pour g\u00e9rer les joueurs isol\u00e9s (une fonctionnalit\u00e9 tellement bien assur\u00e9e par BBO), pour publier les tournois \u00e0 venir (pour le moment, retrouver les tournois \u00e0 venir n&rsquo;est pas chose ais\u00e9e, contrairement \u00e0 la page d&rsquo;accueil des clubs virtuels FFB sur BBO), et \u00e9galement pour pouvoir accueillir des joueurs qui ne sont pas licenci\u00e9s FFB, donc c&rsquo;est pas gagn\u00e9..\u00a0<br \/>\u00a0<br \/><strong>Nous essaierons ici de vous faciliter la vie. Si vous avez une question, envoyez-la \u00e0 bcga74 @ gmail.com<\/strong><br \/>\u00a0<\/p>\n<p>Dans un premier temps, le BCGA continuera \u00e0 proposer des inscriptions aux tournois directement sur BBO sous sa forme historique (BBO \/ Clubs Virtuels \/ FFB France &#8230; inscriptions &#8211; liste de joueurs isol\u00e9s &#8211; paiement en BB$)\u00a0<\/p>\n<p>Le BCGA cr\u00e9era des tournois suppl\u00e9mentaires avec inscription via le site de la FFB: Espace licenci\u00e9 \/ Inscription Tournois Club &#8211; paiement en \u20ac (cr\u00e9dits) &#8211; tarif r\u00e9duit &#8211; cliquez sur <strong><a href=\"http:\/\/bcga74.fr\/wp-content\/uploads\/2022\/03\/tutoriel-joueurs-inscriptions-tournoi-BBO.pdf\">TUTORIEL JOUEURS<\/a><\/strong><\/p>\n<p>\u00a0<\/p>\n<p><strong>GESTION DES JOUEURS ISOL\u00c9S :<\/strong><\/p>\n<p>La FFB, aux derni\u00e8res nouvelles, proposera une fonctionnalit\u00e9 d&rsquo;appariement des joueurs isol\u00e9s fin juillet 2023\u00a0<\/p>\n<p>\u00a0<\/p>\n<p><strong>NOTEZ BIEN :\u00a0<\/strong><\/p>\n<ul>\n<li><span style=\"color: initial; font-size: revert;\">si vous ne participez pas au tournoi finalement, <\/span>vous serez rembours\u00e9s automatiquement par la FFB SI vous vous \u00eates d\u00e9sinscrits sur le site de la FFB (la d\u00e9sinscription sur BBO ne sert \u00e0 rien !)<\/li>\n<li>les BB$ que vous poss\u00e9dez ne seront pas perdus, nous imaginons que la FFB trouvera un moyen de vous les faire transf\u00e9rer par BBO, en tout cas, ne remettez pas une trop grosse somme sur BBO<\/li>\n<\/ul>\n<p>\u00a0<\/p>\n<p>Nos premiers tournois <strong>BBOviaFFB<\/strong> ouverts sur le site FFB :\u00a0<\/p>\n<p>* joueurs isol\u00e9s : contactez-nous bcga74 @ gmail.com &#8211; en indiquant la date du tournoi ou suivez la proc\u00e9dure d\u00e9crite ci-dessus<br \/>* ATTENTION le tournoi sera affich\u00e9 sur BBO comme \u00e9tant \u00ab\u00a0gratuit\u00a0\u00bb (en effet on paie sur FFB)<br \/>* ATTENTION l&rsquo;organisateur des tournois BBOviaFFB est affich\u00e9 de mani\u00e8re g\u00e9n\u00e9rique comme \u00e9tant \u00ab\u00a0FFBTour\u00a0\u00bb (FFB Tournois), et ne mentionne donc pas notre code club habituel (FFB3503071)<br \/>* ATTENTION, il est conseill\u00e9 de s&rsquo;inscrire le plus t\u00f4t possible, les inscriptions sont ouvertes plusieurs jours avant le tournoi sur le site FFB, et la liste des inscrits remontera toutes les 5 minutes (d\u00e8s l&rsquo;affichage sur BBO 2h avant) pour permettre des inscriptions tardives, en particulier \u00e0 chaque chargement de la nouvelle liste, BBO vous envoie un message en jaune de d\u00e9sinscription qui est en fait erron\u00e9, <strong>n&rsquo;en tenez pas compte<\/strong><br \/>* Vous DEVEZ \u00eatre connect\u00e9s sur BBO au d\u00e9marrage, si un joueur de la paire n&rsquo;est pas connect\u00e9, BBO d\u00e9sinscrit brutalement la paire<br \/>* La cl\u00f4ture des inscriptions sur le site de la FFB aura lieu 30secondes avant le d\u00e9marrage du tournoi sur BBO\u00a0<br \/>* ATTENTION Si vous faites partie de la liste des inscrits, et que finalement vous ne souhaitez plus jouer, pensez \u00e0 vous <strong>DESINSCRIRE sur le site FFB et non sur BBO<\/strong>\u00a0\u00a0<\/p>\n<p>\u00a0<\/p>\n<p><strong>OFFRES DE LANCEMENT :<\/strong>\u00a0<\/p>\n<ul>\n<li>un <strong>challenge mensuel<\/strong> sera \u00e9tabli sur les tournois BBOviaFFB pour fid\u00e9liser les joueurs. Pour le moment, tous les tournois organis\u00e9s par le Grand Annecy (15 par semaine) seront concern\u00e9s, nous sommes en train de discuter avec les copains (DIVONNE CHAMBERY THONON VALENCE). L&rsquo;id\u00e9e est la suivante, un classement par s\u00e9rie sera calcul\u00e9, avec \u00e9limination des mauvaises s\u00e9ances (plus vous jouez, plus vous \u00e9liminez des mauvaises s\u00e9ances), et des prix en cr\u00e9dits FFB seront offerts aux joueurs qui seront sur le podium de leur s\u00e9rie<\/li>\n<li>plus vous vous inscrivez t\u00f4t pour jouer le tournoi, plus vous b\u00e9n\u00e9ficiez de r\u00e9ductions dur le droit d&rsquo;inscription : -20% jusqu&rsquo;\u00e0 48h avant le tournoi, -10% jusque 24h avant le tournoi. Nous sommes <strong>seuls<\/strong> capables de vous donner une r\u00e9duction, et c&rsquo;est manuel, il suffit donc de nous envoyer un mail (bcga74 @ gmail.com) avec la date\/heure du tournoi et les 2 joueurs qui s&rsquo;inscrivent. SIMPLE !\u00a0\u00a0<\/li>\n<\/ul>\n<p>\u00a0<\/p>\n<p>\u00a0<\/p>\n<p>\u00a0<\/p>\n<p>\u00a0<\/p>\n<p>\u00a0<\/p>\n<p>\u00a0<\/p>\n<p>\u00a0<\/p>\n<p>\u00a0<\/p>\n<p>\u00a0<\/p>\n<p>&#8230;&#8230;&#8230;&#8230;&#8230;&#8230;&#8230;&#8230;&#8230;&#8230;&#8230;&#8230;&#8230;&#8230;&#8230;&#8230;&#8230;&#8230;&#8230;&#8230;&#8230;&#8230;&#8230;&#8230;&#8230;&#8230;&#8230;&#8230;&#8230;&#8230;&#8230;&#8230;&#8230;&#8230;&#8230;&#8230;&#8230;&#8230;&#8230;&#8230;&#8230;&#8230;&#8230;&#8230;&#8230;&#8230;&#8230;&#8230;&#8230;&#8230;&#8230;&#8230;&#8230;&#8230;&#8230;&#8230;&#8230;&#8230;&#8230;&#8230;&#8230;&#8230;&#8230;&#8230;&#8230;&#8230;&#8230;&#8230;&#8230;&#8230;&#8230;<br \/><strong>Lettre de lancement du 31\/03\/2022:<\/strong><\/p>\n<div id=\"ox-e1a3c1434f-section-0\" class=\"ox-e1a3c1434f-hse-section ox-e1a3c1434f-hse-section-first\">\n<div class=\"ox-e1a3c1434f-hse-column-container\">\n<div id=\"ox-e1a3c1434f-column-0-0\" class=\"ox-e1a3c1434f-hse-column ox-e1a3c1434f-hse-size-12\">\n<table width=\"100%\" cellspacing=\"0\" cellpadding=\"0\">\n<tbody>\n<tr>\n<td class=\"ox-e1a3c1434f-hs_padded\">\n<div id=\"ox-e1a3c1434f-hs_cos_wrapper_module-0-0-0\" class=\"ox-e1a3c1434f-hs_cos_wrapper ox-e1a3c1434f-hs_cos_wrapper_widget ox-e1a3c1434f-hs_cos_wrapper_type_module\">\n<div id=\"ox-e1a3c1434f-hs_cos_wrapper_module-0-0-0_\" class=\"ox-e1a3c1434f-hs_cos_wrapper ox-e1a3c1434f-hs_cos_wrapper_widget ox-e1a3c1434f-hs_cos_wrapper_type_rich_text\">\n<p>Bonjour Madame, Monsieur,<\/p>\n<p>\u00a0<\/p>\n<p>Le Bridge \u00ab\u00a0homologu\u00e9 FFB\u00a0\u00bb sur BBO \u00e9volue, d\u00e9sormais vous pouvez vous enregistrer aux tournois FFB et r\u00e9gler vos droits de table\u00a0directement sur le site de la FFB, dans votre Espace Licenci\u00e9 (comme pour les tournois de club sur RealBridge).\u00a0<br \/><br \/>* PLUS BESOIN D&rsquo;ACHETER DES BB$ (en US.Dollars&#8230; avec frais bancaires divers).<br \/>* CO\u00dbT OPERATEUR BBO r\u00e9duit (et vous en profitez imm\u00e9diatement !!)\u00a0<br \/><br \/>Le Bridge Club du Grand Annecy (BCGA) organise son premier tournoi\u00a0BBOviaFFB\u00a0<br \/><br \/><strong>Jeudi 31 Mars<\/strong>\u00a0<strong>2022 \u00e0 20h<\/strong><strong><br \/>sur BBO avec inscription sur le site FFB et en \u20ac<\/strong><\/p>\n<p><strong>Droits de table 2\u20ac50 \/ joueur (2,5 \u00ab\u00a0cr\u00e9dits FFB\u00a0\u00bb)<\/strong><strong><br \/><br \/>Tournoi homologu\u00e9 FFB\u00a0avec Points d\u2019Expert<\/strong><\/p>\n<p>Ouvert \u00e0 tous les licenci\u00e9s FFB<br \/>18 donnes<\/p>\n<p><br \/>Inscriptions et paiement sur le site de la FFB\u00a0:<br \/>FFB &#8211; Espace licenci\u00e9 \u2013 Inscriptions Tournois Clubs &#8211; GRAND ANNECY<\/p>\n<p>Acc\u00e8s \u00e0 la salle de jeu : via votre Espace Licenci\u00e9 ou \u00e0 travers le lien que vous recevrez par mail.\u00a0<\/p>\n<p><br \/>Date limite d\u2019inscription : 31 Mars 2022 (19H58)<\/p>\n<p>Arbitre\u00a0: Jean-Herv\u00e9 FAVRE<\/p>\n<p>\u00a0<\/p>\n<p>N&rsquo;h\u00e9sitez pas \u00e0 partager ce message autour de vous. Pour faciliter l&rsquo;organisation, merci de vous inscrire au plus vite.\u00a0<br \/><br \/><\/p>\n<p><strong>IMPORTANT<\/strong>\u00a0: Si vous \u00eates joueur isol\u00e9 ou paire isol\u00e9e, contactez-nous, nous vous trouverons des partenaires. Il n&rsquo;y a pas d&rsquo;espace \u00ab\u00a0recherche de partenaires\u00a0\u00bb pr\u00e9vu sur le site de la FFB (pour le moment)<\/p>\n<p>\u00a0<\/p>\n<p><strong>IMPORTANT<\/strong>\u00a0: Le BC du Grand Annecy continuera \u00e0 organiser ses tournois BBO traditionnels comme depuis avril 2020 (avec inscription et paiement sur le site BBO, en BB$), vos BB$ de toute fa\u00e7on ne seront jamais perdus. BBO et la FFB vont trouver une solution, ne vous inqui\u00e9tez pas.\u00a0<br \/><br \/>IMPORTANT\u00a0: via l&rsquo;interface BBO vous verrez le tournoi programm\u00e9 pour 20h, il sera indiqu\u00e9 \u00ab\u00a0GRATUIT\u00a0\u00bb (qui signifie que les droits d&rsquo;inscription sont r\u00e9gl\u00e9s ailleurs que sur BBO). Mais ne passez pas par l&rsquo;interface BBO pour ce tournoi\u00a0BBOviaFFB. Il est possible que BBO indique \u00ab\u00a08 donnes\u00a0\u00bb au lieu des \u00ab\u00a018 donnes\u00a0\u00bb pr\u00e9vues, c&rsquo;est un Bug d&rsquo;affichage FFB. Si vous avez bien compris,\u00a0ne vous connectez pas au tournoi via BBO\u00a0mais via le site FFB (d&rsquo;o\u00f9 le\u00a0\u00ab\u00a0BBOviaFFB\u00a0\u00bb).\u00a0<br \/><br \/>IMPORTANT\u00a0: si cette exp\u00e9rience et nouveau mode d&rsquo;inscription vous plaisent, nous cr\u00e9erons de plus en plus de tournois BBOviaFFB, retrouvez toutes les infos sur le site www.bcga74.fr , onglet BBOviaFFB. Il y aura des tournois dot\u00e9s par s\u00e9ries (comme des mini-Festivals), des F\u00eates du Bridge, etc&#8230; vous retrouverez tout ce que le BCGA a d\u00e9j\u00e0 fait depuis son arriv\u00e9e dans le bridge en ligne, et bien plus encore.\u00a0\u00a0<\/p>\n<p>\u00a0\u00a0<\/p>\n<p>Jean-Herv\u00e9 FAVRE<br \/>Responsable BBO\/RealBridge du BCGA<br \/>Renseignements : JHF 06.23.78.07.42 ou bcga74 @ gmail.com<\/p>\n<\/div>\n<\/div>\n<\/td>\n<\/tr>\n<\/tbody>\n<\/table>\n<\/div>\n<\/div>\n<\/div>\n<div id=\"ox-e1a3c1434f-section-1\" class=\"ox-e1a3c1434f-hse-section\">\n<div class=\"ox-e1a3c1434f-hse-column-container\">\n<div id=\"ox-e1a3c1434f-column-1-0\" class=\"ox-e1a3c1434f-hse-column ox-e1a3c1434f-hse-size-12\">\n<table width=\"100%\" cellspacing=\"0\" cellpadding=\"0\">\n<tbody>\n<tr>\n<td class=\"ox-e1a3c1434f-hs_padded\">\n<div id=\"ox-e1a3c1434f-hs_cos_wrapper_module-1-0-0\" class=\"ox-e1a3c1434f-hs_cos_wrapper ox-e1a3c1434f-hs_cos_wrapper_widget ox-e1a3c1434f-hs_cos_wrapper_type_module\">\n<table class=\"ox-e1a3c1434f-hse-footer ox-e1a3c1434f-hse-secondary\" width=\"100%\" cellspacing=\"0\" cellpadding=\"0\">\n<tbody>\n<tr>\n<td align=\"center\" valign=\"top\">\n<p>Bridge Club du Grand Annecy, 2b Rue du Vy \u00c9lev\u00e9, Annecy le Vieux, Haute Savoie 74940, France, 0623780742<\/p>\n<p><a tabindex=\"9999\" href=\"https:\/\/hs-9272859.s.hubspotfree.net\/email-unsubscribe\/email?product=emailStarter&amp;checkSubscriptions=all&amp;d=VncJJk9dD16YVHl6w-3M0hPvW3JP00l3zdZ6pW1JyNBF6KMD3BN1fkvKFkdCmvW9k13Dt5M_6F-W5CZglj5hs5lbW56dZ7K5fvZrrW1KVcpz7jDJDWW1ttJfQ3yTWsrW2Vpyqs4YjSv9dJMbX904&amp;v=2&amp;email=jh.favre%40orange.fr&amp;utm_source=hs_email&amp;utm_medium=email&amp;utm_content=208558904&amp;_hsenc=p2ANqtz--pGGMcmNj4dZnuZ-oDSlA5FJ81cx8ZQU6rQXA1DLrydRXlajxxUac1XajSZKX4IXyVJFS-Re1FKlsPSsNkMGA9Se8khQ&amp;_hsmi=208558904\" target=\"_blank\" rel=\"noopener\">Se d\u00e9sabonner<\/a>\u00a0<a tabindex=\"9999\" href=\"https:\/\/hs-9272859.s.hubspotfree.net\/email-unsubscribe\/email?product=emailStarter&amp;d=VncJJk9dD16YVHl6w-3M0hPvW3JP00l3zdZ6pW1JyNBF6KMD3BN1fkvKFkdCmvW9k13Dt5M_6F-W5CZglj5hs5lbW56dZ7K5fvZrrW1KVcpz7jDJDWW1ttJfQ3yTWsrW2Vpyqs4YjSv9dJMbX904&amp;v=2&amp;email=jh.favre%40orange.fr&amp;utm_source=hs_email&amp;utm_medium=email&amp;utm_content=208558904&amp;_hsenc=p2ANqtz--pGGMcmNj4dZnuZ-oDSlA5FJ81cx8ZQU6rQXA1DLrydRXlajxxUac1XajSZKX4IXyVJFS-Re1FKlsPSsNkMGA9Se8khQ&amp;_hsmi=208558904\" target=\"_blank\" rel=\"noopener\">G\u00e9rer les pr\u00e9f\u00e9rences<\/a><\/p>\n<\/td>\n<\/tr>\n<\/tbody>\n<\/table>\n<\/div>\n<\/td>\n<\/tr>\n<\/tbody>\n<\/table>\n<\/div>\n<\/div>\n<\/div>\n\n\n","protected":false},"excerpt":{"rendered":"<p>\u00a0 ATTENTION CETTE PAGE EST OBSOLETEMERCI DE CLIQUER SUR L&rsquo;ONGLET BBOviaFFB DU SITE BCGA74.FR OU DE CLIQUER DIRECTEMENT ICI SUR BBOviaFFB \u00a0 Inscriptions tournois BBO via FFB (et non directement sur BBO)Le lancement historique a eu lieu le 31 mars 2022 via la lettre ci-dessous, tout en bas de la page(si vous ne l&rsquo;avez pas &hellip; <\/p>\n<p><a class=\"more-link btn\" href=\"https:\/\/bcga74.fr\/accueil\/inscriptions-tournois-bbo-ou-realbridge-via-ffb-tests\/\">Lire la suite<\/a><\/p>\n","protected":false},"author":4,"featured_media":0,"parent":0,"menu_order":0,"comment_status":"closed","ping_status":"closed","template":"","meta":{"footnotes":""},"class_list":["post-2999","page","type-page","status-publish","hentry","nodate","item-wrap"],"_links":{"self":[{"href":"https:\/\/bcga74.fr\/accueil\/wp-json\/wp\/v2\/pages\/2999","targetHints":{"allow":["GET"]}}],"collection":[{"href":"https:\/\/bcga74.fr\/accueil\/wp-json\/wp\/v2\/pages"}],"about":[{"href":"https:\/\/bcga74.fr\/accueil\/wp-json\/wp\/v2\/types\/page"}],"author":[{"embeddable":true,"href":"https:\/\/bcga74.fr\/accueil\/wp-json\/wp\/v2\/users\/4"}],"replies":[{"embeddable":true,"href":"https:\/\/bcga74.fr\/accueil\/wp-json\/wp\/v2\/comments?post=2999"}],"version-history":[{"count":55,"href":"https:\/\/bcga74.fr\/accueil\/wp-json\/wp\/v2\/pages\/2999\/revisions"}],"predecessor-version":[{"id":4160,"href":"https:\/\/bcga74.fr\/accueil\/wp-json\/wp\/v2\/pages\/2999\/revisions\/4160"}],"wp:attachment":[{"href":"https:\/\/bcga74.fr\/accueil\/wp-json\/wp\/v2\/media?parent=2999"}],"curies":[{"name":"wp","href":"https:\/\/api.w.org\/{rel}","templated":true}]}}