{"id":2820,"date":"2021-11-04T18:31:36","date_gmt":"2021-11-04T17:31:36","guid":{"rendered":"https:\/\/bcga74.fr\/accueil\/?page_id=2820"},"modified":"2022-06-30T21:05:06","modified_gmt":"2022-06-30T20:05:06","slug":"interclubs-2021-2022","status":"publish","type":"page","link":"https:\/\/bcga74.fr\/accueil\/interclubs-2021-2022\/","title":{"rendered":"Interclubs 2021-2022"},"content":{"rendered":"\n<p><strong>Une des \u00e9quipes repr\u00e9sentant le BCGA en D4 a fini 3\u00e8me en Finale Nationale : BRAVO \u00e0 Patrick Caillet (cap.), Pierre-Albert Laredo, Altan M\u00e9ric, C\u00e9cile Genser, Christine et Benjamin Bisson ! cliquez ci-dessous pour voir la photo\u00a0\u00a0<\/strong><\/p>\n<p><a href=\"http:\/\/bcga74.fr\/wp-content\/uploads\/2022\/06\/BCGA-3emes-interclubs-D4.jpeg\">http:\/\/bcga74.fr\/wp-content\/uploads\/2022\/06\/BCGA-3emes-interclubs-D4.jpeg<\/a><\/p>\n<p>et la PHOTO OFFICIELLE<br \/><img decoding=\"async\" src=\"http:\/\/bcga74.fr\/wp-content\/uploads\/2022\/06\/091ba6de-baf9-4c25-9917-f23de40691c8.jpg\" \/><br \/><br \/>Le BCGA dispose de places dans toutes les divisions :\u00a0<\/p>\n<ul>\n<li>Division 1 : 1 place<\/li>\n<li>Division 2 : 1 place<\/li>\n<li>Division 3 : 2 places<\/li>\n<li>Division 4 : 2 places<\/li>\n<li>Division 5 : autant qu&rsquo;on veut !<\/li>\n<\/ul>\n<p>Le District des Savoies a rappel\u00e9 certaines r\u00e8gles pour la D3\/D4\/D5 : cliquez sur <a href=\"http:\/\/bcga74.fr\/wp-content\/uploads\/2021\/11\/2122InterclubsD3D4enSavoie.pdf\">REGLES D3\/D4\/D5<\/a><\/p>\n<p>Cliquez sur le lien ci-apr\u00e8s pour avoir l&rsquo;\u00e9tat des inscriptions : <a href=\"https:\/\/docs.google.com\/spreadsheets\/d\/1suUD1pghkGgBoOPV302dpwmTgZoChs8v\/edit?usp=sharing&amp;ouid=109317811713261044438&amp;rtpof=true&amp;sd=true\">EQUIPES INSCRITES<\/a><\/p>\n<p>Pour postuler (il ne reste plus que la D5), merci de remplir le formulaire suivant : <a href=\"https:\/\/docs.google.com\/forms\/d\/e\/1FAIpQLSfQrKT5LZgQAaQkix_jSQavuyxRvwTNfHiDfNiqRdevzJt5iw\/viewform?usp=sf_link\">JE POSTULE<\/a><\/p>\n<p><strong>Extrait du R\u00e8glement Int\u00e9rieur du BCGA :\u00a0<\/strong><br \/><em>\u00ab\u00a0L&rsquo;Association a vocation \u00e0 inscrire des \u00e9quipes pour les Interclubs, vecteur de promotion et de fiert\u00e9 d&rsquo;appartenance, permettant \u00e9galement \u00e0 certains joueurs de d\u00e9marrer en comp\u00e9tition. Les Interclubs ob\u00e9issent \u00e0 un r\u00e8glement disponible sur le site du Comit\u00e9 Dauphin\u00e9 Savoie.<\/em><br \/><em>Tout adh\u00e9rent peut postuler \u00e0 participer aux Interclubs, du moment qu&rsquo;il a pris sa licence FFB de la saison en cours par l&rsquo;interm\u00e9diaire de l&rsquo;Association, ou qu&rsquo;il transf\u00e8re sa licence FFB \u00e0 l&rsquo;Association avant l&rsquo;inscription de son \u00e9quipe. La proc\u00e9dure de transfert de licence d&rsquo;un club \u00e0 un autre se r\u00e9sume \u00e0 l&rsquo;envoi d&rsquo;un m\u00e9l du joueur \u00e0 son club d&rsquo;origine.<\/em><br \/><em>L&rsquo;Association invite les adh\u00e9rents \u00e0 s&rsquo;organiser tr\u00e8s en amont de la Date Limite d&rsquo;Inscription, afin de composer des \u00e9quipes d&rsquo;au moins 5 joueurs, en bonne intelligence et si possible homog\u00e8nes, avec nomination d&rsquo;un capitaine.<\/em><br \/><em>Les \u00e9quipes propos\u00e9es seront affich\u00e9es au club, et les joueurs isol\u00e9s ou paires isol\u00e9es seront invit\u00e9s \u00e0 se manifester.<\/em><br \/><em>Les feuilles d&rsquo;inscriptions doivent \u00eatre sign\u00e9es par le Pr\u00e9sident et les droits d&rsquo;inscription seront pris en charge par l&rsquo;Association.<\/em><br \/><em>Dans le cas o\u00f9 des choix seraient \u00e0 faire dans la composition des \u00e9quipes, le Pr\u00e9sident statuera en dernier ressort.\u00a0\u00bb<\/em><\/p>\n<p>\u00a0<\/p>\n<p>\u00a0<\/p>\n<p>\u00a0<\/p>\n","protected":false},"excerpt":{"rendered":"<p>Une des \u00e9quipes repr\u00e9sentant le BCGA en D4 a fini 3\u00e8me en Finale Nationale : BRAVO \u00e0 Patrick Caillet (cap.), Pierre-Albert Laredo, Altan M\u00e9ric, C\u00e9cile Genser, Christine et Benjamin Bisson ! cliquez ci-dessous pour voir la photo\u00a0\u00a0 http:\/\/bcga74.fr\/wp-content\/uploads\/2022\/06\/BCGA-3emes-interclubs-D4.jpeg et la PHOTO OFFICIELLE Le BCGA dispose de places dans toutes les divisions :\u00a0 Division 1 : &hellip; <\/p>\n<p><a class=\"more-link btn\" href=\"https:\/\/bcga74.fr\/accueil\/interclubs-2021-2022\/\">Lire la suite<\/a><\/p>\n","protected":false},"author":4,"featured_media":0,"parent":0,"menu_order":0,"comment_status":"closed","ping_status":"closed","template":"","meta":{"footnotes":""},"class_list":["post-2820","page","type-page","status-publish","hentry","nodate","item-wrap"],"_links":{"self":[{"href":"https:\/\/bcga74.fr\/accueil\/wp-json\/wp\/v2\/pages\/2820","targetHints":{"allow":["GET"]}}],"collection":[{"href":"https:\/\/bcga74.fr\/accueil\/wp-json\/wp\/v2\/pages"}],"about":[{"href":"https:\/\/bcga74.fr\/accueil\/wp-json\/wp\/v2\/types\/page"}],"author":[{"embeddable":true,"href":"https:\/\/bcga74.fr\/accueil\/wp-json\/wp\/v2\/users\/4"}],"replies":[{"embeddable":true,"href":"https:\/\/bcga74.fr\/accueil\/wp-json\/wp\/v2\/comments?post=2820"}],"version-history":[{"count":8,"href":"https:\/\/bcga74.fr\/accueil\/wp-json\/wp\/v2\/pages\/2820\/revisions"}],"predecessor-version":[{"id":3294,"href":"https:\/\/bcga74.fr\/accueil\/wp-json\/wp\/v2\/pages\/2820\/revisions\/3294"}],"wp:attachment":[{"href":"https:\/\/bcga74.fr\/accueil\/wp-json\/wp\/v2\/media?parent=2820"}],"curies":[{"name":"wp","href":"https:\/\/api.w.org\/{rel}","templated":true}]}}