{"id":2707,"date":"2021-10-05T14:37:25","date_gmt":"2021-10-05T13:37:25","guid":{"rendered":"https:\/\/bcga74.fr\/accueil\/?page_id=2707"},"modified":"2021-10-06T22:36:24","modified_gmt":"2021-10-06T21:36:24","slug":"coupe-salette","status":"publish","type":"page","link":"https:\/\/bcga74.fr\/accueil\/coupe-salette\/","title":{"rendered":"Coupe Salette"},"content":{"rendered":"\n<p>Charles Salette \u00e9tait arbitre national et 1\u00e8re s\u00e9rie majeure, il \u00e9tait particuli\u00e8rement bienveillant et sympa \u00e0 la table avec les joueurs les plus modestes, r\u00e9pondant toujours avec plaisir \u00e0 leurs demandes de conseils. <br \/><br \/>Il fut un des tout premiers adh\u00e9rents du BCGA, et nous organisons en sa m\u00e9moire tous les 4\u00e8mes mardis du mois, un tournoi en IMPs par paires (multi-duplicate), attributif de Points d&rsquo;Expert, suivi d&rsquo;un dessert. PAF : 6\u20ac\u00a0<\/p>\n<p>L&rsquo;esprit de ce tournoi est celui qu&rsquo;a toujours d\u00e9fendu Charles : CONVIVIALITE et BONNE HUMEUR<\/p>\n<p>D\u00e9marrage : 20h cartes en mains. <br \/>Pr\u00e9-Inscriptions obligatoires pour des questions d&rsquo;organisation, merci de cliquer sur:\u00a0 <a href=\"https:\/\/docs.google.com\/forms\/d\/e\/1FAIpQLSfGdjy6ot5qc9h8jET5d-piteP0ZmXPSgP3yZu4YWifPUogTQ\/viewform?usp=sf_link\"><strong>PR\u00c9INSCRIPTIONS<\/strong><\/a>\u00a0<br \/><br \/><\/p>\n<p>Le classement annuel est \u00e0 la moyenne des IMPs par s\u00e9ance, la moins bonne s\u00e9ance est \u00e9limin\u00e9e \u00e0 partir de 5 s\u00e9ances jou\u00e9es, et la deuxi\u00e8me moins bonne s\u00e9ance est \u00e9limin\u00e9e \u00e0 partit de 8 s\u00e9ances jou\u00e9es.\u00a0<\/p>\n<p>S\u00e9ances programm\u00e9es : 26\/10, 23\/11, 28\/12 &#8230;\u00a0<\/p>\n<p>Classement : \u00e0 venir<br \/>R\u00e9sultats et PE des s\u00e9ances : sur le site de la FFB dans votre Espace Licenci\u00e9<\/p>\n","protected":false},"excerpt":{"rendered":"<p>Charles Salette \u00e9tait arbitre national et 1\u00e8re s\u00e9rie majeure, il \u00e9tait particuli\u00e8rement bienveillant et sympa \u00e0 la table avec les joueurs les plus modestes, r\u00e9pondant toujours avec plaisir \u00e0 leurs demandes de conseils. Il fut un des tout premiers adh\u00e9rents du BCGA, et nous organisons en sa m\u00e9moire tous les 4\u00e8mes mardis du mois, un &hellip; <\/p>\n<p><a class=\"more-link btn\" href=\"https:\/\/bcga74.fr\/accueil\/coupe-salette\/\">Lire la suite<\/a><\/p>\n","protected":false},"author":4,"featured_media":0,"parent":0,"menu_order":0,"comment_status":"closed","ping_status":"closed","template":"","meta":{"footnotes":""},"class_list":["post-2707","page","type-page","status-publish","hentry","nodate","item-wrap"],"_links":{"self":[{"href":"https:\/\/bcga74.fr\/accueil\/wp-json\/wp\/v2\/pages\/2707","targetHints":{"allow":["GET"]}}],"collection":[{"href":"https:\/\/bcga74.fr\/accueil\/wp-json\/wp\/v2\/pages"}],"about":[{"href":"https:\/\/bcga74.fr\/accueil\/wp-json\/wp\/v2\/types\/page"}],"author":[{"embeddable":true,"href":"https:\/\/bcga74.fr\/accueil\/wp-json\/wp\/v2\/users\/4"}],"replies":[{"embeddable":true,"href":"https:\/\/bcga74.fr\/accueil\/wp-json\/wp\/v2\/comments?post=2707"}],"version-history":[{"count":3,"href":"https:\/\/bcga74.fr\/accueil\/wp-json\/wp\/v2\/pages\/2707\/revisions"}],"predecessor-version":[{"id":2715,"href":"https:\/\/bcga74.fr\/accueil\/wp-json\/wp\/v2\/pages\/2707\/revisions\/2715"}],"wp:attachment":[{"href":"https:\/\/bcga74.fr\/accueil\/wp-json\/wp\/v2\/media?parent=2707"}],"curies":[{"name":"wp","href":"https:\/\/api.w.org\/{rel}","templated":true}]}}