{"id":2572,"date":"2021-08-01T21:04:42","date_gmt":"2021-08-01T20:04:42","guid":{"rendered":"http:\/\/bcga74.fr\/accueil\/?page_id=2572"},"modified":"2025-06-23T15:54:08","modified_gmt":"2025-06-23T14:54:08","slug":"paiements-pour-le-bcga","status":"publish","type":"page","link":"https:\/\/bcga74.fr\/accueil\/paiements-pour-le-bcga\/","title":{"rendered":"Paiements pour le BCGA"},"content":{"rendered":"\n<p>Vous pouvez r\u00e9gler ici divers produits qui vous sont propos\u00e9s par le BCGA (cotisation, licence, tournois, &#8230;), ou acheter des cr\u00e9dits sur votre compte au BCGA, par paiement CB enti\u00e8rement s\u00e9curis\u00e9 \u00e0 l&rsquo;aide de notre partenaire STRIPE*<\/p>\n<ul>\n<li>Paiement de votre licence f\u00e9d\u00e9rale FFB 2025-2026 (41\u20ac) et de votre cotisation au BCGA (31\u20ac ou 21\u20ac) pour la saison 2025-2026 :\u00a0\n<ul>\n<li>Vous habitez en Haute-Savoie\u00a0 : 72\u20ac. Cliquez sur ce <a href=\"https:\/\/buy.stripe.com\/cNi00k9Fx8MDdD3blbgA80J\"><strong>L<\/strong><strong>IEN<\/strong><\/a><\/li>\n<li>Vous n&rsquo;habitez pas en Haute-Savoie: 62\u20ac. Cliquez sur ce <a href=\"https:\/\/buy.stripe.com\/fZuaEY04Xgf58iJ9d3gA80K\"><strong>LIEN<\/strong><\/a><\/li>\n<\/ul>\n<\/li>\n<li>Paiement d&rsquo;une cotisation simple au BCGA pour la saison 2025-2026, sans la licence f\u00e9d\u00e9rale FFB (vous prenez votre licence dans un autre club, mais vous \u00eates inform\u00e9 et participez aux d\u00e9cisions strat\u00e9giques du BCGA, et soutenez son action pour le d\u00e9veloppement du bridge sous toutes ses formes) :\u00a0\n<ul>\n<li>Vous habitez en Haute-Savoie : 31\u20ac, cliquez sur ce <a href=\"https:\/\/buy.stripe.com\/eVq28s8Bt4wneH774VgA80M\"><strong>LIEN<\/strong><\/a><\/li>\n<li>Vous n&rsquo;habitez pas en Haute-Savoie: 21\u20ac, cliquez sur ce <strong><a href=\"https:\/\/buy.stripe.com\/00w6oI4ldbYPbuV74VgA80N\">LIEN<\/a>\u00a0<\/strong>\u00a0<br \/><br \/><\/li>\n<\/ul>\n<\/li>\n<li>Les paiements en ligne de tournois BBOviaFFB ou en pr\u00e9sentiel, ou d&rsquo;animations se font d\u00e9sormais via le site de la FFB (cr\u00e9dits FFB en \u20ac), mais vous pouvez aussi acheter une carte virtuelle d&rsquo;une valeur de 5 tournois BBOviaFFB (17\u20ac50), le BCGA g\u00e8re votre carte virtuelle et vous inscrit \u00e0 votre demande aux tournois, cliquez sur <strong><a href=\"https:\/\/buy.stripe.com\/aEUdRgenE6MF6lyfZy\">LIEN<\/a><\/strong>\u00a0<\/li>\n<li>Vous pouvez contacter le BCGA par mail en cas de demande particuli\u00e8re (bcga74 @ gmail.com), par exemple pour effectuer un don ou tout virement bancaire\u00a0<\/li>\n<\/ul>\n<ul>\n<li style=\"list-style-type: none;\">\u00a0<\/li>\n<\/ul>\n<p>\u00a0<\/p>\n<p>\u00a0<\/p>\n<p>* Des millions d&rsquo;entreprises de toutes tailles, des start-up aux grandes entreprises, et donc en particulier le BCGA, utilisent le logiciel et les API de STRIPE pour accepter des paiements, effectuer des virements et g\u00e9rer leurs activit\u00e9s en ligne.<\/p>\n","protected":false},"excerpt":{"rendered":"","protected":false},"author":4,"featured_media":0,"parent":0,"menu_order":0,"comment_status":"closed","ping_status":"closed","template":"","meta":{"footnotes":""},"class_list":["post-2572","page","type-page","status-publish","hentry","nodate","item-wrap"],"_links":{"self":[{"href":"https:\/\/bcga74.fr\/accueil\/wp-json\/wp\/v2\/pages\/2572","targetHints":{"allow":["GET"]}}],"collection":[{"href":"https:\/\/bcga74.fr\/accueil\/wp-json\/wp\/v2\/pages"}],"about":[{"href":"https:\/\/bcga74.fr\/accueil\/wp-json\/wp\/v2\/types\/page"}],"author":[{"embeddable":true,"href":"https:\/\/bcga74.fr\/accueil\/wp-json\/wp\/v2\/users\/4"}],"replies":[{"embeddable":true,"href":"https:\/\/bcga74.fr\/accueil\/wp-json\/wp\/v2\/comments?post=2572"}],"version-history":[{"count":27,"href":"https:\/\/bcga74.fr\/accueil\/wp-json\/wp\/v2\/pages\/2572\/revisions"}],"predecessor-version":[{"id":4573,"href":"https:\/\/bcga74.fr\/accueil\/wp-json\/wp\/v2\/pages\/2572\/revisions\/4573"}],"wp:attachment":[{"href":"https:\/\/bcga74.fr\/accueil\/wp-json\/wp\/v2\/media?parent=2572"}],"curies":[{"name":"wp","href":"https:\/\/api.w.org\/{rel}","templated":true}]}}