{"id":2569,"date":"2021-07-29T21:09:10","date_gmt":"2021-07-29T20:09:10","guid":{"rendered":"http:\/\/bcga74.fr\/accueil\/?page_id=2569"},"modified":"2022-11-14T15:43:38","modified_gmt":"2022-11-14T14:43:38","slug":"le-bcga-en-presentiel","status":"publish","type":"page","link":"https:\/\/bcga74.fr\/accueil\/le-bcga-en-presentiel\/","title":{"rendered":"le BCGA en pr\u00e9sentiel"},"content":{"rendered":"\n<h2 style=\"text-align: center;\">BCGA en Pr\u00e9sentiel<\/h2>\n<p>Voici ce que le BCGA vous propose en pr\u00e9sentiel.<\/p>\n<p>Sauf indications particuli\u00e8res, les activit\u00e9s ont lieu au 1, Place du 18 juin, 6\u00e8me \u00e9tage, \u00e0 Annecy le Vieux.\u00a0<\/p>\n<p><strong>TOURNOIS<\/strong><br \/>Mardi 14h30 : tournoi FFB open, organis\u00e9 tr\u00e8s souvent dans le cadre de la <a href=\"https:\/\/bcga74.fr\/accueil\/coupe-des-club\/\" target=\"_blank\" rel=\"noopener\">coupe des clubs<\/a><br \/>Jeudi 14h30 : tournoi FFB open (Troph\u00e9e du Voyage le 3\u00e8me jeudi du mois)<br \/>Vendredi 14h30 : tournoi FFB open<\/p>\n<p><strong>COURS<\/strong><br \/>Lundi matin :\u00a0 \u00a0 * cours initiation 1\u00e8re ann\u00e9e (un trimestre gratuit sans engagement)<br \/>\u00a0 \u00a0 \u00a0 \u00a0 \u00a0 \u00a0 \u00a0 \u00a0 \u00a0 \u00a0 \u00a0 \u00a0 \u00a0 \u00a0 \u00a0* cours initiation 2\u00e8me ann\u00e9e<br \/>Mercredi matin : cours initiation 3\u00e8me ann\u00e9e<br \/>Jeudi matin : cours initiation 3\u00e8me ann\u00e9e, Atelier Jeu de la carte (niveau perfectionnement ++)\u00a0<br \/>Vendredi matin : cours perfectionnement 1-2 (au si\u00e8ge)<br \/>Samedi matin : cours comp\u00e9tition (au si\u00e8ge)<\/p>\n<p><strong>INSCRIPTIONS<\/strong><br \/>Pour nous aider dans l&rsquo;organisation ou pour faire une recherche de partenaire, merci de remplir le <strong><a href=\"https:\/\/forms.gle\/ERDK927rtYSKHCUDA\">FORMULAIRE D&rsquo;INSCRIPTION AUX TOURNOIS<\/a><\/strong><\/p>\n<p>Pour toute demande de pr\u00e9cisions ou inscriptions aux cours\/tournois, contactez JHF 06.23.78.07.42 ou bcga74 @ gmail.com\u00a0<\/p>\n<p>\u00a0<\/p>\n<p>\u00a0<\/p>\n","protected":false},"excerpt":{"rendered":"","protected":false},"author":4,"featured_media":0,"parent":0,"menu_order":0,"comment_status":"closed","ping_status":"closed","template":"","meta":{"footnotes":""},"class_list":["post-2569","page","type-page","status-publish","hentry","nodate","item-wrap"],"_links":{"self":[{"href":"https:\/\/bcga74.fr\/accueil\/wp-json\/wp\/v2\/pages\/2569","targetHints":{"allow":["GET"]}}],"collection":[{"href":"https:\/\/bcga74.fr\/accueil\/wp-json\/wp\/v2\/pages"}],"about":[{"href":"https:\/\/bcga74.fr\/accueil\/wp-json\/wp\/v2\/types\/page"}],"author":[{"embeddable":true,"href":"https:\/\/bcga74.fr\/accueil\/wp-json\/wp\/v2\/users\/4"}],"replies":[{"embeddable":true,"href":"https:\/\/bcga74.fr\/accueil\/wp-json\/wp\/v2\/comments?post=2569"}],"version-history":[{"count":19,"href":"https:\/\/bcga74.fr\/accueil\/wp-json\/wp\/v2\/pages\/2569\/revisions"}],"predecessor-version":[{"id":3604,"href":"https:\/\/bcga74.fr\/accueil\/wp-json\/wp\/v2\/pages\/2569\/revisions\/3604"}],"wp:attachment":[{"href":"https:\/\/bcga74.fr\/accueil\/wp-json\/wp\/v2\/media?parent=2569"}],"curies":[{"name":"wp","href":"https:\/\/api.w.org\/{rel}","templated":true}]}}