{"id":2167,"date":"2021-01-30T03:28:25","date_gmt":"2021-01-30T02:28:25","guid":{"rendered":"http:\/\/bcga74.fr\/accueil\/?page_id=2167"},"modified":"2024-04-21T13:52:06","modified_gmt":"2024-04-21T12:52:06","slug":"bcga-online","status":"publish","type":"page","link":"https:\/\/bcga74.fr\/accueil\/bcga-online\/","title":{"rendered":"BCGA Online"},"content":{"rendered":"\n<h1 style=\"text-align: center;\">BCGA ON LINE<\/h1>\n<p>Les principaux liens utiles pour les joueurs, ces liens concernent les 4 plateformes (le jeu en ligne en face d&rsquo;un vrai partenaire : BBO, RealBridge, le petit nouveau IntoBridge, et le bridge contre robots FunBridge) :<\/p>\n<ul>\n<li>Cliquez pour acc\u00e9der \u00e0 la <a href=\"https:\/\/docs.google.com\/spreadsheets\/d\/1cxVt0ZFBtic1P6fqxZjhMgI29uQch1CbA8znAcwg2fU\/edit?usp=sharing (clic droit, ouvrir dans une nouvelle fen\u00eatre)\" data-wplink-url-error=\"true\"><b>grille des tournois BBO des 6 clubs (ANNECY AIWC CHAMB\u00c9RY DIVONNE THONON VALENCE)<\/b><\/a>\u00a0 \u00a0<\/li>\n<li>Le BCGA organise \u00e9galement des tournois de niveau Excellence sur RealBridge par paires le lundi soir, ainsi que les E-Match\/4 le vendredi soir (ouvert \u00e0 tous) en rotation\/association avec Valence et Nancy. Inscriptions sur le site FFB (Calendrier, Festivals).\u00a0<\/li>\n<li>Le BCGA organise des tournois open sur IntoBridge : Cliquez sur <a href=\"https:\/\/bcga74.fr\/accueil\/intobridge\/\"><strong>IntoBridge<\/strong><\/a><\/li>\n<li>PROGRAMME EARLY BIRDS :<strong><a href=\"https:\/\/forms.gle\/55qm8s3t74BHaxU2A\"> inscrivez votre paire<\/a><\/strong> \u00e0 un tournoi BBO organis\u00e9 par le GRAND ANNECY, AVANT l&rsquo;affichage du tournoi sur BBO, et b\u00e9n\u00e9ficiez de points de fid\u00e9lit\u00e9 et de cadeaux en BB$<\/li>\n<\/ul>\n<ul>\n<li>le BCGA est membre d&rsquo;un programme de fid\u00e9lit\u00e9, si vous souhaitez devenir joueur VIP, cliquez sur <strong><a href=\"https:\/\/merci-partenaire-bridge-28.webselfsite.net\/\">MERCI PARTENAIRE<\/a><\/strong>, l&rsquo;adh\u00e9sion est gratuite et vous suivrez votre solde de points de fid\u00e9lit\u00e9 (reversion de BB$ en cas de pr\u00e9-inscriptions, puis \u00e0 terme \u00e0 chaque fois que vous jouez)\u00a0 \u00a0\u00a0<\/li>\n<\/ul>\n<p>Nous avons un groupe WhatsApp (<strong>BCGA Online<\/strong>) destin\u00e9 aux joueurs des tournois en ligne (BBO et RealBridge) organis\u00e9s par le BC Grand Annecy. Nous y publions notamment des demandes de partenaires pour joueurs isol\u00e9s, des infos sur les tournois, des r\u00e9sultats, etc&#8230;<\/p>\n<p>Vous pouvez rejoindre le groupe WhatsApp en\u00a0 cliquant sur ce lien : <a href=\"https:\/\/chat.whatsapp.com\/EnxAj2PmBbY2eRSzYAY6WG\"><strong>Rejoindre BCGA Online<\/strong> sur WhatsApp<\/a><\/p>\n<p>Vous pouvez \u00e9galement int\u00e9grer le groupe WhatsApp par simple demande (JHF envoyer SMS 06 23 78 07 42)<\/p>\n<p>\u00a0<\/p>\n<p>\u00a0<\/p>\n<p>\u00a0<\/p>\n<p>***********************************************************************************************************<\/p>\n<p>La r\u00e9version aux Clubs Partenaires s&rsquo;est arr\u00eat\u00e9e le 30\/06\/2021, nous avons aid\u00e9 54 clubs depuis d\u00e9but f\u00e9vrier pour un montant total de r\u00e9version (ANNECY-VALENCE) de 8.265\u20ac<\/p>\n","protected":false},"excerpt":{"rendered":"","protected":false},"author":4,"featured_media":0,"parent":0,"menu_order":0,"comment_status":"closed","ping_status":"closed","template":"","meta":{"footnotes":""},"class_list":["post-2167","page","type-page","status-publish","hentry","nodate","item-wrap"],"_links":{"self":[{"href":"https:\/\/bcga74.fr\/accueil\/wp-json\/wp\/v2\/pages\/2167","targetHints":{"allow":["GET"]}}],"collection":[{"href":"https:\/\/bcga74.fr\/accueil\/wp-json\/wp\/v2\/pages"}],"about":[{"href":"https:\/\/bcga74.fr\/accueil\/wp-json\/wp\/v2\/types\/page"}],"author":[{"embeddable":true,"href":"https:\/\/bcga74.fr\/accueil\/wp-json\/wp\/v2\/users\/4"}],"replies":[{"embeddable":true,"href":"https:\/\/bcga74.fr\/accueil\/wp-json\/wp\/v2\/comments?post=2167"}],"version-history":[{"count":67,"href":"https:\/\/bcga74.fr\/accueil\/wp-json\/wp\/v2\/pages\/2167\/revisions"}],"predecessor-version":[{"id":4358,"href":"https:\/\/bcga74.fr\/accueil\/wp-json\/wp\/v2\/pages\/2167\/revisions\/4358"}],"wp:attachment":[{"href":"https:\/\/bcga74.fr\/accueil\/wp-json\/wp\/v2\/media?parent=2167"}],"curies":[{"name":"wp","href":"https:\/\/api.w.org\/{rel}","templated":true}]}}