{"id":19,"date":"2015-11-12T10:39:18","date_gmt":"2015-11-12T09:39:18","guid":{"rendered":"http:\/\/bcga74.fr\/?page_id=19"},"modified":"2024-10-11T10:21:09","modified_gmt":"2024-10-11T09:21:09","slug":"vie-du-club","status":"publish","type":"page","link":"https:\/\/bcga74.fr\/accueil\/vie-du-club\/","title":{"rendered":"Vie du Club"},"content":{"rendered":"<h1 style=\"text-align: center;\"><span style=\"font-size: 24pt;\">LA VIE DU CLUB<\/span><\/h1>\n<p style=\"text-align: center;\"><a href=\"http:\/\/bcga74.fr\/wp-content\/uploads\/2020\/10\/logo-BCGA.jpg\"><img loading=\"lazy\" decoding=\"async\" class=\"alignnone size-medium wp-image-1512\" src=\"http:\/\/bcga74.fr\/wp-content\/uploads\/2020\/10\/logo-BCGA-300x144.jpg\" alt=\"\" width=\"300\" height=\"144\" srcset=\"https:\/\/bcga74.fr\/wp-content\/uploads\/2020\/10\/logo-BCGA-300x144.jpg 300w, https:\/\/bcga74.fr\/wp-content\/uploads\/2020\/10\/logo-BCGA-768x370.jpg 768w, https:\/\/bcga74.fr\/wp-content\/uploads\/2020\/10\/logo-BCGA-600x289.jpg 600w, https:\/\/bcga74.fr\/wp-content\/uploads\/2020\/10\/logo-BCGA-750x361.jpg 750w, https:\/\/bcga74.fr\/wp-content\/uploads\/2020\/10\/logo-BCGA.jpg 945w\" sizes=\"auto, (max-width: 300px) 100vw, 300px\" \/><\/a><\/p>\n<p><a href=\"http:\/\/bcga74.fr\/wp-content\/uploads\/2020\/10\/logobcgasavoie.jpg\"><img loading=\"lazy\" decoding=\"async\" class=\"wp-image-1511  alignleft\" src=\"http:\/\/bcga74.fr\/wp-content\/uploads\/2020\/10\/logobcgasavoie-150x150.jpg\" alt=\"\" width=\"167\" height=\"167\" \/><\/a><span style=\"font-size: 14pt;\"><strong>\u00a0<\/strong><\/span><\/p>\n<p><em>Si nous privil\u00e9gions les valeurs d&rsquo;accueil, de f\u00eate et de courtoisie sur les comportements d&rsquo;exclusion, de suffisance et de grossi\u00e8ret\u00e9, nous parviendrons bien vite \u00e0 faire du bridge un rouage important et estim\u00e9 de notre soci\u00e9t\u00e9 &#8230; \u00a0\u00bb (Patrick Grenthe, ancien Pr\u00e9sident de la F\u00e9d\u00e9ration Fran\u00e7aise de Bridge, \u00e9dito de septembre 2015 de la revue \u00ab\u00a0l&rsquo;As de Tr\u00e8fle\u00a0\u00bb)<\/em><\/p>\n<p>C&rsquo;est avec cet engagement qu&rsquo;une trentaine de membres fondateurs se sont r\u00e9unis en Assembl\u00e9e G\u00e9n\u00e9rale Constitutive, le 23\u00a0octobre 2015, pour cr\u00e9er un nouveau club de bridge sur l&rsquo;agglom\u00e9ration ann\u00e9cienne, ce qui\u00a0a justifi\u00e9 l&rsquo;appellation du nom du <strong>Bridge Club du Grand Annecy, <\/strong>nom sugg\u00e9r\u00e9 par le regrett\u00e9 <a href=\"http:\/\/bcga74.fr\/deces-de-charles-salette\/\" target=\"_blank\" rel=\"noopener noreferrer\">Charles Salette,<\/a>qui s&rsquo;\u00e9tait en l&rsquo;occurrence montr\u00e9 \u00eatre un visionnaire puisqu&rsquo;il s&rsquo;agit exactement du nouveau nom officiel de la grande agglom\u00e9ration d&rsquo;Annecy, qui a vu\u00a0le jour le 1er janvier 2017.<\/p>\n<p>A la date de la derni\u00e8re AG (24\/09\/2024),\u00a0 le BCGA est constitu\u00e9 de 238 membres (adh\u00e9rents et sympathisants adultes), son conseil d&rsquo;administration est compos\u00e9 de 8 membres et de nombreux b\u00e9n\u00e9voles interviennent au quotidien \u00e0 ses c\u00f4t\u00e9s.<\/p>\n<p>Le bureau est constitu\u00e9 de:<\/p>\n<ul>\n<li>Pr\u00e9sident: Marc Weill<\/li>\n<li>Vice-Pr\u00e9sident: Bernard Bonnaire<\/li>\n<li>Secr\u00e9taire: Jean-Ren\u00e9 Jullion<\/li>\n<li>Tr\u00e9sorier: Jo\u00ebl Leroy<\/li>\n<\/ul>\n<p>Autres membres du C.A:<\/p>\n<ul>\n<li>Anne-Marie Gros-Gaudenier<\/li>\n<li>Fran\u00e7ois Cauvin<\/li>\n<li>Jean-Herv\u00e9 Favre<\/li>\n<li>Damien Lescot<\/li>\n<li>Roland Louboutin (coopt\u00e9 par le CA le 09 octobre 2024)<\/li>\n<\/ul>\n<p>Pour un savoir plus sur le fonctionnement du club, vous pouvez consulter le <a href=\"http:\/\/bcga74.fr\/wp-content\/uploads\/2016\/12\/R.I-V4b.pdf\">REGLEMENT INTERIEUR.<\/a><\/p>\n<p>Le compte-rendu de l&rsquo;AG du 24 septembre est disponible en cliquant sur le lien <a href=\"http:\/\/bcga74.fr\/wp-content\/uploads\/2024\/10\/CR-PresentationAG24.pdf\">CR AG 24\/09\/2024<\/a>.<\/p>\n<p>Le BCGA est un club \u00e0 part enti\u00e8re de la FFB, en ayant \u00e9t\u00e9 un acteur majeur dans le montage du projet \u00ab\u00a0FFB Solidarit\u00e9\u00a0\u00bb, contribuant ainsi massivement au fonds de solidarit\u00e9 destin\u00e9s aux clubs en difficult\u00e9 (fonds qui a perdur\u00e9 post-Covid).<\/p>\n<p>Si vous souhaitez avoir plus d&rsquo;informations, n&rsquo;h\u00e9sitez pas \u00e0 adresser un message en \u00e9crivant \u00e0 : bcga74 @ gmail.com.<\/p>\n<p>Et si vous \u00eates d\u00e9j\u00e0 convaincus, devenez membre en allant sur la page \u00ab\u00a0Paiements pour le BCGA\u00a0\u00bb.<\/p>\n<h2><\/h2>\n","protected":false},"excerpt":{"rendered":"<p>LA VIE DU CLUB \u00a0 Si nous privil\u00e9gions les valeurs d&rsquo;accueil, de f\u00eate et de courtoisie sur les comportements d&rsquo;exclusion, de suffisance et de grossi\u00e8ret\u00e9, nous parviendrons bien vite \u00e0 faire du bridge un rouage important et estim\u00e9 de notre soci\u00e9t\u00e9 &#8230; \u00a0\u00bb (Patrick Grenthe, ancien Pr\u00e9sident de la F\u00e9d\u00e9ration Fran\u00e7aise de Bridge, \u00e9dito de &hellip; <\/p>\n<p><a class=\"more-link btn\" href=\"https:\/\/bcga74.fr\/accueil\/vie-du-club\/\">Lire la suite<\/a><\/p>\n","protected":false},"author":1,"featured_media":0,"parent":0,"menu_order":10,"comment_status":"closed","ping_status":"closed","template":"","meta":{"footnotes":""},"class_list":["post-19","page","type-page","status-publish","hentry","nodate","item-wrap"],"_links":{"self":[{"href":"https:\/\/bcga74.fr\/accueil\/wp-json\/wp\/v2\/pages\/19","targetHints":{"allow":["GET"]}}],"collection":[{"href":"https:\/\/bcga74.fr\/accueil\/wp-json\/wp\/v2\/pages"}],"about":[{"href":"https:\/\/bcga74.fr\/accueil\/wp-json\/wp\/v2\/types\/page"}],"author":[{"embeddable":true,"href":"https:\/\/bcga74.fr\/accueil\/wp-json\/wp\/v2\/users\/1"}],"replies":[{"embeddable":true,"href":"https:\/\/bcga74.fr\/accueil\/wp-json\/wp\/v2\/comments?post=19"}],"version-history":[{"count":64,"href":"https:\/\/bcga74.fr\/accueil\/wp-json\/wp\/v2\/pages\/19\/revisions"}],"predecessor-version":[{"id":4441,"href":"https:\/\/bcga74.fr\/accueil\/wp-json\/wp\/v2\/pages\/19\/revisions\/4441"}],"wp:attachment":[{"href":"https:\/\/bcga74.fr\/accueil\/wp-json\/wp\/v2\/media?parent=19"}],"curies":[{"name":"wp","href":"https:\/\/api.w.org\/{rel}","templated":true}]}}