{"id":14,"date":"2015-11-12T08:28:41","date_gmt":"2015-11-12T07:28:41","guid":{"rendered":"http:\/\/bcga74.fr\/?page_id=14"},"modified":"2025-10-02T09:10:22","modified_gmt":"2025-10-02T08:10:22","slug":"accueil","status":"publish","type":"page","link":"https:\/\/bcga74.fr\/accueil\/","title":{"rendered":"Accueil"},"content":{"rendered":"<h1 style=\"text-align: center;\"><strong><span style=\"color: #3366ff;\">Bridge Club du Grand Annecy<\/span><\/strong><\/h1>\n<h4>Le BCGA est un club affili\u00e9 \u00e0 la FFB et a l&rsquo;objectif (statutaire) de d\u00e9velopper le bridge sous toutes ses formes.<\/h4>\n<p><strong>Activit\u00e9 en ligne<\/strong> (<strong>cliquez sur les liens pour en savoir plus<\/strong>):<br \/>\n* tournois homologu\u00e9s FFB sur BBO ( <a href=\"https:\/\/bcga74.fr\/accueil\/bcga-online\/\">BCGA Online<\/a>), tous les tournois sont des \u00ab\u00a0<a href=\"https:\/\/licencie.ffbridge.fr\/#\/news\/Challenges-promo-2022\"><strong>CHALLENGE PROMOTION<\/strong><\/a>\u00a0\u00bb ouverts \u00e0 tous, 2 fois + de PE<br \/>\n* tournois homologu\u00e9s FFB sur RealBridge: les soir\u00e9es <a href=\"https:\/\/bcga74.fr\/accueil\/excellence-sur-realbridge\/\">Excellence+<\/a> du lundi soir, les <a href=\"https:\/\/bcga74.fr\/accueil\/e-match-4-sur-realbridge\/\">E-Match\/4 de l&rsquo;Alliance RealBridge \/4<\/a>,<br \/>\n* tournois quotidiens 10 donnes sur FunBridge (<a href=\"https:\/\/bcga74.fr\/accueil\/bcga-sur-funbridge\/\">tournois \u00ab\u00a0priv\u00e9s\u00a0\u00bb ouverts \u00e0 tous<\/a>)<br \/>\n* tournois hebdomadaires 10 donnes sur BBO (comp\u00e9titifs, gratuits)<br \/>\n* parties libres sur <a title=\"Realbridge\" href=\"https:\/\/bcga74.fr\/accueil\/realbridge-2\/\" target=\"_blank\" rel=\"noopener\">RealBridge,<\/a> entra\u00eenements des \u00e9quipes sur RealBridge, les tournois organis\u00e9s par la LBF<br \/>\n* cours en ligne par des enseignants du BCGA ou par des enseignants\/clubs associ\u00e9s<br \/>\n* <a href=\"https:\/\/bcga74.fr\/accueil\/tournoi-caritatif-pour-erik\/\">tournoi caritatif pour Erik<\/a>, the \u00ab\u00a0little warrior\u00a0\u00bb<\/p>\n<p><strong>Activit\u00e9 en pr\u00e9sentiel<\/strong> : (cliquez sur \u00ab\u00a0<a href=\"https:\/\/bcga74.fr\/accueil\/le-bcga-en-presentiel\/\">le BCGA en pr\u00e9sentiel\u00a0\u00bb<\/a>)<br \/>\n* tournois open simultan\u00e9s Rondes de France (et Festival des Simultan\u00e9s en septembre) mardis 14h30 et vendredis 14h30<br \/>\n* tournois courts<br \/>\n* parties libres (jours de tournoi pour les\u00a0 \u00e9l\u00e8ves en initiation, entrainements match\/4 du mercredi)<br \/>\n* cours tous niveaux (initiation gratuite, cycle initiation, cycle Parcours Bridge, Ateliers Jeu de la Carte&#8230; cliquez sur <a href=\"http:\/\/bcga74.fr\/accueil\/ecole-de-bridge\/\" target=\"_blank\" rel=\"noopener\">Ecole de Bridge<\/a> )<br \/>\n* conf\u00e9rences Alain L\u00e9vy (Mai 2026)<br \/>\n* Bridge scolaire : nous intervenons au coll\u00e8ge La Salle et au Coll\u00e8ge Saint-Joseph de Th\u00f4nes<br \/>\n* Bridge senior : nous intervenons \u00e0 la r\u00e9sidence senior Emera Adela\u00efde au centre d&rsquo;Annecy (parties libres avec des r\u00e9sidents)<br \/>\n* Festival International de Bridge d&rsquo;Annecy (FIBA 2026, 03-04\/07, salle Cap Periaz)<br \/>\n* Quai Ann\u00e9cien des Jeunes Bridgeurs (tous les jeudis soirs 19h30, 18-40 ans, initiation gratuite et parties libres)<\/p>\n<h4>Vive le d\u00e9veloppement du bridge sous toutes ses formes, qui constitue l&rsquo;ADN du BCGA.<br \/>\nAvantiii BCGA.<\/h4>\n<p>Demande d&rsquo;infos : bcga74 @ gmail.com<\/p>\n<p>Formulaire de prise de contact (inscription liste de diffusion, commentaires, demandes diverses..): cliquez sur <strong><a href=\"https:\/\/forms.gle\/1jXDrvDfW7UVHrB49\">PRISE DE CONTACT<\/a><\/strong><\/p>\n","protected":false},"excerpt":{"rendered":"<p>Bridge Club du Grand Annecy Le BCGA est un club affili\u00e9 \u00e0 la FFB et a l&rsquo;objectif (statutaire) de d\u00e9velopper le bridge sous toutes ses formes. Activit\u00e9 en ligne (cliquez sur les liens pour en savoir plus): * tournois homologu\u00e9s FFB sur BBO ( BCGA Online), tous les tournois sont des \u00ab\u00a0CHALLENGE PROMOTION\u00a0\u00bb ouverts \u00e0 &hellip; <\/p>\n<p><a class=\"more-link btn\" href=\"https:\/\/bcga74.fr\/accueil\/\">Lire la suite<\/a><\/p>\n","protected":false},"author":236,"featured_media":0,"parent":0,"menu_order":0,"comment_status":"closed","ping_status":"closed","template":"template-onecolumn.php","meta":{"footnotes":""},"class_list":["post-14","page","type-page","status-publish","hentry","nodate","item-wrap"],"_links":{"self":[{"href":"https:\/\/bcga74.fr\/accueil\/wp-json\/wp\/v2\/pages\/14","targetHints":{"allow":["GET"]}}],"collection":[{"href":"https:\/\/bcga74.fr\/accueil\/wp-json\/wp\/v2\/pages"}],"about":[{"href":"https:\/\/bcga74.fr\/accueil\/wp-json\/wp\/v2\/types\/page"}],"author":[{"embeddable":true,"href":"https:\/\/bcga74.fr\/accueil\/wp-json\/wp\/v2\/users\/236"}],"replies":[{"embeddable":true,"href":"https:\/\/bcga74.fr\/accueil\/wp-json\/wp\/v2\/comments?post=14"}],"version-history":[{"count":160,"href":"https:\/\/bcga74.fr\/accueil\/wp-json\/wp\/v2\/pages\/14\/revisions"}],"predecessor-version":[{"id":4708,"href":"https:\/\/bcga74.fr\/accueil\/wp-json\/wp\/v2\/pages\/14\/revisions\/4708"}],"wp:attachment":[{"href":"https:\/\/bcga74.fr\/accueil\/wp-json\/wp\/v2\/media?parent=14"}],"curies":[{"name":"wp","href":"https:\/\/api.w.org\/{rel}","templated":true}]}}