{"id":1269,"date":"2020-06-17T11:09:47","date_gmt":"2020-06-17T10:09:47","guid":{"rendered":"http:\/\/bcga74.fr\/?page_id=1269"},"modified":"2025-07-02T12:05:00","modified_gmt":"2025-07-02T11:05:00","slug":"f-i-b-a","status":"publish","type":"page","link":"https:\/\/bcga74.fr\/accueil\/f-i-b-a\/","title":{"rendered":"FIBA"},"content":{"rendered":"\n<h2 style=\"text-align: center;\">Festival International de Bridge d&rsquo;Annecy (FIBA)<br \/>20-21 JUIN 2025 \u00e0 Annecy<\/h2>\n<p><img loading=\"lazy\" decoding=\"async\" class=\"\" src=\"http:\/\/bcga74.fr\/wp-content\/uploads\/2025\/04\/BRIDGE_ANNECY_A3_V2-scaled.jpg\" width=\"589\" height=\"816\" \/><\/p>\n<p>L&rsquo;AFFICHE : cliquez sur le lien <a href=\"http:\/\/bcga74.fr\/wp-content\/uploads\/2025\/04\/BRIDGE_ANNECY_A3_V2-scaled.jpg\">http:\/\/bcga74.fr\/wp-content\/uploads\/2025\/04\/BRIDGE_ANNECY_A3_V2-scaled.jpg<\/a><\/p>\n<p>LA VIDEO DU FIBA 2025 (merci Maxime, vous pouvez le contacter \u00e0 max.favre45 @ gmail.com) : <a href=\"https:\/\/youtu.be\/5AWiOOhhZGQ\">https:\/\/youtu.be\/5AWiOOhhZGQ<\/a><\/p>\n<p>Le<strong> F<\/strong>estival<strong> I<\/strong>nternational de <strong>B<\/strong>ridge d&rsquo;<strong>A<\/strong>nnecy a vu sa premi\u00e8re \u00e9dition en juin 2018, suivie de celle de juin 2019. En pleine p\u00e9riode de COVID, le FIBA a \u00e9t\u00e9 jou\u00e9 en semi-virtuel (en ligne, sur son canap\u00e9 ou en pr\u00e9sentiel), l&rsquo;\u00e9dition de 2021 a \u00e9t\u00e9 annul\u00e9e.\u00a0<\/p>\n<p>L&rsquo;\u00e9dition de reprise a eu lieu en 2022.\u00a0\u00a0<\/p>\n<p><strong>PROCHAIN FIBA<\/strong> : le FIBA 2025 aura lieu du 20 au 21 Juin 2025.\u00a0<\/p>\n<p>Une nouveaut\u00e9, le tournoi open traditionnel en 2 jours est remplac\u00e9 par 1 tournoi open sur 1 journ\u00e9e (le samedi), 2 s\u00e9ances de 18 donnes.\u00a0<\/p>\n<p>* vendredi 20\/06 : Mixte ou Dames\/2, 2 s\u00e9ances de 18 donnes, buffet, prix\/lots<br \/>* samedi 21\/06 : Open\/2, 2 s\u00e9ances de 18 donnes, buffet, prix\/lots<\/p>\n<p><strong>CONTACT<\/strong> : bcga74@gmail.com &#8211; festibridgeannecy@gmail.com\u00a0<\/p>\n<p><br \/><strong>POINTS CL\u00c9S<\/strong><\/p>\n<p>Les inscriptions sont ouvertes pour chacune des \u00e9preuves, rendez-vous sur le site de la FFB, Comp\u00e9titions, Festival, choisissez Saison 2024-2025, Comit\u00e9 35 Dauphin\u00e9 Savoie (ou Calendrier, Festivals, Juin 2025).\u00a0<\/p>\n<p><b>Les enveloppes seront directement proportionnelles au nombre de joueurs.\u00a0<br \/>Il n&rsquo;y aura pas de FIBA en distanciel en parall\u00e8le, le FIBA sera uniquement en PR\u00c9SENTIEL.\u00a0<\/b><\/p>\n<p>\u00a0<\/p>\n<p><strong>INFO !<\/strong> Participez au Festi&rsquo;Annecy sur FunBridge, du 02 au 04 Mai 2025, il s&rsquo;agit d&rsquo;un tournoi homologu\u00e9 FFB avec 10 invitations au FIBA \u00e0 gagner (5 au classement scratch, 5 par tirage au sort). La liste des gagnants sera publi\u00e9e ici.<\/p>\n<p>\u00a0<\/p>\n<p>\u00a0<\/p>\n<p><strong>MAILING 20\/04\/2025 :<\/strong>\u00a0<\/p>\n<p>La 7\u00e8me \u00e9dition du FIBA aura lieu les<strong>\u00a0vendredi 20 et samedi 21 JUIN 2025<\/strong>\u00a0\u00e0 ANNECY.\u00a0<\/p>\n<p>\u00a0<\/p>\n<p>Tout d&rsquo;abord, merci \u00e0 nos\u00a0<strong>sponsors majeurs<\/strong>\u00a0sans qui le FIBA ne pourrait pas exister :<\/p>\n<ul>\n<li><strong>Agence AXA KLV<\/strong>\u00a0&#8211; Pr\u00e9voyance et Patrimoine, \u00e0 Annecy, Karine Lebigot-Vormus (<a title=\"Site WEB\" href=\"https:\/\/b5hf0.r.sp1-brevo.net\/mk\/cl\/f\/sh\/OycZvHuFo1eQsnbTIqovPxiQ\/bce8vighTDG_\" target=\"_blank\" rel=\"noopener\" data-saferedirecturl=\"https:\/\/www.google.com\/url?q=https:\/\/b5hf0.r.sp1-brevo.net\/mk\/cl\/f\/sh\/OycZvHuFo1eQsnbTIqovPxiQ\/bce8vighTDG_&amp;source=gmail&amp;ust=1745265962469000&amp;usg=AOvVaw15USCIokixAEqHJKMH2RTM\">Site WEB<\/a>)<\/li>\n<li><strong>Soci\u00e9t\u00e9 ARLIE<\/strong>\u00a0\u00e0 Albertville : Sp\u00e9cialiste de la cession d&rsquo;entreprise, membre de Francession (<a href=\"https:\/\/b5hf0.r.sp1-brevo.net\/mk\/cl\/f\/sh\/OycZvHuFo1kTb2QYukyQzZaw\/MOXA3hleq3KJ\" target=\"_blank\" rel=\"noopener\" data-saferedirecturl=\"https:\/\/www.google.com\/url?q=https:\/\/b5hf0.r.sp1-brevo.net\/mk\/cl\/f\/sh\/OycZvHuFo1kTb2QYukyQzZaw\/MOXA3hleq3KJ&amp;source=gmail&amp;ust=1745265962469000&amp;usg=AOvVaw0hrbCjCvzyJzhTCQbPVnm7\">www.francession.com<\/a>), Herv\u00e9 Bernaille<\/li>\n<li><strong>Grand Audition<\/strong>, centre auditif d&rsquo;Annecy Le Vieux, Carine Bory (<a title=\"Site WEB\" href=\"https:\/\/b5hf0.r.sp1-brevo.net\/mk\/cl\/f\/sh\/OycZvHuFo1qWJHFeWf7wZBTS\/3Hn9j-LqfJYe\" target=\"_blank\" rel=\"noopener\" data-saferedirecturl=\"https:\/\/www.google.com\/url?q=https:\/\/b5hf0.r.sp1-brevo.net\/mk\/cl\/f\/sh\/OycZvHuFo1qWJHFeWf7wZBTS\/3Hn9j-LqfJYe&amp;source=gmail&amp;ust=1745265962469000&amp;usg=AOvVaw0UPXvjBH_KLi6w-gLymdb9\">Site WEB<\/a>)<\/li>\n<li><strong>Le Bridgeur<\/strong>\u00a0(<a title=\"Site WEB\" href=\"https:\/\/b5hf0.r.sp1-brevo.net\/mk\/cl\/f\/sh\/OycZvHuFo1wZ1W4k8ZHS8nLy\/YS_EONkwrN00\" target=\"_blank\" rel=\"noopener\" data-saferedirecturl=\"https:\/\/www.google.com\/url?q=https:\/\/b5hf0.r.sp1-brevo.net\/mk\/cl\/f\/sh\/OycZvHuFo1wZ1W4k8ZHS8nLy\/YS_EONkwrN00&amp;source=gmail&amp;ust=1745265962469000&amp;usg=AOvVaw1zlFAmnZJRrEGaypphPsGl\">Site WEB<\/a>)<\/li>\n<li>Les clubs partenaires du BCGA (<strong>AIWC Gen\u00e8ve, Chamb\u00e9ry, Divonne, Thonon<\/strong>)<\/li>\n<\/ul>\n<p>\u00a0<\/p>\n<p><strong>PROGRAMME :<\/strong><\/p>\n<ul>\n<li>Lieu : Salle ESPACE RENCONTRE 39 route de Th\u00f4nes, Annecy-le-Vieux<\/li>\n<li>Vendredi 20 JUIN 2025 : tournoi Mixte ou Dames\/2 &#8211; 2 s\u00e9ances de 18 donnes (13h et 16h)<\/li>\n<li>Samedi 21 JUIN 2025 : tournoi Open\/2 &#8211; 2 s\u00e9ances de 18 donnes (13h et 16h)<\/li>\n<li>Remise des prix\/lots et Buffet Festif \u00e0 l&rsquo;issue de chaque tournoi<\/li>\n<\/ul>\n<p>\u00a0<\/p>\n<p><strong>DOTATIONS* :<\/strong>\u00a0<\/p>\n<ul>\n<li>1000\u20ac pour la premi\u00e8re paire au classement scratch, puis 500\u20ac, 300\u20ac, 200\u20ac<\/li>\n<li>200\u20ac pour la premi\u00e8re paire 2\u00e8me s\u00e9rie, puis 100\u20ac<\/li>\n<li>100\u20ac pour la premi\u00e8re paire sans 1\u00e8re ni 2\u00e8me s\u00e9rie<\/li>\n<li>100\u20ac pour la paire la plus proche de 50% et pour l&rsquo;avant-derni\u00e8re paire<\/li>\n<\/ul>\n<p>\u00a0<\/p>\n<p><strong>DROITS DE TABLE :\u00a0<\/strong><\/p>\n<ul>\n<li>40\u20ac par tournoi et par joueur<\/li>\n<li>forfait 70\u20ac pour les 2 tournois (par joueur)<\/li>\n<li>20% de r\u00e9duction pour les adh\u00e9rents des Clubs Partenaires du BCGA (non cumulables avec le forfait)<\/li>\n<\/ul>\n<p>\u00a0<\/p>\n<p><strong>INSCRIPTIONS :<\/strong>\u00a0<\/p>\n<ul>\n<li>obligatoires au pr\u00e9alable et de pr\u00e9f\u00e9rence le plus t\u00f4t possible, paiement sur place le jour du tournoi<\/li>\n<li>dans votre Espace Licenci\u00e9 FFB : Comp\u00e9titions\/FESTIVAL\/Saison 2024-2025\/Comit\u00e9 Dauphin\u00e9 Savoie (\u00ab\u00a0ANNECY FIBA 2025\u00a0\u00bb)<\/li>\n<li>dans votre Espace Licenci\u00e9 FFB : Calendrier\/Festivals\/Juin 2025\/ puis descendez vers \u00ab\u00a0Vendredi 20 Juin\u00a0\u00bb ou \u00ab\u00a0Samedi 21 Juin\u00a0\u00bb<\/li>\n<li>pour les joueurs non licenci\u00e9s FFB, \u00e9crivez \u00e0\u00a0<a href=\"mailto:FestiBridgeAnnecy@gmail.com\" target=\"_blank\" rel=\"noopener\">FestiBridgeAnnecy@gmail.com<\/a>\u00a0ou contactez-nous par SMS ou WhatsApp +33 (0)6 23 78 07 42<\/li>\n<li>Si vous cherchez un partenaire ou si vous souhaitez des informations compl\u00e9mentaires, contactez-nous par SMS ou WhatsApp +33 (0)6 23 78 07 42<\/li>\n<\/ul>\n<p>\u00a0<\/p>\n<p><strong>GAGNEZ UN TICKET-TOURNOI GRACE A FUNBRIDGE<\/strong><\/p>\n<ul>\n<li>du 02 au 04 mai 2025, participez au Festi&rsquo;tournoi d&rsquo;Annecy sur Funbridge<\/li>\n<li>5 tickets-tournoi au classement scratch<\/li>\n<li>5 tickets-tournoi par tirage au sort<strong>\u00a0<\/strong><\/li>\n<\/ul>\n<p>\u00a0<\/p>\n<p><strong>GAGNEZ UN TICKET-TOURNOI SUR LES TOURNOIS BBO<\/strong><\/p>\n<ul>\n<li>en participant \u00e0 nos tournois du mardis soir sur BBO (e-FIBA 20h15)<strong>\u00a0<\/strong><\/li>\n<\/ul>\n<p>\u00a0<\/p>\n<p><strong>PARTENAIRES DU FIBA 2025<\/strong><\/p>\n<ul>\n<li>H\u00f4tel \u00ab\u00a0<strong>Les Muses<\/strong>\u00a0\u00bb :\u00a0<a href=\"https:\/\/b5hf0.r.sp1-brevo.net\/mk\/cl\/f\/sh\/OycZvHuFo22bjktpkTQxiPEU\/0j8jDIbuEQbx\" target=\"_blank\" rel=\"noopener\" data-saferedirecturl=\"https:\/\/www.google.com\/url?q=https:\/\/b5hf0.r.sp1-brevo.net\/mk\/cl\/f\/sh\/OycZvHuFo22bjktpkTQxiPEU\/0j8jDIbuEQbx&amp;source=gmail&amp;ust=1745265962469000&amp;usg=AOvVaw2esaE7L7ZCzF_JpC5wH_d3\">Adresse<\/a>\u00a0:\u00a0<a href=\"https:\/\/b5hf0.r.sp1-brevo.net\/mk\/cl\/f\/sh\/OycZvHuFo28eRzivMNaTI170\/TX9JPnI9CTpB\" target=\"_blank\" rel=\"noopener\" data-saferedirecturl=\"https:\/\/www.google.com\/url?q=https:\/\/b5hf0.r.sp1-brevo.net\/mk\/cl\/f\/sh\/OycZvHuFo28eRzivMNaTI170\/TX9JPnI9CTpB&amp;source=gmail&amp;ust=1745265962469000&amp;usg=AOvVaw399JUSq1P0OdUSSiHNEKHV\">1a Rue du Pr\u00e9 Vernet, 74940 Annecy<\/a>\u00a0T\u00e9l\u00e9phone\u00a0:\u00a0<a href=\"https:\/\/b5hf0.r.sp1-brevo.net\/mk\/cl\/f\/sh\/OycZvHuFo2EhAEY0yHjyrczW\/T_PbXlwq53TN\" target=\"_blank\" rel=\"noopener\" data-saferedirecturl=\"https:\/\/www.google.com\/url?q=https:\/\/b5hf0.r.sp1-brevo.net\/mk\/cl\/f\/sh\/OycZvHuFo2EhAEY0yHjyrczW\/T_PbXlwq53TN&amp;source=gmail&amp;ust=1745265962469000&amp;usg=AOvVaw3cA7061oqJ2Ea-swVr8R6m\">04 50 23 29 26<\/a><\/li>\n<li>Restaurant \u00ab\u00a0<strong>Le Ciselin<\/strong>\u00a0\u00bb :\u00a0<a href=\"https:\/\/b5hf0.r.sp1-brevo.net\/mk\/cl\/f\/sh\/OycZvHuFo2KjsTN6aBtUREs2\/DlHRmGChJt0u\" target=\"_blank\" rel=\"noopener\" data-saferedirecturl=\"https:\/\/www.google.com\/url?q=https:\/\/b5hf0.r.sp1-brevo.net\/mk\/cl\/f\/sh\/OycZvHuFo2KjsTN6aBtUREs2\/DlHRmGChJt0u&amp;source=gmail&amp;ust=1745265962469000&amp;usg=AOvVaw2ZeHK4rBY-S49mKsYM-hs6\">Adresse<\/a>\u00a0:\u00a0<a href=\"https:\/\/b5hf0.r.sp1-brevo.net\/mk\/cl\/f\/sh\/OycZvHuFo2QmaiCCC6300qkY\/GCFiV0NQEl6S\" target=\"_blank\" rel=\"noopener\" data-saferedirecturl=\"https:\/\/www.google.com\/url?q=https:\/\/b5hf0.r.sp1-brevo.net\/mk\/cl\/f\/sh\/OycZvHuFo2QmaiCCC6300qkY\/GCFiV0NQEl6S&amp;source=gmail&amp;ust=1745265962469000&amp;usg=AOvVaw3eGagIy9ydIL14tPuInaD5\">8 Rue du Pr\u00e9 d&rsquo;Avril, 74940 Annecy<\/a>\u00a0T\u00e9l\u00e9phone\u00a0:\u00a0<a href=\"https:\/\/b5hf0.r.sp1-brevo.net\/mk\/cl\/f\/sh\/OycZvHuFo2WpIx1Ho0CVaSd4\/1VuYc644fuGS\" target=\"_blank\" rel=\"noopener\" data-saferedirecturl=\"https:\/\/www.google.com\/url?q=https:\/\/b5hf0.r.sp1-brevo.net\/mk\/cl\/f\/sh\/OycZvHuFo2WpIx1Ho0CVaSd4\/1VuYc644fuGS&amp;source=gmail&amp;ust=1745265962469000&amp;usg=AOvVaw0dtW7XsrG_0_5Oaz0deIel\">04 50 09 93 77<\/a><\/li>\n<li>Restaurant \u00ab\u00a0<strong>Le Bin\u00f4me<\/strong>\u00a0\u00bb :\u00a0<a href=\"https:\/\/b5hf0.r.sp1-brevo.net\/mk\/cl\/f\/sh\/1f8JIKXwHGYqJHqb2ACWjgDuRq\/M2icKFDuHxau\" target=\"_blank\" rel=\"noopener\" data-saferedirecturl=\"https:\/\/www.google.com\/url?q=https:\/\/b5hf0.r.sp1-brevo.net\/mk\/cl\/f\/sh\/1f8JIKXwHGYqJHqb2ACWjgDuRq\/M2icKFDuHxau&amp;source=gmail&amp;ust=1745265962470000&amp;usg=AOvVaw2vabbeVm_A7pqfnW1na-rm\">Adresse<\/a>\u00a0:\u00a0<a href=\"https:\/\/b5hf0.r.sp1-brevo.net\/mk\/cl\/f\/sh\/1f8JIKXwHGZFGUVnzKiO03GJXy\/ZhS8UtsajmuL\" target=\"_blank\" rel=\"noopener\" data-saferedirecturl=\"https:\/\/www.google.com\/url?q=https:\/\/b5hf0.r.sp1-brevo.net\/mk\/cl\/f\/sh\/1f8JIKXwHGZFGUVnzKiO03GJXy\/ZhS8UtsajmuL&amp;source=gmail&amp;ust=1745265962470000&amp;usg=AOvVaw0JUI5K1KvZzFnMjUS4sD8c\">32 A Av. des Carr\u00e9s, 74940 Annecy<\/a>\u00a0T\u00e9l\u00e9phone\u00a0:\u00a0<a href=\"https:\/\/b5hf0.r.sp1-brevo.net\/mk\/cl\/f\/sh\/1f8JIKXwHGZeDhB0wVEFGQIie6\/cY9sKk8gmmVk\" target=\"_blank\" rel=\"noopener\" data-saferedirecturl=\"https:\/\/www.google.com\/url?q=https:\/\/b5hf0.r.sp1-brevo.net\/mk\/cl\/f\/sh\/1f8JIKXwHGZeDhB0wVEFGQIie6\/cY9sKk8gmmVk&amp;source=gmail&amp;ust=1745265962470000&amp;usg=AOvVaw1bMlk612wD1BK7i7VuZN6u\">06 50 75 83 54<\/a><\/li>\n<li>Restaurant \u00ab\u00a0<strong>La Casa Nostra<\/strong>\u00a0\u00bb :\u00a0<a href=\"https:\/\/b5hf0.r.sp1-brevo.net\/mk\/cl\/f\/sh\/1f8JIKXwHGa3AtqDtfk6WnL7kE\/cdbmXnhxUNjw\" target=\"_blank\" rel=\"noopener\" data-saferedirecturl=\"https:\/\/www.google.com\/url?q=https:\/\/b5hf0.r.sp1-brevo.net\/mk\/cl\/f\/sh\/1f8JIKXwHGa3AtqDtfk6WnL7kE\/cdbmXnhxUNjw&amp;source=gmail&amp;ust=1745265962470000&amp;usg=AOvVaw04u0M-IC_WhlOQ9oFzUNKx\">A<\/a><a href=\"https:\/\/b5hf0.r.sp1-brevo.net\/mk\/cl\/f\/sh\/1f8JIKXwHGaS86VQqqFxnANWqM\/L4D36_terJT7\" target=\"_blank\" rel=\"noopener\" data-saferedirecturl=\"https:\/\/www.google.com\/url?q=https:\/\/b5hf0.r.sp1-brevo.net\/mk\/cl\/f\/sh\/1f8JIKXwHGaS86VQqqFxnANWqM\/L4D36_terJT7&amp;source=gmail&amp;ust=1745265962470000&amp;usg=AOvVaw1wNnm25gBH9yP2OAnZ3tVT\">dresse<\/a>\u00a0:\u00a0<a href=\"https:\/\/b5hf0.r.sp1-brevo.net\/mk\/cl\/f\/sh\/1f8JIKXwHGar5JAdo0lp3XPvwU\/enjNwKeydXFR\" target=\"_blank\" rel=\"noopener\" data-saferedirecturl=\"https:\/\/www.google.com\/url?q=https:\/\/b5hf0.r.sp1-brevo.net\/mk\/cl\/f\/sh\/1f8JIKXwHGar5JAdo0lp3XPvwU\/enjNwKeydXFR&amp;source=gmail&amp;ust=1745265962470000&amp;usg=AOvVaw1p66sala4Fb1mlZhjG4VTY\">2 Rue Jean Mermoz, 74940 Annecy<\/a>\u00a0T\u00e9l\u00e9phone\u00a0:\u00a0<a href=\"https:\/\/b5hf0.r.sp1-brevo.net\/mk\/cl\/f\/sh\/1f8JIKXwHGbG2VpqlBHgJuSL2c\/aHgfi0oMcIgz\" target=\"_blank\" rel=\"noopener\" data-saferedirecturl=\"https:\/\/www.google.com\/url?q=https:\/\/b5hf0.r.sp1-brevo.net\/mk\/cl\/f\/sh\/1f8JIKXwHGbG2VpqlBHgJuSL2c\/aHgfi0oMcIgz&amp;source=gmail&amp;ust=1745265962470000&amp;usg=AOvVaw34Nl09LfWArCCMzb2xZPa6\">04 50 66 23 82<\/a><\/li>\n<\/ul>\n<p>\u00a0<\/p>\n<p><strong>FAITES TOURNER !\u00a0<\/strong>n&rsquo;h\u00e9sitez pas \u00e0 transf\u00e9rer ce mail autour de vous<\/p>\n<p>\u00a0<\/p>\n<p><strong>AUTRES FESTIVALS en SAVOIE et HAUTE-SAVOIE\u00a0<\/strong>cet \u00e9t\u00e9 :\u00a0<\/p>\n<ul>\n<li>La Clusaz &#8211; Festival Lac et Montagne (27 Juillet)<\/li>\n<li>Aix Les Bains (02-04 Ao\u00fbt)<\/li>\n<li>Meg\u00e8ve &#8211; Festival des Alpages (09-12 Ao\u00fbt)<\/li>\n<\/ul>\n<p>\u00a0<\/p>\n<p><i>* L&rsquo;organisation se r\u00e9serve le droit de modifier les dotations par tournoi en cas de participation inf\u00e9rieure \u00e0 30 tables (la dotation sera au prorata du nombre de tables)<\/i>\u00a0\u00a0<\/p>\n<p>\u00a0<\/p>\n<p>Bien Cordialement,<\/p>\n<p><br \/>L&rsquo;\u00e9quipe du FIBA 2025<br \/>Bridge Club Du Grand Annecy\u00a0<br \/>06 23 78 07 42<\/p>\n<p>\u00a0<\/p>\n<p>\u00a0<\/p>\n<p>\u00a0<\/p>\n<p>Editions pr\u00e9c\u00e9dentes du FIBA :\u00a0<\/p>\n<p><img decoding=\"async\" src=\"http:\/\/bcga74.fr\/wp-content\/uploads\/2024\/02\/FIBA-2024-Affiche-version-1_page-0001-150x150.jpg\" \/><a href=\"http:\/\/bcga74.fr\/wp-content\/uploads\/2024\/04\/A3Bridge_page-0001.jpg\"><img loading=\"lazy\" decoding=\"async\" class=\"alignnone size-medium wp-image-4360\" src=\"http:\/\/bcga74.fr\/wp-content\/uploads\/2024\/04\/A3Bridge_page-0001-212x300.jpg\" alt=\"\" width=\"212\" height=\"300\" srcset=\"https:\/\/bcga74.fr\/wp-content\/uploads\/2024\/04\/A3Bridge_page-0001-212x300.jpg 212w, https:\/\/bcga74.fr\/wp-content\/uploads\/2024\/04\/A3Bridge_page-0001-724x1024.jpg 724w, https:\/\/bcga74.fr\/wp-content\/uploads\/2024\/04\/A3Bridge_page-0001-768x1086.jpg 768w, https:\/\/bcga74.fr\/wp-content\/uploads\/2024\/04\/A3Bridge_page-0001-600x849.jpg 600w, https:\/\/bcga74.fr\/wp-content\/uploads\/2024\/04\/A3Bridge_page-0001-1086x1536.jpg 1086w, https:\/\/bcga74.fr\/wp-content\/uploads\/2024\/04\/A3Bridge_page-0001-1448x2048.jpg 1448w, https:\/\/bcga74.fr\/wp-content\/uploads\/2024\/04\/A3Bridge_page-0001-1340x1895.jpg 1340w, https:\/\/bcga74.fr\/wp-content\/uploads\/2024\/04\/A3Bridge_page-0001.jpg 1754w\" sizes=\"auto, (max-width: 212px) 100vw, 212px\" \/><\/a><a href=\"http:\/\/bcga74.fr\/wp-content\/uploads\/2024\/04\/FlyerA4Bridge_page-0002.jpg\"><img loading=\"lazy\" decoding=\"async\" class=\"alignnone size-medium wp-image-4362\" src=\"http:\/\/bcga74.fr\/wp-content\/uploads\/2024\/04\/FlyerA4Bridge_page-0002-300x212.jpg\" alt=\"\" width=\"300\" height=\"212\" srcset=\"https:\/\/bcga74.fr\/wp-content\/uploads\/2024\/04\/FlyerA4Bridge_page-0002-300x212.jpg 300w, https:\/\/bcga74.fr\/wp-content\/uploads\/2024\/04\/FlyerA4Bridge_page-0002-1024x725.jpg 1024w, https:\/\/bcga74.fr\/wp-content\/uploads\/2024\/04\/FlyerA4Bridge_page-0002-768x543.jpg 768w, https:\/\/bcga74.fr\/wp-content\/uploads\/2024\/04\/FlyerA4Bridge_page-0002-600x425.jpg 600w, https:\/\/bcga74.fr\/wp-content\/uploads\/2024\/04\/FlyerA4Bridge_page-0002-1536x1087.jpg 1536w, https:\/\/bcga74.fr\/wp-content\/uploads\/2024\/04\/FlyerA4Bridge_page-0002-1340x948.jpg 1340w, https:\/\/bcga74.fr\/wp-content\/uploads\/2024\/04\/FlyerA4Bridge_page-0002.jpg 1754w\" sizes=\"auto, (max-width: 300px) 100vw, 300px\" \/><\/a><a href=\"http:\/\/bcga74.fr\/wp-content\/uploads\/2024\/04\/FlyerA4Bridge_page-0001.jpg\"><img loading=\"lazy\" decoding=\"async\" class=\"alignnone size-medium wp-image-4361\" src=\"http:\/\/bcga74.fr\/wp-content\/uploads\/2024\/04\/FlyerA4Bridge_page-0001-300x212.jpg\" alt=\"\" width=\"300\" height=\"212\" srcset=\"https:\/\/bcga74.fr\/wp-content\/uploads\/2024\/04\/FlyerA4Bridge_page-0001-300x212.jpg 300w, https:\/\/bcga74.fr\/wp-content\/uploads\/2024\/04\/FlyerA4Bridge_page-0001-1024x725.jpg 1024w, https:\/\/bcga74.fr\/wp-content\/uploads\/2024\/04\/FlyerA4Bridge_page-0001-768x543.jpg 768w, https:\/\/bcga74.fr\/wp-content\/uploads\/2024\/04\/FlyerA4Bridge_page-0001-600x425.jpg 600w, https:\/\/bcga74.fr\/wp-content\/uploads\/2024\/04\/FlyerA4Bridge_page-0001-1536x1087.jpg 1536w, https:\/\/bcga74.fr\/wp-content\/uploads\/2024\/04\/FlyerA4Bridge_page-0001-1340x948.jpg 1340w, https:\/\/bcga74.fr\/wp-content\/uploads\/2024\/04\/FlyerA4Bridge_page-0001.jpg 1754w\" sizes=\"auto, (max-width: 300px) 100vw, 300px\" \/><\/a><\/p>\n<p>\u00a0<\/p>\n\n\n\n<h2 style=\"text-align: center;\">Festival International du Bridge d&rsquo;Annecy (FIBA)<\/h2>\n","protected":false},"excerpt":{"rendered":"","protected":false},"author":4,"featured_media":0,"parent":0,"menu_order":0,"comment_status":"closed","ping_status":"closed","template":"","meta":{"footnotes":""},"class_list":["post-1269","page","type-page","status-publish","hentry","nodate","item-wrap"],"_links":{"self":[{"href":"https:\/\/bcga74.fr\/accueil\/wp-json\/wp\/v2\/pages\/1269","targetHints":{"allow":["GET"]}}],"collection":[{"href":"https:\/\/bcga74.fr\/accueil\/wp-json\/wp\/v2\/pages"}],"about":[{"href":"https:\/\/bcga74.fr\/accueil\/wp-json\/wp\/v2\/types\/page"}],"author":[{"embeddable":true,"href":"https:\/\/bcga74.fr\/accueil\/wp-json\/wp\/v2\/users\/4"}],"replies":[{"embeddable":true,"href":"https:\/\/bcga74.fr\/accueil\/wp-json\/wp\/v2\/comments?post=1269"}],"version-history":[{"count":95,"href":"https:\/\/bcga74.fr\/accueil\/wp-json\/wp\/v2\/pages\/1269\/revisions"}],"predecessor-version":[{"id":4578,"href":"https:\/\/bcga74.fr\/accueil\/wp-json\/wp\/v2\/pages\/1269\/revisions\/4578"}],"wp:attachment":[{"href":"https:\/\/bcga74.fr\/accueil\/wp-json\/wp\/v2\/media?parent=1269"}],"curies":[{"name":"wp","href":"https:\/\/api.w.org\/{rel}","templated":true}]}}