{"id":1154,"date":"2020-04-21T14:33:35","date_gmt":"2020-04-21T13:33:35","guid":{"rendered":"http:\/\/bcga74.fr\/?page_id=1154"},"modified":"2023-05-23T21:53:35","modified_gmt":"2023-05-23T20:53:35","slug":"bbo","status":"publish","type":"page","link":"https:\/\/bcga74.fr\/accueil\/bbo\/","title":{"rendered":"BBO"},"content":{"rendered":"\n<h1 style=\"text-align: center;\">Bridge Base Online<\/h1>\n<p>Tout d&rsquo;abord, si vous d\u00e9butez sur BBO, vous trouverez une documentation compl\u00e8te en cliquant sur le lien ci-apr\u00e8s: <a href=\"http:\/\/bcga74.fr\/wp-content\/uploads\/2020\/04\/guide-pour-les-nouveaux-joueurs-sur-BBO.pdf\" target=\"_blank\" rel=\"noopener noreferrer\">nouveaux joueurs BBO<\/a><\/p>\n<p>Le processus pour participer aux tournois organis\u00e9s sur BBO par le BCGA est le suivant :<\/p>\n<p>Il suffit de s&rsquo;inscrire avant le d\u00e9but du tournoi avec son partenaire pour les tournois officiels FFB, attributifs de points d&rsquo;expert (Zones d\u00e9di\u00e9es\/Club Virtuels \/FFB-France\/\u00a0 voir l&rsquo;onglet <a href=\"https:\/\/docs.google.com\/spreadsheets\/d\/1cxVt0ZFBtic1P6fqxZjhMgI29uQch1CbA8znAcwg2fU\/edit?usp=sharing\"><strong>\u00ab\u00a0Tournois\u00a0\u00bb<\/strong><\/a>).\u00a0\u00a0<\/p>\n<p><strong>ATTENTION : la FFB a mis en place un changement majeur dans le processus d&rsquo;inscription des joueurs aux tournois BBO que nous organisons, \u00e0 terme il faudra passer par votre Espace Licenci\u00e9 sur le site de la FFB, avec paiement en \u20ac. Nous avons lanc\u00e9 ces tournois (que nous appelons BBOviaFFB), <\/strong>pour autant les tournois classiques avec inscription sur le site BBO en BB$ sont maintenus pour le moment.\u00a0<\/p>\n<p>Voici quelques pr\u00e9cisions :\u00a0<\/p>\n<ul>\n<li>Les tournois officiels FFB organis\u00e9s par le BC du Grand Annecy le sont \u00e0 travers un pseudo attribu\u00e9 par la FFB (pas tr\u00e8s sexy&#8230;) : FFB3503071 (qui est le code club officiel du BCGA). On acc\u00e8de facilement au tournoi pour s&rsquo;inscrire en suivant le chemin suivant : Zones d\u00e9di\u00e9es, Clubs Virtuels, Clubs Virtuels FFB, puis en saisissant \u00ab\u00a0Annecy\u00a0\u00bb dans le champ \u00ab\u00a0chercher\u00a0\u00bb en haut \u00e0 droite, ou en retrouvant le tournoi en fonction du nombre de minutes avant le d\u00e9but programm\u00e9.*<\/li>\n<li>le BCGA organise un tournoi <strong><span style=\"color: #ff0000;\">GRATUIT<\/span><\/strong> hebdomadaire et individuel. Vous le trouverez dans \u00ab\u00a0Comp\u00e9titif\u00a0\u00bb et en cherchant \u00ab\u00a0BCGA\u00a0\u00bb. Il faut \u00eatre adh\u00e9rent du BCGA ou avoir jou\u00e9 r\u00e9cemment des tournois homologu\u00e9s FFB organis\u00e9s par le BCGA pour pouvoir jouer. 10 donnes en TPP (au top), face et en face de robots (GIB pour le moment, \u00e0 terme des robots SEF). Un challenge par s\u00e9ries fera gagner des BB$. Plus d&rsquo;infos \u00e0 venir (avec notamment les prix). Si vous ne faites pas encore partie de la liste des pseudos BBO autoris\u00e9s, merci de remplir ce <span style=\"color: #ff0000;\"><strong><a style=\"color: #ff0000;\" href=\"https:\/\/forms.gle\/1fZJ2q4mqCCh4Nrd9\">FORMULAIRE<\/a><\/strong><\/span><\/li>\n<\/ul>\n<p><span style=\"color: #008080;\"><strong>Tournois officiels, attributifs de points Points d&rsquo;Expert<\/strong><\/span><\/p>\n<p>Pour payer son droit de table, il faut avoir cr\u00e9dit\u00e9 son compte BBO en BB$ que l&rsquo;on peut acheter directement sur BBO (en cliquant sur BB$ \u00e0 c\u00f4t\u00e9 de son pseudo). Un document explicatif de la FFB tr\u00e8s bien fait explique tout sur les BB$; cf le document \u00ab\u00a0<a href=\"http:\/\/bcga74.fr\/wp-content\/uploads\/2020\/04\/acheter-des-BB.pdf\" target=\"_blank\" rel=\"noopener noreferrer\">acheter des BB$<\/a>\u00ab\u00a0<\/p>\n<p>Les tournois officiels FFB de commencent \u00e0 10h, 14h, 17h, 20h (18 donnes en TPP).<br \/><br \/>Les Ateliers Jeu de la Carte sont des tournois courts, avec d\u00e9briefing en visio-conf\u00e9rence. Ceux du mardi matin (9h30), plut\u00f4t r\u00e9serv\u00e9s aux 3\u00e8mes et 4\u00e8mes s\u00e9ries, ceux du jeudi matin (10h), plut\u00f4t \u00e0 destination des 2\u00e8mes s\u00e9ries ou assimil\u00e9s.\u00a0<br \/><br \/>Point important : tous les joueurs participant aux tournois BBO organis\u00e9s par le BCGA doivent se conformer au <a href=\"https:\/\/cdn.ffbridge.fr\/cms\/articles\/0001\/09\/026ed6d089c562557d930787b05c28d765015df1.pdf\">Guide Ethique du Jeu en Ligne<\/a>, \u00e9dit\u00e9 par la FFB. Nul d&rsquo;entre vous n&rsquo;est cens\u00e9 ignorer la loi.\u00a0<\/p>\n<p>Pour toute autre question, n&rsquo;h\u00e9sitez pas \u00e0 me contacter:<\/p>\n<p>Jean-Herv\u00e9 FAVRE\u00a0 Mob: 06 23 78 07 42<\/p>\n","protected":false},"excerpt":{"rendered":"","protected":false},"author":236,"featured_media":0,"parent":0,"menu_order":0,"comment_status":"closed","ping_status":"closed","template":"","meta":{"footnotes":""},"class_list":["post-1154","page","type-page","status-publish","hentry","nodate","item-wrap"],"_links":{"self":[{"href":"https:\/\/bcga74.fr\/accueil\/wp-json\/wp\/v2\/pages\/1154","targetHints":{"allow":["GET"]}}],"collection":[{"href":"https:\/\/bcga74.fr\/accueil\/wp-json\/wp\/v2\/pages"}],"about":[{"href":"https:\/\/bcga74.fr\/accueil\/wp-json\/wp\/v2\/types\/page"}],"author":[{"embeddable":true,"href":"https:\/\/bcga74.fr\/accueil\/wp-json\/wp\/v2\/users\/236"}],"replies":[{"embeddable":true,"href":"https:\/\/bcga74.fr\/accueil\/wp-json\/wp\/v2\/comments?post=1154"}],"version-history":[{"count":51,"href":"https:\/\/bcga74.fr\/accueil\/wp-json\/wp\/v2\/pages\/1154\/revisions"}],"predecessor-version":[{"id":4057,"href":"https:\/\/bcga74.fr\/accueil\/wp-json\/wp\/v2\/pages\/1154\/revisions\/4057"}],"wp:attachment":[{"href":"https:\/\/bcga74.fr\/accueil\/wp-json\/wp\/v2\/media?parent=1154"}],"curies":[{"name":"wp","href":"https:\/\/api.w.org\/{rel}","templated":true}]}}