{"id":63,"date":"2015-11-17T18:21:38","date_gmt":"2015-11-17T17:21:38","guid":{"rendered":"http:\/\/bcga74.fr\/?page_id=63"},"modified":"2023-05-20T11:09:45","modified_gmt":"2023-05-20T10:09:45","slug":"adhesions","status":"publish","type":"page","link":"http:\/\/bcga74.fr\/accueil\/adhesions\/","title":{"rendered":"Adh\u00e9sions"},"content":{"rendered":"<h1 style=\"text-align: center;\"><span style=\"font-size: 24pt;\">ADHESION AU BCGA<\/span><\/h1>\n<p><span style=\"font-size: 10pt;\">Fort de la r\u00e9ussite enregistr\u00e9e d\u00e8s la premi\u00e8re saison 2015-2016 et qui s&rsquo;est confirm\u00e9e lors des saisons suivantes, tant sur un plan quantitatif (180 adh\u00e9rents en 2022-2023) que qualitatif (gros succ\u00e8s de l&rsquo;\u00e9cole de bridge avec notamment les 6 conf\u00e9rences\/cours d&rsquo;Alain LEVY en mai 2023 et des r\u00e9sultats tr\u00e8s concluants \u00e0 tous les niveaux et dans tous les formats sur un plan comp\u00e9tition), le BCGA ambitionne de plus communiquer sur ses r\u00e9sultats en comp\u00e9tition pour gagner en visibilit\u00e9 et d&rsquo;augmenter son nombre d&rsquo;adh\u00e9rents et de licenci\u00e9s qui fourniront le bataillon des comp\u00e9titeurs de demain.\u00a0<\/span><\/p>\n<p><span style=\"font-size: 12pt;\"><strong>Car adh\u00e9rer au BCGA, c&rsquo;est bien mais y \u00eatre licenci\u00e9, c&rsquo;est encore mieux !<\/strong><\/span><\/p>\n<p>M\u00eame si vous ne souhaitez pas faire de comp\u00e9tition, et d\u00e8s lors que vous souhaitez faire simplement des tournois de r\u00e9gularit\u00e9, la F\u00e9d\u00e9ration Fran\u00e7aise de Bridge oblige \u00e0 prendre une licence (qui est offerte la premi\u00e8re ann\u00e9e)<\/p>\n<p>Adh\u00e9rer au BCGA \u00a0c&rsquo;est:<\/p>\n<ul style=\"list-style-type: square;\">\n<li>participer \u00e0 la progression du club et \u00e0 l&rsquo;aider \u00e0 remplir son objectif : \u00ab\u00a0d\u00e9velopper le bridge sous toutes ses formes\u00a0\u00bb, le bridge en club, le bridge scolaire, le bridge loisir, le bridge senior, le bridge en ligne, etc..<\/li>\n<li>b\u00e9n\u00e9ficier de tarifs pr\u00e9f\u00e9rentiels pour les cours, les tournois, le FIBA, les conf\u00e9rences, les animations, les repas de No\u00ebl\/fin d&rsquo;ann\u00e9e, etc&#8230;<\/li>\n<\/ul>\n<p>Y \u00eatre licenci\u00e9, c&rsquo;est:<\/p>\n<ul style=\"list-style-type: square;\">\n<li>permettre qu&rsquo;il soit toujours mieux reconnu, \u00e0 tous les niveaux (local, r\u00e9gional, national)<\/li>\n<li>pouvoir le repr\u00e9senter dans la comp\u00e9tition des Interclubs<\/li>\n<\/ul>\n<p>L&rsquo;adh\u00e9sion au club, tout comme l&rsquo;adh\u00e9sion \u00e0 la FFB, va du 1er juillet au 30 juin.<\/p>\n<p>Vous trouverez donc d\u00e8s \u00e0 pr\u00e9sent \u00a0un <a href=\"http:\/\/bcga74.fr\/wp-content\/uploads\/2023\/05\/BULLETIN-ADHESION-2023-2024.pdf\"><span style=\"color: #000000;\"><strong>Bulletin d&rsquo;adh\u00e9sion<\/strong><\/span><\/a> que vous pouvez remplir et nous renvoyer d\u00e8s \u00e0 pr\u00e9sent, accompagn\u00e9 de votre r\u00e8glement.<\/p>\n<p>Ce r\u00e8glement peut s&rsquo;effectuer par un virement direct sur notre compte bancaire. Pour cela, vous pouvez cliquer sur le lien ci-apr\u00e8s pour visualiser notre <strong><a href=\"http:\/\/bcga74.fr\/wp-content\/uploads\/2021\/07\/RIB-BCGA.jpg\" target=\"_blank\" rel=\"noopener noreferrer\">RIB<\/a><\/strong>.\u00a0<br \/><strong>NOUVEAU:<\/strong> vous pouvez \u00e9galement payer directement en ligne via un site s\u00e9curis\u00e9 (forte pr\u00e9f\u00e9rence pour nous) , cliquez sur le lien ci-apr\u00e8s \u00ab\u00a0<a title=\"Paiements pour le BCGA\" href=\"https:\/\/bcga74.fr\/accueil\/paiements-pour-le-bcga\/\" target=\"_blank\" rel=\"noopener\">Paiements pour le BCGA<\/a>\u00ab\u00a0<\/p>\n<p>A tr\u00e8s bient\u00f4t au BCGA<\/p>\n\n","protected":false},"excerpt":{"rendered":"<p>ADHESION AU BCGA Fort de la r\u00e9ussite enregistr\u00e9e d\u00e8s la premi\u00e8re saison 2015-2016 et qui s&rsquo;est confirm\u00e9e lors des saisons suivantes, tant sur un plan quantitatif (180 adh\u00e9rents en 2022-2023) que qualitatif (gros succ\u00e8s de l&rsquo;\u00e9cole de bridge avec notamment les 6 conf\u00e9rences\/cours d&rsquo;Alain LEVY en mai 2023 et des r\u00e9sultats tr\u00e8s concluants \u00e0 tous &hellip; <\/p>\n<p><a class=\"more-link btn\" href=\"http:\/\/bcga74.fr\/accueil\/adhesions\/\">Lire la suite<\/a><\/p>\n","protected":false},"author":1,"featured_media":0,"parent":0,"menu_order":40,"comment_status":"closed","ping_status":"closed","template":"","meta":{"footnotes":""},"class_list":["post-63","page","type-page","status-publish","hentry","nodate","item-wrap"],"_links":{"self":[{"href":"http:\/\/bcga74.fr\/accueil\/wp-json\/wp\/v2\/pages\/63","targetHints":{"allow":["GET"]}}],"collection":[{"href":"http:\/\/bcga74.fr\/accueil\/wp-json\/wp\/v2\/pages"}],"about":[{"href":"http:\/\/bcga74.fr\/accueil\/wp-json\/wp\/v2\/types\/page"}],"author":[{"embeddable":true,"href":"http:\/\/bcga74.fr\/accueil\/wp-json\/wp\/v2\/users\/1"}],"replies":[{"embeddable":true,"href":"http:\/\/bcga74.fr\/accueil\/wp-json\/wp\/v2\/comments?post=63"}],"version-history":[{"count":33,"href":"http:\/\/bcga74.fr\/accueil\/wp-json\/wp\/v2\/pages\/63\/revisions"}],"predecessor-version":[{"id":4048,"href":"http:\/\/bcga74.fr\/accueil\/wp-json\/wp\/v2\/pages\/63\/revisions\/4048"}],"wp:attachment":[{"href":"http:\/\/bcga74.fr\/accueil\/wp-json\/wp\/v2\/media?parent=63"}],"curies":[{"name":"wp","href":"https:\/\/api.w.org\/{rel}","templated":true}]}}