{"id":2717,"date":"2021-10-13T10:02:27","date_gmt":"2021-10-13T09:02:27","guid":{"rendered":"https:\/\/bcga74.fr\/accueil\/?page_id=2717"},"modified":"2022-11-17T22:40:50","modified_gmt":"2022-11-17T21:40:50","slug":"annecy-cheltenham","status":"publish","type":"page","link":"http:\/\/bcga74.fr\/accueil\/annecy-cheltenham\/","title":{"rendered":"Annecy &#8211; Cheltenham"},"content":{"rendered":"\n<div class=\"wp-block-columns is-layout-flex wp-container-core-columns-is-layout-9d6595d7 wp-block-columns-is-layout-flex\">\n<div class=\"wp-block-column is-layout-flow wp-block-column-is-layout-flow\" style=\"flex-basis:100%\">\n<h2 style=\"text-align: center;\">Annecy &#8211; Cheltenham<\/h2>\n<p><a href=\"http:\/\/bcga74.fr\/wp-content\/uploads\/2022\/10\/annecy.jpg\"><img loading=\"lazy\" decoding=\"async\" class=\"size-full wp-image-3527 alignleft\" src=\"http:\/\/bcga74.fr\/wp-content\/uploads\/2022\/10\/annecy.jpg\" alt=\"\" width=\"177\" height=\"189\" \/><\/a>Les 2 villes jumel\u00e9es Annecy et Cheltenham, \u00e0 travers les 3 clubs d\u2019Annecy (BC Grand Annecy, BC Annecy le Vieux et BC du Lac d\u2019Annecy), et le Cheltenham BC, organisent des rencontres amicales GRATUITES en ligne.<br \/><a href=\"http:\/\/bcga74.fr\/wp-content\/uploads\/2022\/10\/cheltenham.jpg\"><img loading=\"lazy\" decoding=\"async\" class=\" wp-image-3526 alignright\" src=\"http:\/\/bcga74.fr\/wp-content\/uploads\/2022\/10\/cheltenham.jpg\" alt=\"\" width=\"190\" height=\"190\" srcset=\"http:\/\/bcga74.fr\/wp-content\/uploads\/2022\/10\/cheltenham.jpg 225w, http:\/\/bcga74.fr\/wp-content\/uploads\/2022\/10\/cheltenham-150x150.jpg 150w\" sizes=\"auto, (max-width: 190px) 100vw, 190px\" \/><\/a>Les rencontres ont lieu sur la plateforme RealBridge et se d\u00e9roulent en match\/4 ou en tournoi par paires. Le capitaine inscrit sa paire \/ son \u00e9quipe et re\u00e7oit par mail le lien de connexion vers la salle de jeu, \u00e0 transmettre \u00e0 son(ses) co\u00e9quipier(s). Le lien sera accessible \u00e9galement sur cette page.\u00a0\u00a0<br \/>Droits de table : 0\u20ac \u2013 Inscriptions par paire ou par \u00e9quipe de 4 \u00e0 6 joueurs<\/p>\n<p><strong>Glossaire Anglais\/Fran\u00e7ais<\/strong> de Bridge : cliquez sur <a href=\"https:\/\/sites.google.com\/site\/bridgemarly\/bridge\/tournoidu2juillet\"><strong>GLOSSAIRE<\/strong><\/a><\/p>\n<p>\u00a0<\/p>\n<p><strong>Rencontre du jeudi 17\/11\/2022 \u00e0 20h (TOURNOI\/2):<br \/><\/strong><\/p>\n<ul>\n<li>pour inscrire votre paire : envoyez un mail \u00e0 bcga74@gmail.com avec la composition de la paire<\/li>\n<li>pour vous inscrire en tant que joueur isol\u00e9 : idem et pr\u00e9cisez votre classement FFB<\/li>\n<li>le lien de connexion vers la salle de jeu a \u00e9t\u00e9 envoy\u00e9 par mail aux joueurs inscrits, le voici : <a href=\"https:\/\/play.realbridge.online\/dn.html?p=221117126303&amp;q=AnnecyCheltenham221117&amp;l=fr\"><strong>LIEN DE CONNEXION<\/strong><\/a> (la salle sera ouverte \u00e0 19h15). Vous pouvez retrouver les r\u00e9sultats, les feuilles de route, les diagrammes, le film de chaque donne \u00e0 chaque table, en utilisant ce lien\u00a0<\/li>\n<li>le r\u00e9sultat final de la rencontre ANNECY-CHELTENHAM (chaque paire apporte un nombre de points \u00e0 sa ville en fonction de son classement final) : <strong>BRAVO CHELTENHAM<\/strong>\u00a0<\/li>\n<\/ul>\n<table dir=\"ltr\" style=\"width: 100%; height: 1386px;\" border=\"1\" cellspacing=\"0\" cellpadding=\"0\"><colgroup><col width=\"324\" \/><col width=\"100\" \/><col width=\"100\" \/><\/colgroup>\n<tbody>\n<tr style=\"height: 42px;\">\n<td style=\"height: 42px;\">\u00a0<\/td>\n<td style=\"height: 42px;\" data-sheets-value=\"{&quot;1&quot;:2,&quot;2&quot;:&quot;ANNECY&quot;}\"><strong>ANNECY<\/strong><\/td>\n<td style=\"height: 42px;\" data-sheets-value=\"{&quot;1&quot;:2,&quot;2&quot;:&quot;CHELTENHAM&quot;}\"><strong>CHELTENHAM<\/strong><\/td>\n<\/tr>\n<tr style=\"height: 42px;\">\n<td style=\"height: 42px;\" data-sheets-value=\"{&quot;1&quot;:2,&quot;2&quot;:&quot;Patrick Shields &amp; Garry Watson&quot;}\">Patrick Shields &amp; Garry Watson<\/td>\n<td style=\"height: 42px;\">\u00a0<\/td>\n<td style=\"height: 42px;\" data-sheets-value=\"{&quot;1&quot;:3,&quot;3&quot;:30}\">30<\/td>\n<\/tr>\n<tr style=\"height: 42px;\">\n<td style=\"height: 42px;\" data-sheets-value=\"{&quot;1&quot;:2,&quot;2&quot;:&quot;Guy BENIADA &amp; Nicolas BELLOTTO&quot;}\">Guy BENIADA &amp; Nicolas BELLOTTO<\/td>\n<td style=\"height: 42px;\" data-sheets-value=\"{&quot;1&quot;:3,&quot;3&quot;:29}\">29<\/td>\n<td style=\"height: 42px;\">\u00a0<\/td>\n<\/tr>\n<tr style=\"height: 42px;\">\n<td style=\"height: 42px;\" data-sheets-value=\"{&quot;1&quot;:2,&quot;2&quot;:&quot;Christiane RAFFORT &amp; Louis SONDAZ&quot;}\">Christiane RAFFORT &amp; Louis SONDAZ<\/td>\n<td style=\"height: 42px;\" data-sheets-value=\"{&quot;1&quot;:3,&quot;3&quot;:28}\">28<\/td>\n<td style=\"height: 42px;\">\u00a0<\/td>\n<\/tr>\n<tr style=\"height: 42px;\">\n<td style=\"height: 42px;\" data-sheets-value=\"{&quot;1&quot;:2,&quot;2&quot;:&quot;G\u00e9rard BOCCON &amp; Herv\u00e9 VINCENT&quot;}\">G\u00e9rard BOCCON &amp; Herv\u00e9 VINCENT<\/td>\n<td style=\"height: 42px;\" data-sheets-value=\"{&quot;1&quot;:3,&quot;3&quot;:27}\">27<\/td>\n<td style=\"height: 42px;\">\u00a0<\/td>\n<\/tr>\n<tr style=\"height: 42px;\">\n<td style=\"height: 42px;\" data-sheets-value=\"{&quot;1&quot;:2,&quot;2&quot;:&quot;Arun Nanda &amp; Ben Britton&quot;}\">Arun Nanda &amp; Ben Britton<\/td>\n<td style=\"height: 42px;\">\u00a0<\/td>\n<td style=\"height: 42px;\" data-sheets-value=\"{&quot;1&quot;:3,&quot;3&quot;:26}\">26<\/td>\n<\/tr>\n<tr style=\"height: 42px;\">\n<td style=\"height: 42px;\" data-sheets-value=\"{&quot;1&quot;:2,&quot;2&quot;:&quot;Fran\u00e7ois CAUVIN &amp; Marie-Christine VIVIN&quot;}\">Fran\u00e7ois CAUVIN &amp; Marie-Christine VIVIN<\/td>\n<td style=\"height: 42px;\" data-sheets-value=\"{&quot;1&quot;:3,&quot;3&quot;:25}\">25<\/td>\n<td style=\"height: 42px;\">\u00a0<\/td>\n<\/tr>\n<tr style=\"height: 42px;\">\n<td style=\"height: 42px;\" data-sheets-value=\"{&quot;1&quot;:2,&quot;2&quot;:&quot;Helen Bryan &amp; Andy Smith&quot;}\">Helen Bryan &amp; Andy Smith<\/td>\n<td style=\"height: 42px;\">\u00a0<\/td>\n<td style=\"height: 42px;\" data-sheets-value=\"{&quot;1&quot;:3,&quot;3&quot;:24}\">24<\/td>\n<\/tr>\n<tr style=\"height: 42px;\">\n<td style=\"height: 42px;\" data-sheets-value=\"{&quot;1&quot;:2,&quot;2&quot;:&quot;Fran\u00e7oise SAUDO &amp; Emmanuel SAUVALLE&quot;}\">Fran\u00e7oise SAUDO &amp; Emmanuel SAUVALLE<\/td>\n<td style=\"height: 42px;\" data-sheets-value=\"{&quot;1&quot;:3,&quot;3&quot;:23}\">23<\/td>\n<td style=\"height: 42px;\">\u00a0<\/td>\n<\/tr>\n<tr style=\"height: 42px;\">\n<td style=\"height: 42px;\" data-sheets-value=\"{&quot;1&quot;:2,&quot;2&quot;:&quot;John Skjonnemand &amp; Ro Kaye&quot;}\">John Skjonnemand &amp; Ro Kaye<\/td>\n<td style=\"height: 42px;\">\u00a0<\/td>\n<td style=\"height: 42px;\" data-sheets-value=\"{&quot;1&quot;:3,&quot;3&quot;:22}\">22<\/td>\n<\/tr>\n<tr style=\"height: 42px;\">\n<td style=\"height: 42px;\" data-sheets-value=\"{&quot;1&quot;:2,&quot;2&quot;:&quot;Kanwar Rahim &amp; Toby Roberts&quot;}\">Kanwar Rahim &amp; Toby Roberts<\/td>\n<td style=\"height: 42px;\">\u00a0<\/td>\n<td style=\"height: 42px;\" data-sheets-value=\"{&quot;1&quot;:3,&quot;3&quot;:21}\">21<\/td>\n<\/tr>\n<tr style=\"height: 42px;\">\n<td style=\"height: 42px;\" data-sheets-value=\"{&quot;1&quot;:2,&quot;2&quot;:&quot;Sylvie PASCAL &amp; Colette VIARD&quot;}\">Sylvie PASCAL &amp; Colette VIARD<\/td>\n<td style=\"height: 42px;\" data-sheets-value=\"{&quot;1&quot;:3,&quot;3&quot;:20}\">20<\/td>\n<td style=\"height: 42px;\">\u00a0<\/td>\n<\/tr>\n<tr style=\"height: 42px;\">\n<td style=\"height: 42px;\" data-sheets-value=\"{&quot;1&quot;:2,&quot;2&quot;:&quot;Mary Jones &amp; Stephanie Molyneux&quot;}\">Mary Jones &amp; Stephanie Molyneux<\/td>\n<td style=\"height: 42px;\">\u00a0<\/td>\n<td style=\"height: 42px;\" data-sheets-value=\"{&quot;1&quot;:3,&quot;3&quot;:19}\">19<\/td>\n<\/tr>\n<tr style=\"height: 42px;\">\n<td style=\"height: 42px;\" data-sheets-value=\"{&quot;1&quot;:2,&quot;2&quot;:&quot;Ren\u00e9 BARBARULO &amp; Mich\u00e8le ROY BONNEPART&quot;}\">Ren\u00e9 BARBARULO &amp; Mich\u00e8le ROY BONNEPART<\/td>\n<td style=\"height: 42px;\" data-sheets-value=\"{&quot;1&quot;:3,&quot;3&quot;:18}\">18<\/td>\n<td style=\"height: 42px;\">\u00a0<\/td>\n<\/tr>\n<tr style=\"height: 42px;\">\n<td style=\"height: 42px;\" data-sheets-value=\"{&quot;1&quot;:2,&quot;2&quot;:&quot;Pascal OLIER &amp; Yvan JEANTET&quot;}\">Pascal OLIER &amp; Yvan JEANTET<\/td>\n<td style=\"height: 42px;\" data-sheets-value=\"{&quot;1&quot;:3,&quot;3&quot;:17}\">17<\/td>\n<td style=\"height: 42px;\">\u00a0<\/td>\n<\/tr>\n<tr style=\"height: 42px;\">\n<td style=\"height: 42px;\" data-sheets-value=\"{&quot;1&quot;:2,&quot;2&quot;:&quot;Linda Barratt &amp; Steve Ted&quot;}\">Linda Barratt &amp; Steve Ted<\/td>\n<td style=\"height: 42px;\">\u00a0<\/td>\n<td style=\"height: 42px;\" data-sheets-value=\"{&quot;1&quot;:3,&quot;3&quot;:16}\">16<\/td>\n<\/tr>\n<tr style=\"height: 42px;\">\n<td style=\"height: 42px;\" data-sheets-value=\"{&quot;1&quot;:2,&quot;2&quot;:&quot;Alison Sharpe &amp; Lesley Martin&quot;}\">Alison Sharpe &amp; Lesley Martin<\/td>\n<td style=\"height: 42px;\">\u00a0<\/td>\n<td style=\"height: 42px;\" data-sheets-value=\"{&quot;1&quot;:3,&quot;3&quot;:15}\">15<\/td>\n<\/tr>\n<tr style=\"height: 42px;\">\n<td style=\"height: 42px;\" data-sheets-value=\"{&quot;1&quot;:2,&quot;2&quot;:&quot;Val Constable &amp; Lesley Harrison&quot;}\">Val Constable &amp; Lesley Harrison<\/td>\n<td style=\"height: 42px;\">\u00a0<\/td>\n<td style=\"height: 42px;\" data-sheets-value=\"{&quot;1&quot;:3,&quot;3&quot;:14}\">14<\/td>\n<\/tr>\n<tr style=\"height: 42px;\">\n<td style=\"height: 42px;\" data-sheets-value=\"{&quot;1&quot;:2,&quot;2&quot;:&quot;Yvonne McKeon &amp; Gillian Mitchell&quot;}\">Yvonne McKeon &amp; Gillian Mitchell<\/td>\n<td style=\"height: 42px;\">\u00a0<\/td>\n<td style=\"height: 42px;\" data-sheets-value=\"{&quot;1&quot;:3,&quot;3&quot;:13}\">13<\/td>\n<\/tr>\n<tr style=\"height: 42px;\">\n<td style=\"height: 42px;\" data-sheets-value=\"{&quot;1&quot;:2,&quot;2&quot;:&quot;Steven Betteley &amp; Helen Morris&quot;}\">Steven Betteley &amp; Helen Morris<\/td>\n<td style=\"height: 42px;\">\u00a0<\/td>\n<td style=\"height: 42px;\" data-sheets-value=\"{&quot;1&quot;:3,&quot;3&quot;:12}\">12<\/td>\n<\/tr>\n<tr style=\"height: 42px;\">\n<td style=\"height: 42px;\" data-sheets-value=\"{&quot;1&quot;:2,&quot;2&quot;:&quot;Marie-Claude GRUZ &amp; Jean-Pierre DEFROYENNE&quot;}\">Marie-Claude GRUZ &amp; Jean-Pierre DEFROYENNE<\/td>\n<td style=\"height: 42px;\" data-sheets-value=\"{&quot;1&quot;:3,&quot;3&quot;:11}\">11<\/td>\n<td style=\"height: 42px;\">\u00a0<\/td>\n<\/tr>\n<tr style=\"height: 42px;\">\n<td style=\"height: 42px;\" data-sheets-value=\"{&quot;1&quot;:2,&quot;2&quot;:&quot;Trevor Howard &amp; Frank Harsent&quot;}\">Trevor Howard &amp; Frank Harsent<\/td>\n<td style=\"height: 42px;\">\u00a0<\/td>\n<td style=\"height: 42px;\" data-sheets-value=\"{&quot;1&quot;:3,&quot;3&quot;:10}\">10<\/td>\n<\/tr>\n<tr style=\"height: 42px;\">\n<td style=\"height: 42px;\" data-sheets-value=\"{&quot;1&quot;:2,&quot;2&quot;:&quot;Daniel COURTOIS &amp; Elise MARTINELLI&quot;}\">Daniel COURTOIS &amp; Elise MARTINELLI<\/td>\n<td style=\"height: 42px;\" data-sheets-value=\"{&quot;1&quot;:3,&quot;3&quot;:9}\">9<\/td>\n<td style=\"height: 42px;\">\u00a0<\/td>\n<\/tr>\n<tr style=\"height: 42px;\">\n<td style=\"height: 42px;\" data-sheets-value=\"{&quot;1&quot;:2,&quot;2&quot;:&quot;Paul Clark &amp; John Polhill&quot;}\">Paul Clark &amp; John Polhill<\/td>\n<td style=\"height: 42px;\">\u00a0<\/td>\n<td style=\"height: 42px;\" data-sheets-value=\"{&quot;1&quot;:3,&quot;3&quot;:8}\">8<\/td>\n<\/tr>\n<tr style=\"height: 42px;\">\n<td style=\"height: 42px;\" data-sheets-value=\"{&quot;1&quot;:2,&quot;2&quot;:&quot;Marie-No\u00eblle COLLARD &amp; Elisabeth RUSSO&quot;}\">Marie-No\u00eblle COLLARD &amp; Elisabeth RUSSO<\/td>\n<td style=\"height: 42px;\" data-sheets-value=\"{&quot;1&quot;:3,&quot;3&quot;:7}\">7<\/td>\n<td style=\"height: 42px;\">\u00a0<\/td>\n<\/tr>\n<tr style=\"height: 42px;\">\n<td style=\"height: 42px;\" data-sheets-value=\"{&quot;1&quot;:2,&quot;2&quot;:&quot;Beverley Graham-Jones &amp; Geraldine Smith&quot;}\">Beverley Graham-Jones &amp; Geraldine Smith<\/td>\n<td style=\"height: 42px;\">\u00a0<\/td>\n<td style=\"height: 42px;\" data-sheets-value=\"{&quot;1&quot;:3,&quot;3&quot;:6}\">6<\/td>\n<\/tr>\n<tr style=\"height: 42px;\">\n<td style=\"height: 42px;\" data-sheets-value=\"{&quot;1&quot;:2,&quot;2&quot;:&quot;Rowan Lytheer &amp; Paul Grierson&quot;}\">Rowan Lytheer &amp; Paul Grierson<\/td>\n<td style=\"height: 42px;\">\u00a0<\/td>\n<td style=\"height: 42px;\" data-sheets-value=\"{&quot;1&quot;:3,&quot;3&quot;:5}\">5<\/td>\n<\/tr>\n<tr style=\"height: 42px;\">\n<td style=\"height: 42px;\" data-sheets-value=\"{&quot;1&quot;:2,&quot;2&quot;:&quot;Jacques DUPONT &amp; Florence COROLLER&quot;}\">Jacques DUPONT &amp; Florence COROLLER<\/td>\n<td style=\"height: 42px;\" data-sheets-value=\"{&quot;1&quot;:3,&quot;3&quot;:4}\">4<\/td>\n<td style=\"height: 42px;\">\u00a0<\/td>\n<\/tr>\n<tr style=\"height: 42px;\">\n<td style=\"height: 42px;\" data-sheets-value=\"{&quot;1&quot;:2,&quot;2&quot;:&quot;Marie-Christine ISAMBERT &amp; Jeannine MILLISCHER&quot;}\">Marie-Christine ISAMBERT &amp; Jeannine MILLISCHER<\/td>\n<td style=\"height: 42px;\" data-sheets-value=\"{&quot;1&quot;:3,&quot;3&quot;:3}\">3<\/td>\n<td style=\"height: 42px;\">\u00a0<\/td>\n<\/tr>\n<tr style=\"height: 42px;\">\n<td style=\"height: 42px;\" data-sheets-value=\"{&quot;1&quot;:2,&quot;2&quot;:&quot;Nicole Percival &amp; Chris Fawcett&quot;}\">Nicole Percival &amp; Chris Fawcett<\/td>\n<td style=\"height: 42px;\">\u00a0<\/td>\n<td style=\"height: 42px;\" data-sheets-value=\"{&quot;1&quot;:3,&quot;3&quot;:2}\">2<\/td>\n<\/tr>\n<tr style=\"height: 42px;\">\n<td style=\"height: 42px;\" data-sheets-value=\"{&quot;1&quot;:2,&quot;2&quot;:&quot;Maya BILLOUX &amp; Alain THIERRY&quot;}\">Maya BILLOUX &amp; Alain THIERRY<\/td>\n<td style=\"height: 42px;\" data-sheets-value=\"{&quot;1&quot;:3,&quot;3&quot;:1}\">1<\/td>\n<td style=\"height: 42px;\">\u00a0<\/td>\n<\/tr>\n<tr style=\"height: 42px;\">\n<td style=\"height: 42px;\">\u00a0<\/td>\n<td style=\"height: 42px;\">\u00a0<\/td>\n<td style=\"height: 42px;\">\u00a0<\/td>\n<\/tr>\n<tr style=\"height: 42px;\">\n<td style=\"height: 42px;\">\u00a0<\/td>\n<td style=\"height: 42px;\" data-sheets-value=\"{&quot;1&quot;:3,&quot;3&quot;:222}\" data-sheets-formula=\"=SOMME(R[-31]C[0]:R[-1]C[0])\"><strong>222<\/strong><\/td>\n<td style=\"height: 42px;\" data-sheets-value=\"{&quot;1&quot;:3,&quot;3&quot;:243}\" data-sheets-formula=\"=SOMME(R[-31]C[0]:R[-1]C[0])\"><strong>243<\/strong><\/td>\n<\/tr>\n<\/tbody>\n<\/table>\n<p>\u00a0<\/p>\n<p>\u00a0<\/p>\n<p><strong>les 14 Paires d&rsquo;Annecy<\/strong><\/p>\n<table dir=\"ltr\" border=\"1\" cellspacing=\"0\" cellpadding=\"0\"><colgroup><col width=\"163\" \/><col width=\"174\" \/><col width=\"100\" \/><col width=\"100\" \/><col width=\"100\" \/><\/colgroup>\n<tbody>\n<tr>\n<td data-sheets-value=\"{&quot;1&quot;:2,&quot;2&quot;:&quot;JOUEUR 1&quot;}\"><strong>JOUEUR 1<\/strong><\/td>\n<td data-sheets-value=\"{&quot;1&quot;:2,&quot;2&quot;:&quot;JOUEUR 2&quot;}\"><strong>JOUEUR 2<\/strong><\/td>\n<td data-sheets-value=\"{&quot;1&quot;:2,&quot;2&quot;:&quot;IV&quot;}\"><strong>IV<\/strong><\/td>\n<td data-sheets-value=\"{&quot;1&quot;:2,&quot;2&quot;:&quot;IV1&quot;}\"><strong>IV1<\/strong><\/td>\n<td data-sheets-value=\"{&quot;1&quot;:2,&quot;2&quot;:&quot;IV2&quot;}\"><strong>IV2<\/strong><\/td>\n<\/tr>\n<tr>\n<td data-sheets-value=\"{&quot;1&quot;:2,&quot;2&quot;:&quot;G\u00e9rard BOCCON&quot;}\">G\u00e9rard BOCCON<\/td>\n<td data-sheets-value=\"{&quot;1&quot;:2,&quot;2&quot;:&quot;Herv\u00e9 VINCENT&quot;}\">Herv\u00e9 VINCENT<\/td>\n<td data-sheets-value=\"{&quot;1&quot;:3,&quot;3&quot;:180}\" data-sheets-formula=\"=SOMME(R[0]C[1]:R[0]C[2])\">180<\/td>\n<td data-sheets-value=\"{&quot;1&quot;:3,&quot;3&quot;:84}\">84<\/td>\n<td data-sheets-value=\"{&quot;1&quot;:3,&quot;3&quot;:96}\">96<\/td>\n<\/tr>\n<tr>\n<td data-sheets-value=\"{&quot;1&quot;:2,&quot;2&quot;:&quot;Marie-Claude GRUZ&quot;}\">Marie-Claude GRUZ<\/td>\n<td data-sheets-value=\"{&quot;1&quot;:2,&quot;2&quot;:&quot;Jean-Pierre DEFROYENNE&quot;}\">Jean-Pierre DEFROYENNE<\/td>\n<td data-sheets-value=\"{&quot;1&quot;:3,&quot;3&quot;:168}\" data-sheets-formula=\"=SOMME(R[0]C[1]:R[0]C[2])\">168<\/td>\n<td data-sheets-value=\"{&quot;1&quot;:3,&quot;3&quot;:84}\">84<\/td>\n<td data-sheets-value=\"{&quot;1&quot;:3,&quot;3&quot;:84}\">84<\/td>\n<\/tr>\n<tr>\n<td data-sheets-value=\"{&quot;1&quot;:2,&quot;2&quot;:&quot;Guy BENIADA&quot;}\">Guy BENIADA<\/td>\n<td data-sheets-value=\"{&quot;1&quot;:2,&quot;2&quot;:&quot;Nicolas BELLOTTO&quot;}\">Nicolas BELLOTTO<\/td>\n<td data-sheets-value=\"{&quot;1&quot;:3,&quot;3&quot;:160}\" data-sheets-formula=\"=SOMME(R[0]C[1]:R[0]C[2])\">160<\/td>\n<td data-sheets-value=\"{&quot;1&quot;:3,&quot;3&quot;:84}\">84<\/td>\n<td data-sheets-value=\"{&quot;1&quot;:3,&quot;3&quot;:76}\">76<\/td>\n<\/tr>\n<tr>\n<td data-sheets-value=\"{&quot;1&quot;:2,&quot;2&quot;:&quot;Christiane RAFFORT&quot;}\">Christiane RAFFORT<\/td>\n<td data-sheets-value=\"{&quot;1&quot;:2,&quot;2&quot;:&quot;Louis SONDAZ&quot;}\">Louis SONDAZ<\/td>\n<td data-sheets-value=\"{&quot;1&quot;:3,&quot;3&quot;:124}\" data-sheets-formula=\"=SOMME(R[0]C[1]:R[0]C[2])\">124<\/td>\n<td data-sheets-value=\"{&quot;1&quot;:3,&quot;3&quot;:68}\">68<\/td>\n<td data-sheets-value=\"{&quot;1&quot;:3,&quot;3&quot;:56}\">56<\/td>\n<\/tr>\n<tr>\n<td data-sheets-value=\"{&quot;1&quot;:2,&quot;2&quot;:&quot;Ren\u00e9 BARBARULO&quot;}\">Ren\u00e9 BARBARULO<\/td>\n<td data-sheets-value=\"{&quot;1&quot;:2,&quot;2&quot;:&quot;Mich\u00e8le ROY BONNEPART&quot;}\">Mich\u00e8le ROY BONNEPART<\/td>\n<td data-sheets-value=\"{&quot;1&quot;:3,&quot;3&quot;:120}\" data-sheets-formula=\"=SOMME(R[0]C[1]:R[0]C[2])\">120<\/td>\n<td data-sheets-value=\"{&quot;1&quot;:3,&quot;3&quot;:60}\">60<\/td>\n<td data-sheets-value=\"{&quot;1&quot;:3,&quot;3&quot;:60}\">60<\/td>\n<\/tr>\n<tr>\n<td data-sheets-value=\"{&quot;1&quot;:2,&quot;2&quot;:&quot;Fran\u00e7oise SAUDO&quot;}\">Fran\u00e7oise SAUDO<\/td>\n<td data-sheets-value=\"{&quot;1&quot;:2,&quot;2&quot;:&quot;Emmanuel SAUVALLE&quot;}\">Emmanuel SAUVALLE<\/td>\n<td data-sheets-value=\"{&quot;1&quot;:3,&quot;3&quot;:120}\" data-sheets-formula=\"=SOMME(R[0]C[1]:R[0]C[2])\">120<\/td>\n<td data-sheets-value=\"{&quot;1&quot;:3,&quot;3&quot;:60}\">60<\/td>\n<td data-sheets-value=\"{&quot;1&quot;:3,&quot;3&quot;:60}\">60<\/td>\n<\/tr>\n<tr>\n<td data-sheets-value=\"{&quot;1&quot;:2,&quot;2&quot;:&quot;Fran\u00e7ois CAUVIN&quot;}\">Fran\u00e7ois CAUVIN<\/td>\n<td data-sheets-value=\"{&quot;1&quot;:2,&quot;2&quot;:&quot;Marie-Christine VIVIN&quot;}\">Marie-Christine VIVIN<\/td>\n<td data-sheets-value=\"{&quot;1&quot;:3,&quot;3&quot;:116}\" data-sheets-formula=\"=SOMME(R[0]C[1]:R[0]C[2])\">116<\/td>\n<td data-sheets-value=\"{&quot;1&quot;:3,&quot;3&quot;:60}\">60<\/td>\n<td data-sheets-value=\"{&quot;1&quot;:3,&quot;3&quot;:56}\">56<\/td>\n<\/tr>\n<tr>\n<td data-sheets-value=\"{&quot;1&quot;:2,&quot;2&quot;:&quot;Sylvie PASCAL&quot;}\">Sylvie PASCAL<\/td>\n<td data-sheets-value=\"{&quot;1&quot;:2,&quot;2&quot;:&quot;Colette VIARD&quot;}\">Colette VIARD<\/td>\n<td data-sheets-value=\"{&quot;1&quot;:3,&quot;3&quot;:116}\" data-sheets-formula=\"=SOMME(R[0]C[1]:R[0]C[2])\">116<\/td>\n<td data-sheets-value=\"{&quot;1&quot;:3,&quot;3&quot;:68}\">68<\/td>\n<td data-sheets-value=\"{&quot;1&quot;:3,&quot;3&quot;:48}\">48<\/td>\n<\/tr>\n<tr>\n<td data-sheets-value=\"{&quot;1&quot;:2,&quot;2&quot;:&quot;Daniel COURTOIS&quot;}\">Daniel COURTOIS<\/td>\n<td data-sheets-value=\"{&quot;1&quot;:2,&quot;2&quot;:&quot;Elise MARTINELLI&quot;}\">Elise MARTINELLI<\/td>\n<td data-sheets-value=\"{&quot;1&quot;:3,&quot;3&quot;:108}\" data-sheets-formula=\"=SOMME(R[0]C[1]:R[0]C[2])\">108<\/td>\n<td data-sheets-value=\"{&quot;1&quot;:3,&quot;3&quot;:48}\">48<\/td>\n<td data-sheets-value=\"{&quot;1&quot;:3,&quot;3&quot;:60}\">60<\/td>\n<\/tr>\n<tr>\n<td data-sheets-value=\"{&quot;1&quot;:2,&quot;2&quot;:&quot;Marie-Christine ISAMBERT&quot;}\">Marie-Christine ISAMBERT<\/td>\n<td data-sheets-value=\"{&quot;1&quot;:2,&quot;2&quot;:&quot;Jeannine MILLISCHER&quot;}\">Jeannine MILLISCHER<\/td>\n<td data-sheets-value=\"{&quot;1&quot;:3,&quot;3&quot;:100}\" data-sheets-formula=\"=SOMME(R[0]C[1]:R[0]C[2])\">100<\/td>\n<td data-sheets-value=\"{&quot;1&quot;:3,&quot;3&quot;:52}\">52<\/td>\n<td data-sheets-value=\"{&quot;1&quot;:3,&quot;3&quot;:48}\">48<\/td>\n<\/tr>\n<tr>\n<td data-sheets-value=\"{&quot;1&quot;:2,&quot;2&quot;:&quot;Pascal OLIER&quot;}\">Pascal OLIER<\/td>\n<td data-sheets-value=\"{&quot;1&quot;:2,&quot;2&quot;:&quot;Yvan JEANTET&quot;}\">Yvan JEANTET<\/td>\n<td data-sheets-value=\"{&quot;1&quot;:3,&quot;3&quot;:88}\" data-sheets-formula=\"=SOMME(R[0]C[1]:R[0]C[2])\">88<\/td>\n<td data-sheets-value=\"{&quot;1&quot;:3,&quot;3&quot;:52}\">52<\/td>\n<td data-sheets-value=\"{&quot;1&quot;:3,&quot;3&quot;:36}\">36<\/td>\n<\/tr>\n<tr>\n<td data-sheets-value=\"{&quot;1&quot;:2,&quot;2&quot;:&quot;Maya BILLOUX&quot;}\">Maya BILLOUX<\/td>\n<td data-sheets-value=\"{&quot;1&quot;:2,&quot;2&quot;:&quot;Alain THIERRY&quot;}\">Alain THIERRY<\/td>\n<td data-sheets-value=\"{&quot;1&quot;:3,&quot;3&quot;:72}\" data-sheets-formula=\"=SOMME(R[0]C[1]:R[0]C[2])\">72<\/td>\n<td data-sheets-value=\"{&quot;1&quot;:3,&quot;3&quot;:36}\">36<\/td>\n<td data-sheets-value=\"{&quot;1&quot;:3,&quot;3&quot;:36}\">36<\/td>\n<\/tr>\n<tr>\n<td data-sheets-value=\"{&quot;1&quot;:2,&quot;2&quot;:&quot;Marie-No\u00eblle COLLARD&quot;}\">Marie-No\u00eblle COLLARD<\/td>\n<td data-sheets-value=\"{&quot;1&quot;:2,&quot;2&quot;:&quot;Elisabeth RUSSO&quot;}\">Elisabeth RUSSO<\/td>\n<td data-sheets-value=\"{&quot;1&quot;:3,&quot;3&quot;:72}\" data-sheets-formula=\"=SOMME(R[0]C[1]:R[0]C[2])\">72<\/td>\n<td data-sheets-value=\"{&quot;1&quot;:3,&quot;3&quot;:40}\">40<\/td>\n<td data-sheets-value=\"{&quot;1&quot;:3,&quot;3&quot;:32}\">32<\/td>\n<\/tr>\n<tr>\n<td data-sheets-value=\"{&quot;1&quot;:2,&quot;2&quot;:&quot;Jacques DUPONT&quot;}\">Jacques DUPONT<\/td>\n<td data-sheets-value=\"{&quot;1&quot;:2,&quot;2&quot;:&quot;Florence COROLLER&quot;}\">Florence COROLLER<\/td>\n<td data-sheets-value=\"{&quot;1&quot;:3,&quot;3&quot;:62}\" data-sheets-formula=\"=SOMME(R[0]C[1]:R[0]C[2])\">62<\/td>\n<td data-sheets-value=\"{&quot;1&quot;:3,&quot;3&quot;:32}\">32<\/td>\n<td data-sheets-value=\"{&quot;1&quot;:3,&quot;3&quot;:30}\">30<\/td>\n<\/tr>\n<\/tbody>\n<\/table>\n<p>Les 16 paires de Cheltenham :\u00a0<\/p>\n<table dir=\"ltr\" border=\"1\" cellspacing=\"0\" cellpadding=\"0\"><colgroup><col width=\"163\" \/><\/colgroup>\n<tbody>\n<tr>\n<td data-sheets-value=\"{&quot;1&quot;:2,&quot;2&quot;:&quot;1. Patrick Shields &amp; Garry Watson&quot;}\">\n<div>\n<div>1. Patrick Shields &amp; Garry Watson<\/div>\n<\/div>\n<\/td>\n<\/tr>\n<tr>\n<td data-sheets-value=\"{&quot;1&quot;:2,&quot;2&quot;:&quot;2. Kanwar Rahim &amp; Toby Roberts&quot;}\">\n<div>\n<div>2. Kanwar Rahim &amp; Toby Roberts<\/div>\n<\/div>\n<\/td>\n<\/tr>\n<tr>\n<td data-sheets-value=\"{&quot;1&quot;:2,&quot;2&quot;:&quot;3. Val Constable &amp; Lesley Harrison&quot;}\">\n<div>\n<div>3. Val Constable &amp; Lesley Harrison<\/div>\n<\/div>\n<\/td>\n<\/tr>\n<tr>\n<td data-sheets-value=\"{&quot;1&quot;:2,&quot;2&quot;:&quot;4. Helen Bryan &amp; Andy Smith&quot;}\">\n<div>\n<div>4. Helen Bryan &amp; Andy Smith<\/div>\n<\/div>\n<\/td>\n<\/tr>\n<tr>\n<td data-sheets-value=\"{&quot;1&quot;:2,&quot;2&quot;:&quot;5. John Skjonnemand &amp; Ro Kaye&quot;}\">\n<div>\n<div>5. John Skjonnemand &amp; Ro Kaye<\/div>\n<\/div>\n<\/td>\n<\/tr>\n<tr>\n<td data-sheets-value=\"{&quot;1&quot;:2,&quot;2&quot;:&quot;6. Paul Clark and John Polhill&quot;}\">\n<div>\n<div>6. Paul Clark and John Polhill<\/div>\n<\/div>\n<\/td>\n<\/tr>\n<tr>\n<td data-sheets-value=\"{&quot;1&quot;:2,&quot;2&quot;:&quot;7. Arun Nanda &amp; Ben Britton&quot;}\">\n<div>\n<div>7. Arun Nanda &amp; Ben Britton<\/div>\n<\/div>\n<\/td>\n<\/tr>\n<tr>\n<td data-sheets-value=\"{&quot;1&quot;:2,&quot;2&quot;:&quot;8. Linda Barratt &amp; Steve Ted&quot;}\">\n<div>\n<div>8. Linda Barratt &amp; Steve Ted<\/div>\n<\/div>\n<\/td>\n<\/tr>\n<tr>\n<td data-sheets-value=\"{&quot;1&quot;:2,&quot;2&quot;:&quot;9. Mary Jones &amp; Stephanie Molyneux&quot;}\">\n<div>\n<div>9. Mary Jones &amp; Stephanie Molyneux<\/div>\n<\/div>\n<\/td>\n<\/tr>\n<tr>\n<td data-sheets-value=\"{&quot;1&quot;:2,&quot;2&quot;:&quot;10. Steven Betteley &amp; Helen Morris&quot;}\">\n<div>\n<div>10. Steven Betteley &amp; Helen Morris<\/div>\n<\/div>\n<\/td>\n<\/tr>\n<tr>\n<td data-sheets-value=\"{&quot;1&quot;:2,&quot;2&quot;:&quot;11. Trevor Howard &amp; Frank Harsent&quot;}\">\n<div>\n<div>11. Trevor Howard &amp; Frank Harsent<\/div>\n<\/div>\n<\/td>\n<\/tr>\n<tr>\n<td data-sheets-value=\"{&quot;1&quot;:2,&quot;2&quot;:&quot;12. Rowan Lytheer &amp; Paul Grierson&quot;}\">\n<div>\n<div>12. Rowan Lytheer &amp; Paul Grierson<\/div>\n<\/div>\n<\/td>\n<\/tr>\n<tr>\n<td data-sheets-value=\"{&quot;1&quot;:2,&quot;2&quot;:&quot;13. Alison Sharpe &amp; Lesley Martin&quot;}\">\n<div>\n<div>13. Alison Sharpe &amp; Lesley Martin<\/div>\n<\/div>\n<\/td>\n<\/tr>\n<tr>\n<td data-sheets-value=\"{&quot;1&quot;:2,&quot;2&quot;:&quot;14. Yvonne McKeon &amp; Gillian Mitchell&quot;}\">\n<div>\n<div>14. Yvonne McKeon &amp; Gillian Mitchell<\/div>\n<\/div>\n<\/td>\n<\/tr>\n<tr>\n<td data-sheets-value=\"{&quot;1&quot;:2,&quot;2&quot;:&quot;15. Beverley Graham-Jones &amp; Geraldine Smith&quot;}\">\n<div>\n<div>15. Beverley Graham-Jones &amp; Geraldine Smith<\/div>\n<\/div>\n<\/td>\n<\/tr>\n<tr>\n<td data-sheets-value=\"{&quot;1&quot;:2,&quot;2&quot;:&quot;16. Nicole Percival &amp; Chris Fawcett&quot;}\">\n<div>\n<div>16. Nicole Percival &amp; Chris Fawcett<\/div>\n<\/div>\n<\/td>\n<\/tr>\n<\/tbody>\n<\/table>\n<p><br \/><br \/><br \/><\/p>\n<p><span style=\"font-size: revert; color: initial;\">Retrouvez ci-apr\u00e8s en cliquant les r\u00e9sultats de <\/span><a style=\"font-size: revert;\" href=\"http:\/\/bcga74.fr\/accueil\/annecy-cheltenham-2021\/\" target=\"_blank\" rel=\"noopener\">Annecy-Cheltenham 2021<\/a><\/p>\n<p>Renseignements : jh.favre74 @ gmail.com \/ (+33) 06 23 78 07 42<\/p>\n<\/div>\n<\/div>\n","protected":false},"excerpt":{"rendered":"","protected":false},"author":4,"featured_media":0,"parent":0,"menu_order":0,"comment_status":"closed","ping_status":"closed","template":"","meta":{"footnotes":""},"class_list":["post-2717","page","type-page","status-publish","hentry","nodate","item-wrap"],"_links":{"self":[{"href":"http:\/\/bcga74.fr\/accueil\/wp-json\/wp\/v2\/pages\/2717","targetHints":{"allow":["GET"]}}],"collection":[{"href":"http:\/\/bcga74.fr\/accueil\/wp-json\/wp\/v2\/pages"}],"about":[{"href":"http:\/\/bcga74.fr\/accueil\/wp-json\/wp\/v2\/types\/page"}],"author":[{"embeddable":true,"href":"http:\/\/bcga74.fr\/accueil\/wp-json\/wp\/v2\/users\/4"}],"replies":[{"embeddable":true,"href":"http:\/\/bcga74.fr\/accueil\/wp-json\/wp\/v2\/comments?post=2717"}],"version-history":[{"count":76,"href":"http:\/\/bcga74.fr\/accueil\/wp-json\/wp\/v2\/pages\/2717\/revisions"}],"predecessor-version":[{"id":3631,"href":"http:\/\/bcga74.fr\/accueil\/wp-json\/wp\/v2\/pages\/2717\/revisions\/3631"}],"wp:attachment":[{"href":"http:\/\/bcga74.fr\/accueil\/wp-json\/wp\/v2\/media?parent=2717"}],"curies":[{"name":"wp","href":"https:\/\/api.w.org\/{rel}","templated":true}]}}