{"id":27,"date":"2015-11-12T10:44:35","date_gmt":"2015-11-12T09:44:35","guid":{"rendered":"http:\/\/bcga74.fr\/?page_id=27"},"modified":"2015-11-19T17:03:11","modified_gmt":"2015-11-19T16:03:11","slug":"contact","status":"publish","type":"page","link":"http:\/\/bcga74.fr\/accueil\/contact\/","title":{"rendered":"Contact"},"content":{"rendered":"<p>&nbsp;<\/p>\n<h1 style=\"text-align: center;\">Demande d&rsquo;Informations<\/h1>\n<p>&nbsp;<\/p>\n<p><strong>Une question ?<\/strong><\/p>\n<p><strong>Une suggestion ?<\/strong><\/p>\n<p><strong>Un avis sur le site internet ?<\/strong><\/p>\n<p><strong>N&rsquo;h\u00e9sitez pas \u00e0 nous contacter en remplissant le formulaire ci-dessous.<\/strong><\/p>\n<p><strong>Nous vous r\u00e9pondrons dans les plus brefs d\u00e9lais<\/strong><\/p>\n<p>[contact-form-7 id=\u00a0\u00bb11&Prime; title=\u00a0\u00bbDemande d&rsquo;information\u00a0\u00bb]<\/p>\n","protected":false},"excerpt":{"rendered":"<p>&nbsp; Demande d&rsquo;Informations &nbsp; Une question ? Une suggestion ? Un avis sur le site internet ? N&rsquo;h\u00e9sitez pas \u00e0 nous contacter en remplissant le formulaire ci-dessous. Nous vous r\u00e9pondrons dans les plus brefs d\u00e9lais [contact-form-7 id=\u00a0\u00bb11&Prime; title=\u00a0\u00bbDemande d&rsquo;information\u00a0\u00bb]<\/p>\n","protected":false},"author":1,"featured_media":0,"parent":0,"menu_order":50,"comment_status":"closed","ping_status":"closed","template":"","meta":{"footnotes":""},"class_list":["post-27","page","type-page","status-publish","hentry","nodate","item-wrap"],"_links":{"self":[{"href":"http:\/\/bcga74.fr\/accueil\/wp-json\/wp\/v2\/pages\/27","targetHints":{"allow":["GET"]}}],"collection":[{"href":"http:\/\/bcga74.fr\/accueil\/wp-json\/wp\/v2\/pages"}],"about":[{"href":"http:\/\/bcga74.fr\/accueil\/wp-json\/wp\/v2\/types\/page"}],"author":[{"embeddable":true,"href":"http:\/\/bcga74.fr\/accueil\/wp-json\/wp\/v2\/users\/1"}],"replies":[{"embeddable":true,"href":"http:\/\/bcga74.fr\/accueil\/wp-json\/wp\/v2\/comments?post=27"}],"version-history":[{"count":6,"href":"http:\/\/bcga74.fr\/accueil\/wp-json\/wp\/v2\/pages\/27\/revisions"}],"predecessor-version":[{"id":3570,"href":"http:\/\/bcga74.fr\/accueil\/wp-json\/wp\/v2\/pages\/27\/revisions\/3570"}],"wp:attachment":[{"href":"http:\/\/bcga74.fr\/accueil\/wp-json\/wp\/v2\/media?parent=27"}],"curies":[{"name":"wp","href":"https:\/\/api.w.org\/{rel}","templated":true}]}}