{"id":2399,"date":"2021-04-01T21:34:54","date_gmt":"2021-04-01T20:34:54","guid":{"rendered":"http:\/\/bcga74.fr\/accueil\/?page_id=2399"},"modified":"2023-03-29T10:06:03","modified_gmt":"2023-03-29T09:06:03","slug":"excellence-sur-realbridge","status":"publish","type":"page","link":"https:\/\/bcga74.fr\/accueil\/excellence-sur-realbridge\/","title":{"rendered":"EXCELLENCE+ sur RealBridge"},"content":{"rendered":"\n<h1 style=\"text-align: center;\"><strong>EXCELLENCE+ sur RealBridge<\/strong><\/h1>\n<p>Nous vous proposons des tournois \/2 et \/4 r\u00e9serv\u00e9s aux 1\u00e8res s\u00e9ries et assimil\u00e9s, les joueurs doivent jouer habituellement les comp\u00e9titions f\u00e9d\u00e9rales en Excellence ou DN. <strong>Reprise des soir\u00e9es Excellence+ 24 Avril 2023<\/strong>.\u00a0\u00a0<\/p>\n<p><strong>Les Lundis soirs \u00e0 20h30<\/strong> : tournoi par paires en IMPs, 18 donnes, inscriptions et acc\u00e8s au tournoi via le site de la FFB (Espace Licenci\u00e9, Inscriptions Tournois Club, cherchez \u00ab\u00a0Grand Annecy\u00a0\u00bb) &#8211; R\u00e9ductions pour inscriptions anticip\u00e9es (-20% plus de 48h, -10% plus de 24h &#8211; \u00e9crivez \u00e0 bcga74 @ gmail.com pour en profiter)<\/p>\n<p><a href=\"http:\/\/bcga74.fr\/wp-content\/uploads\/2023\/03\/BCGA-Excellence.png\"><img loading=\"lazy\" decoding=\"async\" class=\"alignnone size-medium wp-image-3983\" src=\"http:\/\/bcga74.fr\/wp-content\/uploads\/2023\/03\/BCGA-Excellence-213x300.png\" alt=\"\" width=\"213\" height=\"300\" srcset=\"https:\/\/bcga74.fr\/wp-content\/uploads\/2023\/03\/BCGA-Excellence-213x300.png 213w, https:\/\/bcga74.fr\/wp-content\/uploads\/2023\/03\/BCGA-Excellence-726x1024.png 726w, https:\/\/bcga74.fr\/wp-content\/uploads\/2023\/03\/BCGA-Excellence-768x1083.png 768w, https:\/\/bcga74.fr\/wp-content\/uploads\/2023\/03\/BCGA-Excellence-600x846.png 600w, https:\/\/bcga74.fr\/wp-content\/uploads\/2023\/03\/BCGA-Excellence-1090x1536.png 1090w, https:\/\/bcga74.fr\/wp-content\/uploads\/2023\/03\/BCGA-Excellence.png 1240w\" sizes=\"auto, (max-width: 213px) 100vw, 213px\" \/><\/a><\/p>\n<p><strong>Les Vendredis soirs \u00e0 20h30<\/strong> (une semaine sur 2): Patton Suisse par \u00e9quipes, 4 matchs de 5 donnes, avec un break entre les tours (et un Digestif Virtuel \u00e0 l&rsquo;issue du tournoi) vous permettant de d\u00e9briefer en \u00e9quipe, le plaisir de se retrouver en \u00e9quipe. Inscriptions par le capitaine dans votre Espace Licenci\u00e9 sur le site de la FFB (cherchez GRAND ANNECY)\u00a0 <strong><span style=\"color: #ff0000;\">ATTENTION &#8211; PAS DE PATTON PR\u00c9VU POUR LE MOMENT<\/span><\/strong><br \/><strong><br \/>Prochaines Dates : 04\/02 &#8211; 11\/02 &#8211; 18\/02 &#8211; &#8230;<\/strong><\/p>\n<p>Les Capitaines g\u00e8rent les rotations des joueurs entre les tours. L&rsquo;arbitre se \u00ab\u00a0contente\u00a0\u00bb d&rsquo;appuyer sur \u00ab\u00a0d\u00e9marrer\u00a0\u00bb quand toutes les \u00e9quipes sont pr\u00eates.<\/p>\n<p><a href=\"https:\/\/play.realbridge.online\/cx.html?p=210618129347&amp;q=GrandAnnecyPattonExcellence&amp;l=fr\"><strong>Patton du Vendredi 18 Juin (R\u00e9sultats\/Donnes)<\/strong><\/a><br \/><a href=\"https:\/\/play.realbridge.online\/cv.html?p=210521126411&amp;q=GrandAnnecyPattonExcellence&amp;l=fr\"><strong>Patton du Vendredi 21 Mai (R\u00e9sultats\/Donnes)<\/strong><\/a><br \/><a href=\"https:\/\/play.realbridge.online\/cv.html?p=210514122768&amp;q=GrandAnnecyPatton&amp;l=fr\"><strong>Patton du Vendredi 14 Mai (R\u00e9sultats\/Donnes)<\/strong><\/a><br \/><a href=\"https:\/\/play.realbridge.online\/cu.html?p=210507128295&amp;q=GrandAnnecyPatton0507s&amp;l=fr\"><strong>Patton du Vendredi 07 Mai (R\u00e9sultats\/Donnes)<\/strong><\/a><br \/><strong><a href=\"https:\/\/play.realbridge.online\/cu.html?p=210430124546&amp;q=GrandAnnecyPatton0430s&amp;l=fr\">Patton du Vendredi 30 Avril (R\u00e9sultats\/Donnes)<\/a><br \/><\/strong><strong><a href=\"https:\/\/play.realbridge.online\/ct.html?p=210423129731&amp;q=PattonExcelLence210423S\">Patton du Vendredi 23 Avril (R\u00e9sultats\/Donnes)<\/a><br \/><a href=\"https:\/\/play.realbridge.online\/ct.html?p=210416125673&amp;q=GrandAnnecyPAttonExcellence0416s\">Patton du Vendredi 16 Avril (R\u00e9sultats\/Donnes)<\/a><br \/><a href=\"https:\/\/play.realbridge.online\/ct.html?p=210409121481&amp;q=GrandAnnecyPattonSuisse09s\">Patton du Vendredi 09 Avril (R\u00e9sultats\/Donnes)<\/a><br \/><a href=\"https:\/\/forms.gle\/qtzfHjnGAuJR54MPA\">Patton du Vendredi 02 Avril<\/a> <a href=\"https:\/\/play.realbridge.online\/ct.html?p=210402126576&amp;q=GrandAnnecyPattonExcellence0402S\">(R\u00e9sultats\/Donnes)<\/a><br \/><\/strong><\/p>\n<p><strong>VIVE LE BRIDGE EN LIGNE<br \/>VIVE LE BRIDGE SOUS TOUTES SES FORMES\u00a0<\/strong><\/p>\n","protected":false},"excerpt":{"rendered":"<p>EXCELLENCE+ sur RealBridge Nous vous proposons des tournois \/2 et \/4 r\u00e9serv\u00e9s aux 1\u00e8res s\u00e9ries et assimil\u00e9s, les joueurs doivent jouer habituellement les comp\u00e9titions f\u00e9d\u00e9rales en Excellence ou DN. Reprise des soir\u00e9es Excellence+ 24 Avril 2023.\u00a0\u00a0 Les Lundis soirs \u00e0 20h30 : tournoi par paires en IMPs, 18 donnes, inscriptions et acc\u00e8s au tournoi via &hellip; <\/p>\n<p><a class=\"more-link btn\" href=\"https:\/\/bcga74.fr\/accueil\/excellence-sur-realbridge\/\">Lire la suite<\/a><\/p>\n","protected":false},"author":4,"featured_media":0,"parent":0,"menu_order":0,"comment_status":"closed","ping_status":"closed","template":"","meta":{"footnotes":""},"class_list":["post-2399","page","type-page","status-publish","hentry","nodate","item-wrap"],"_links":{"self":[{"href":"https:\/\/bcga74.fr\/accueil\/wp-json\/wp\/v2\/pages\/2399","targetHints":{"allow":["GET"]}}],"collection":[{"href":"https:\/\/bcga74.fr\/accueil\/wp-json\/wp\/v2\/pages"}],"about":[{"href":"https:\/\/bcga74.fr\/accueil\/wp-json\/wp\/v2\/types\/page"}],"author":[{"embeddable":true,"href":"https:\/\/bcga74.fr\/accueil\/wp-json\/wp\/v2\/users\/4"}],"replies":[{"embeddable":true,"href":"https:\/\/bcga74.fr\/accueil\/wp-json\/wp\/v2\/comments?post=2399"}],"version-history":[{"count":28,"href":"https:\/\/bcga74.fr\/accueil\/wp-json\/wp\/v2\/pages\/2399\/revisions"}],"predecessor-version":[{"id":3986,"href":"https:\/\/bcga74.fr\/accueil\/wp-json\/wp\/v2\/pages\/2399\/revisions\/3986"}],"wp:attachment":[{"href":"https:\/\/bcga74.fr\/accueil\/wp-json\/wp\/v2\/media?parent=2399"}],"curies":[{"name":"wp","href":"https:\/\/api.w.org\/{rel}","templated":true}]}}