{"id":1412,"date":"2020-08-30T20:47:54","date_gmt":"2020-08-30T19:47:54","guid":{"rendered":"http:\/\/bcga74.fr\/?page_id=1412"},"modified":"2021-12-01T00:55:26","modified_gmt":"2021-11-30T23:55:26","slug":"jhf-bridge","status":"publish","type":"page","link":"http:\/\/bcga74.fr\/accueil\/jhf-bridge\/","title":{"rendered":"JHF Bridge"},"content":{"rendered":"\n<p><a href=\"http:\/\/bcga74.fr\/wp-content\/uploads\/2021\/09\/jhf.jpg\"><img loading=\"lazy\" decoding=\"async\" class=\"alignnone size-medium wp-image-2686\" src=\"http:\/\/bcga74.fr\/wp-content\/uploads\/2021\/09\/jhf-269x300.jpg\" alt=\"\" width=\"269\" height=\"300\" srcset=\"http:\/\/bcga74.fr\/wp-content\/uploads\/2021\/09\/jhf-269x300.jpg 269w, http:\/\/bcga74.fr\/wp-content\/uploads\/2021\/09\/jhf-917x1024.jpg 917w, http:\/\/bcga74.fr\/wp-content\/uploads\/2021\/09\/jhf-768x858.jpg 768w, http:\/\/bcga74.fr\/wp-content\/uploads\/2021\/09\/jhf-600x670.jpg 600w, http:\/\/bcga74.fr\/wp-content\/uploads\/2021\/09\/jhf-1375x1536.jpg 1375w, http:\/\/bcga74.fr\/wp-content\/uploads\/2021\/09\/jhf-1834x2048.jpg 1834w, http:\/\/bcga74.fr\/wp-content\/uploads\/2021\/09\/jhf-750x838.jpg 750w\" sizes=\"auto, (max-width: 269px) 100vw, 269px\" \/>\u00a0 \u00a0<strong> JHF Bridge, Votre Guide Vers les Sommets<\/strong><\/a><\/p>\n<p>Jean-Herv\u00e9 FAVRE (JHF) est professionnel de bridge, enseignant professionnel depuis 2007, ma\u00eetre-assistant agr\u00e9\u00e9 FFB (depuis 2011), arbitre de comp\u00e9tition f\u00e9d\u00e9rale depuis 2011, arbitre f\u00e9d\u00e9ral agr\u00e9\u00e9 FFB depuis 2018, et joueur de 1\u00e8re s\u00e9rie Pique, principal enseignant au BCLA entre 2009 et 2015, enseignant au BCGA et au Divonne Bridge Club, arbitre de tournois de clubs au BCGA et \u00e0 l&rsquo;A I W C Gen\u00e8ve.\u00a0<br \/><br \/>Il est l&rsquo;organisateur\/arbitre du FIBA (Festival International de Bridge d&rsquo;Annecy), du FIBA 2020 semi-virtuel, et du FIBA 2020 Episode II.\u00a0 Il est le responsable des tournois officiels FFB sur BBO organis\u00e9s\u00a0 par le BCGA depuis avril 2020 et sur RealBridge depuis fin novembre 2020 (tournois open, tournois 3\/4 s\u00e9ries, Excellence+, E-Match\/4), ainsi que des tournois officiels FFB sur BBO organis\u00e9s par le quatuor de clubs Belley, Chamb\u00e9ry, Divonne, Thonon.\u00a0<br \/><br \/>Il a cr\u00e9\u00e9 l&rsquo;op\u00e9rateur Merci Partenaire, dont l&rsquo;objectif est de promouvoir des tournois en ligne.\u00a0<br \/><br \/>Jean-Herv\u00e9 s&rsquo;est positionn\u00e9 sur BBO depuis mars 2020 pour proposer aux joueurs des cours en ligne et en tournois \u00e0 haute valeur ajout\u00e9e :\u00a0<\/p>\n<ul>\n<li>hotline technique par \u00e9changes sur whatsapp (questions\/r\u00e9ponses) 24\/24 7\/7<\/li>\n<li>partie libre en coaching individuel \u00e0 la table sur donnes al\u00e9atoires (sur BBO contre robots avanc\u00e9s)<\/li>\n<li>visio-conf\u00e9rence de d\u00e9briefing des donnes apr\u00e8s chaque tournoi (tarifs d\u00e9gressifs en fonction du nombre de participants)<\/li>\n<li>tournoi en face du prof (sur BBO ou en pr\u00e9sentiel), avec rapport \u00e9crit<\/li>\n<\/ul>\n<p>Enseignement en pr\u00e9sentiel :\u00a0<\/p>\n<ul>\n<li>Initiation 1\u00e8re ann\u00e9e au BCGA , les lundis matins<\/li>\n<li>Atelier Jeu de la Carte au BCGA, les jeudis matins<\/li>\n<li>Perfectionnement 1\u00e8re ann\u00e9e (Parcours Bridge) au Divonne BC, les vendredis matins<br \/>\u00a0(paiement des polys FFB du semestre 1: cliquez sur <a href=\"https:\/\/buy.stripe.com\/cN215UeaA68feQM8ww\"><strong>LIEN<\/strong><\/a>)<\/li>\n<li>Cours de comp\u00e9tition (cours collectifs, coaching individuel, coaching de paires)<\/li>\n<\/ul>\n<p>Le contacter directement : par m\u00e9l jh.favre74 @ gmail.com, par whatsapp\/sms 06.23.78.07.42\u00a0<\/p>\n","protected":false},"excerpt":{"rendered":"","protected":false},"author":4,"featured_media":0,"parent":0,"menu_order":0,"comment_status":"closed","ping_status":"closed","template":"","meta":{"footnotes":""},"class_list":["post-1412","page","type-page","status-publish","hentry","nodate","item-wrap"],"_links":{"self":[{"href":"http:\/\/bcga74.fr\/accueil\/wp-json\/wp\/v2\/pages\/1412","targetHints":{"allow":["GET"]}}],"collection":[{"href":"http:\/\/bcga74.fr\/accueil\/wp-json\/wp\/v2\/pages"}],"about":[{"href":"http:\/\/bcga74.fr\/accueil\/wp-json\/wp\/v2\/types\/page"}],"author":[{"embeddable":true,"href":"http:\/\/bcga74.fr\/accueil\/wp-json\/wp\/v2\/users\/4"}],"replies":[{"embeddable":true,"href":"http:\/\/bcga74.fr\/accueil\/wp-json\/wp\/v2\/comments?post=1412"}],"version-history":[{"count":24,"href":"http:\/\/bcga74.fr\/accueil\/wp-json\/wp\/v2\/pages\/1412\/revisions"}],"predecessor-version":[{"id":4439,"href":"http:\/\/bcga74.fr\/accueil\/wp-json\/wp\/v2\/pages\/1412\/revisions\/4439"}],"wp:attachment":[{"href":"http:\/\/bcga74.fr\/accueil\/wp-json\/wp\/v2\/media?parent=1412"}],"curies":[{"name":"wp","href":"https:\/\/api.w.org\/{rel}","templated":true}]}}